{"id":1024,"date":"2017-11-24T16:04:41","date_gmt":"2017-11-24T16:04:41","guid":{"rendered":"http:\/\/qfm.uc.pt\/?page_id=1024"},"modified":"2026-01-16T16:07:49","modified_gmt":"2026-01-16T16:07:49","slug":"joanamarques","status":"publish","type":"page","link":"https:\/\/qfm.uc.pt\/index.html\/language\/en\/joanamarques\/","title":{"rendered":"Joana Marques"},"content":{"rendered":"<p><img loading=\"lazy\" decoding=\"async\" class=\"alignleft wp-image-4533\" src=\"https:\/\/qfm.uc.pt\/wp-content\/uploads\/2024\/08\/JM.jpg\" alt=\"\" width=\"200\" height=\"200\" srcset=\"https:\/\/qfm.uc.pt\/wp-content\/uploads\/2024\/08\/JM.jpg 300w, https:\/\/qfm.uc.pt\/wp-content\/uploads\/2024\/08\/JM-150x150.jpg 150w, https:\/\/qfm.uc.pt\/wp-content\/uploads\/2024\/08\/JM-90x90.jpg 90w, https:\/\/qfm.uc.pt\/wp-content\/uploads\/2024\/08\/JM-100x100.jpg 100w\" sizes=\"auto, (max-width: 200px) 100vw, 200px\" \/><\/p>\n<p style=\"text-align: justify;\"><b>Joana Marques\u00a0<\/b>is a Biomedical Engineer by the University of Coimbra and holds a PhD in Chemistry by the University of Aveiro. She is a researcher at &#8220;Unidade de I&amp;D Qu\u00edmica-F\u00edsica Molecular&#8221; (University of Coimbra) and is currently enrolled in the <a href=\"http:\/\/qfm.uc.pt\/projects\/pinewallen\/\" data-wplink-url-error=\"true\">PineWALL<\/a> project. Her activity is mainly focused on the development of new platinum and palladium based anticancer drugs.<\/p>\n<hr \/>\n<table style=\"border-color: #ffffff; width: 712px; height: 114px;\">\n<tbody>\n<tr>\n<td style=\"width: 318px; border-color: #ffffff; height: 29px; vertical-align: top;\"><b>Address<\/b><br \/>\nDepartamento de Qu\u00edmica<br \/>\nFaculdade de Ci\u00eancias e Tecnologia<br \/>\nUniversidade de Coimbra<br \/>\n3004-535 Coimbra<\/td>\n<td style=\"width: 237px; border-color: #ffffff; height: 29px; vertical-align: top;\"><b>E-mail<\/b><br \/>\n<a href=\"mailto:marques.jt@uc.pt\">marques.jt@uc.pt<\/a><br \/>\n<b>Telephone<\/b><br \/>\n+351 239 852 084<\/td>\n<td style=\"width: 21.8487%; border-color: #ffffff; height: 29px; vertical-align: top;\"><a href=\"https:\/\/orcid.org\/0000-0002-7333-9158\" target=\"_blank\" rel=\"noopener\">ORCID ID<\/a><br \/>\n<a href=\"https:\/\/www.webofscience.com\/wos\/author\/record\/475221\" target=\"_blank\" rel=\"noopener\">ResearcherID<\/a><br \/>\n<a href=\"https:\/\/www.scopus.com\/authid\/detail.uri?authorId=26023362400\" target=\"_blank\" rel=\"noopener\">Scopus ID\u00a0<\/a><br \/>\n<a href=\"https:\/\/www.researchgate.net\/profile\/Joana_Marques7\">ResearchGate<\/a><br \/>\n<a href=\"https:\/\/www.cienciavitae.pt\/\/DD1D-970E-CB8C\">Ci\u00eancia Vitae<\/a><br \/>\n<a href=\"https:\/\/pt.linkedin.com\/in\/joana-marques-a3577016\" target=\"_blank\" rel=\"noopener\">LinkedIn<\/a><\/td>\n<\/tr>\n<\/tbody>\n<\/table>\n<hr \/>\n<p><b>Publications<\/b><\/p>\n<p><a href=\"https:\/\/doi.org\/10.1039\/D5DT01835H\">Palladium(II) Anticancer Agents: The Intricate Case of the Pd-Spermine Complex<\/a><br \/>\nJ.A.V. Santos, M.M. F\u00e9lix, C.B. Martins, J. Marques, M.P.M. Marques, L.A.E. Batista de Carvalho<br \/>\nDalton Transactions, <strong>54 (42)<\/strong>,15754-15764 (2025)<\/p>\n<p><a href=\"https:\/\/doi.org\/10.3390\/ph18121889\">A Spectrochemically Driven Study: Identifying Phenolic-Rich Extracts from Helichrysum stoechas, Lavandula pedunculata, and Thymus mastichina with Potential to Revert Skin Aging Effects\u00a0<\/a><br \/>\nM.P. Marques, E. Landim, C. Varela, R.M.F. da Costa, J. Marques, L.A.E. Batista de Carvalho, A. Silva, M.T. Cruz, R. Andr\u00e9, P. Rijo<br \/>\nPharmaceuticals <strong>18 (12)<\/strong>, 1889 (2025)<\/p>\n<p><a href=\"https:\/\/doi.org\/10.3390\/cosmetics11050180\">Development of a Topical Cream from the Ethanolic of Agave sisalana Residues with Anti-Inflammatory and Analgesic Properties<\/a><br \/>\nJ.A.R. Fracasso, M.E. Takahashi, L.T.S. da Costa, D.B. Barbosa, B.A. Soares, W.R. Pereira Martins, N.A. Zoppe, J. Marques, M.P.M. Marques, A.M. da Silva, M.J. Barroca, V.F. Ximenes, J.T. Ribeiro-Paes, L. dos Santos<br \/>\nCosmetics <strong>11<\/strong>, 180 (2024)<\/p>\n<p><a href=\"https:\/\/doi.org\/10.1038\/s41598-024-67386-y\">Synchrotron Nano-FTIR Spectroscopy for Probing Anticancer Drugs at Subcellular Scale<\/a><br \/>\nL.A.E. Batista de Carvalho, G. Cinque, A.L.M. Batista de Carvalho, J. Marques, M.D. Fogley, H. Vondracek, M.P.M. Marques<br \/>\nScientific Reports <strong>14<\/strong>, 17166 (2024)<\/p>\n<p><a href=\"https:\/\/www.mdpi.com\/2076-3921\/12\/2\/536\">Antioxidant Potential of Tamarillo Fruits\u2014Chemical and Infrared Spectroscopy Analysis<\/a><br \/>\nM. Rito, J. Marques, R.M.F. da Costa, S. Correia, T. Lopes, D. Mart\u00edn, J.M.P.L. Canhoto, L.A.E. Batista de Carvalho, M.P.M. Marques<br \/>\nAntioxidants <strong>12(2)<\/strong>, 536 (2023)<\/p>\n<p><a href=\"https:\/\/www.mdpi.com\/1420-3049\/28\/4\/1698\">A Non-Conventional Platinum Drug against a Non-Small Cell Lung Cancer Line<\/a><br \/>\nJ.D. Silva, J. Marques, I.P. Santos, A.L.M. Batista de Carvalho, C.B. Martins, R.C. Laginha, L.A.E. Batista de Carvalho, M.P.M. Marques<br \/>\nMolecules <strong>28(4)<\/strong>, 1698 (2023)<\/p>\n<p><a href=\"https:\/\/doi.org\/10.3390\/ijms24031888\">Evaluation of the Cytotoxic Effect of Pd<sub>2<\/sub>Spm against Prostate Cancer through Vibrational Microspectroscopies<\/a><br \/>\nR.C. Laginha, C.B. Martins, A.L.C. Brand\u00e3o, J. Marques, M.P.M. Marques, L.A.E. Batista de Carvalho, I.P. Santos, A.L.M. Batista de Carvalho<br \/>\nInternational Journal of Molecular Sciences <strong>24(3)<\/strong>, 1888 (2023)<\/p>\n<p><a href=\"http:\/\/dx.doi.org\/10.1021\/acsbiomedchemau.2c00007\">Synergetic Antimicrobial Activity and Mechanism of Clotrimazole-Linked CO-Releasing Molecules<\/a><br \/>\nS.S. Mendes, J. Marques, E. Mesterh\u00e1zy, J. Straetener, M. Arts, T. Pissarro, J. Reginold, A. Berscheid, J.<br \/>\nBornikoel, R.M. Kluj, C. Mayer, F. Oesterhelt, S. Fri\u00e3es, B. Royo, T. Schneider, H. Br\u00f6tz-Oesterhelt, C.C.<br \/>\nRom\u00e3o, L.M. Saraiva<br \/>\nACS Bio &amp; Med Chem Au <strong>2(4)<\/strong>, 419\u2013436 (2022)<\/p>\n<p><a href=\"http:\/\/dx.doi.org\/10.3390\/plants10091761\">Novel Insights into <em>Corema album<\/em> Berries: Vibrational Profile and Biological Activity<\/a><br \/>\nJ. Marques, D. Mart\u00edn, A.M. Amado, V. Lysenko, N. Os\u00f3rio, L.A.E. Batista de Carvalho, M.P.M. Marques,<br \/>\nM.J. Barroca, A. Moreira da Silva<br \/>\nPlants <strong>10(9)<\/strong>, 1761 (2021)<\/p>\n<p><a href=\"https:\/\/www.mdpi.com\/2076-3417\/11\/17\/7860\">Sea Purslane as an Emerging Food Crop: Nutritional and Biological Studies<\/a><br \/>\nA. Pires, S. Agreira, S. Ressurrei\u00e7\u00e3o, J. Marques, R. Guin\u00e9, M.J. Barroca, A. Moreira da Silva<br \/>\nApplied Sciences <strong>11(17)<\/strong>, 7860 (2021)<\/p>\n<p><a href=\"http:\/\/dx.doi.org\/10.1016\/j.bpj.2021.06.012\">Metallodrug-Protein Interaction Probed by Synchrotron Terahertz and Neutron Scattering Spectroscopy<\/a><br \/>\nL.A.E. Batista de Carvalho, A.P. Mamede, A.L.M. Batista de Carvalho, J. Marques, G. Cinque, S. Rudic,<br \/>\nM.P.M.<br \/>\nBiophysical Journal <strong>120(15)<\/strong>, 3070\u20133078 (2021)<\/p>\n<p><a href=\"http:\/\/dx.doi.org\/10.1002\/jrs.5775\">Shedding light into the health-beneficial properties of <em>Corema album<\/em>\u2014A vibrational spectroscopy study<\/a><br \/>\nD. Mart\u00edn, J. Marques, A.M. Amado, M.J. Barroca, A. Moreira da Silva, L.A.E. Batista de Carvalho,<br \/>\nM.P.M. Marques<br \/>\nJournal of Raman Spectroscopy <strong>51(2)<\/strong>, 313\u2013322 (2020)<\/p>\n<p><a href=\"http:\/\/dx.doi.org\/10.1021\/acsbiomaterials.9b01936\">Improving the Anti-inflammatory Response via Gold Nanoparticle Vectorization of CO-Releasing<\/a><br \/>\nMolecules<br \/>\nA.R. Fernandes, I. Mendon\u00e7a-Martins, M.F.A. Santos, L.R. Raposo, R. Mendes, J. Marques, C.C.<br \/>\nRom\u00e3o, M.J. Rom\u00e3o, T. Santos-Silva, P.V. Baptista<br \/>\nACS Biomaterials Science &amp; Engineering <strong>6(2)<\/strong>, 1090\u20131101 (2020)<\/p>\n<p><a href=\"http:\/\/dx.doi.org\/10.1128\/aac.00643-19\">Metabolomics of <em>Escherichia coli<\/em> Treated with the Antimicrobial Carbon Monoxide-Releasing Molecule<\/a><br \/>\nCORM-3 Reveals Tricarboxylic Acid Cycle as Major Target<br \/>\nS.M. Carvalho, J. Marques, C.C. Rom\u00e3o, L. Saraiva<br \/>\nAntimicrobial Agents and Chemotherapy <strong>63(10)<\/strong>, e00643\u201319 (2019)<\/p>\n<p><a href=\"https:\/\/reader.elsevier.com\/reader\/sd\/pii\/S0020169318312982?token=8699B0E7CC7CF354F72E340B0B138D6CF671E32B3008BAD30E6651F195F9195D30278768E508A61F718E9CD7950DCC98\" target=\"_blank\" rel=\"noopener noreferrer\">Ruthenium(II) Trithiacyclononane Complexes of 7,3\u2019,4\u2019-Trihydroxyflavone, Chrysin and Tectochrysin: Synthesis, Characterisation, and Cytotoxic Evaluation<\/a><br \/>\nJ. Marques, A.M.S. Silva, M.P.M. Marques, S. Braga<br \/>\nInorganica Chimica Acta <strong>488<\/strong>, 71\u201379 (2019)<\/p>\n<p><a href=\"https:\/\/link.springer.com\/article\/10.1007\/s11696-016-0117-0\">Supramolecular Adducts of Native and Permethylated \u03b2-Cyclodextrins with (2,2\u2032-di-Pyridylamine)chlorido(1,4,7-trithiacyclononane)ruthenium(II) Chloride: Solid-state and Biological Activity Studies<\/a><br \/>\nS.S. Braga, J. Marques, J.A. Fernandes, F.A. Almeida Paz, M.P.M. Marques, T.M. Santos, A.M.S. Silva<br \/>\nChemical Papers <strong>71(7)<\/strong>, 1235\u20131248 (2017)<\/p>\n<p><a href=\".\/..\/wp-content\/uploads\/2019\/08\/Marques_14.pdf\">Ru(II) Trithiacyclononane 5-(2-hydroxyphenyl)-3[(4-methoxystyryl)pyrazole], a Complex with Facile Synthesis and High Cytotoxicity Against PC-3 and MDA-MB-231 Cells<\/a><br \/>\nJ. Marques, V.L.M. Silva, A.M.S. Silva, M.P.M. Marques, S.S. Braga<br \/>\nComplex Metals <strong>1<\/strong>, 7\u201312 (2014)<\/p>\n<p><a href=\".\/..\/wp-content\/uploads\/2017\/07\/Biometals_14.pdf\">Carriers for Metal Complexes on Tumour Cells: the Effect of Cyclodextrins vs CNTs on the Model Guest Phenanthroline-5,6-dione Trithiacyclononane Ruthenium Chloride<\/a><br \/>\nS.S. Braga, J. Marques, E. Heister, C.V. Diogo, P.J. Oliveira, F.A. Almeida Paz, T.M. Santos, M.P.M. Marques<br \/>\nBioMetals <b>27(3)<\/b>, 507\u2013525 (2014)<\/p>\n<p><a href=\".\/..\/wp-content\/uploads\/2017\/07\/JCC_12_2489.pdf\">Isolation, Crystal Structure and Cytotoxicity on Osteosarcoma of a Ruthenium(III) Complex with Coordinated Acetonitrile<\/a><br \/>\nJ. Marques, J.A. Fernandes, F.A. Almeida Paz, M.P.M. Marques, S.S. Braga<br \/>\nJournal of Coordination Chemistry <b>65(14)<\/b>, 2489\u20132499 (2012)<\/p>\n<p><a href=\".\/..\/wp-content\/uploads\/2017\/07\/Acta_Cryst_11_C67.pdf\">Arcyriaflavin A Monohydrate<\/a><br \/>\nJ.A. Fernandes, F.A. Almeida Paz, J. Marques, M.P.M. Marques, S.S. Braga<br \/>\nActa Crystallographica Section C <b>67(2)<\/b>, o57\u2013o59 (2011)<\/p>\n<p><a href=\".\/..\/wp-content\/uploads\/2017\/07\/EJIC_11_4955.pdf\">Structural Studies and Cytotoxicity of Trimethyl(ferrocenylmethyl)ammonium Iodide Encapsulated in \u03b2-Cyclodextrin<\/a><br \/>\nS.M. Bruno, J.A. Fernandes, J. Marques, S.C. Neto, P.J. Ribeiro-Claro, M. Pillinger, F.A. Almeida Paz, M.P.M. Marques, S.S. Braga, I.S. Gon\u00e7alves<br \/>\nEuropean Journal of Inorganic Chemistry <b>2011(32)<\/b>, 4955\u20134963 (2011)<\/p>\n<p><a href=\".\/..\/wp-content\/uploads\/2017\/07\/JPR_10_9.pdf\">Nuclear Magnetic Resonance (NMR) Study of the Effect of Cisplatin on the Metabolic Profile of MG-63 Osteosarcoma Cells<\/a><br \/>\nI.F. Duarte, I. Lamego, J. Marques, M.P.M. Marques, B.J. Blaise, A.M. Gil<br \/>\nJournal of Proteome Research <b>9(11)<\/b>, 5877\u20135886 (2010)<\/p>\n<p><a href=\"https:\/\/doi.org\/10.1039\/B915839A\">A Glycine Ruthenium Trithiacyclononane Complex and its Molecular Encapsulation Using Cyclodextrins<\/a><br \/>\nJ.T. Marques, A.M. Gil, T.M. Santos, M.P.M. Marques and S.S. Braga<br \/>\nDalton Transactions <b>44<\/b>, 9812\u20139819 (2009)<\/p>\n<p><a href=\"https:\/\/doi.org\/10.1021\/ac900545q\">Analytical Approaches Towards Successful Human Cell Metabolome Studies by NMR Spectroscopy<\/a><br \/>\nI.F. Duarte, J. Marques, A.F. Ladeirinha, C. Rocha, I. Lamego, R. Calheiros, T.M. Silva, M.P.M. Marques, J.B. Melo, I.M. Carreira, A.M. Gil<br \/>\nAnalytical Chemistry <strong>81(12)<\/strong>, 5023\u20135032 (2009)<\/p>\n<p><a href=\"https:\/\/doi.org\/10.1007\/s10534-009-9211-x\">Cyclodextrins improve the antimicrobial activity of the chloride salt of Ruthenium(II) chloro-phenanthroline-trithiacyclononane<\/a><br \/>\nJ. Marques, T.M. Braga, F.A. Almeida Paz, T.M. Santos, M.F.S. Lopes, S.S. Braga<br \/>\nBioMetals <strong>22<\/strong>, 541\u2013556 (2009)<\/p>\n<p><a href=\"https:\/\/doi.org\/10.1016\/j.jorganchem.2008.06.023\">Structural studies on supramolecular adducts of cyclodextrins with the complex [Ru([9]aneS<sub>3<\/sub>)(bpy)Cl]Cl<\/a><br \/>\nJ. Marques, L. Anjo, M.P.M. Marques, T.M. Santos, F.A.A. Paz, S.S. Braga<br \/>\nJournal of Organometallic Chemistry <b>693(18)<\/b>, 3021\u20133028 (2008)<\/p>\n","protected":false},"excerpt":{"rendered":"<p>Joana Marques\u00a0is a Biomedical Engineer by the University of Coimbra and holds a PhD in Chemistry by the University of Aveiro. She is a researcher at &#8220;Unidade de I&amp;D Qu\u00edmica-F\u00edsica Molecular&#8221; (University of Coimbra) and is currently enrolled in the PineWALL project. Her activity is mainly focused on the development of new platinum and palladium [&hellip;]<\/p>\n","protected":false},"author":1,"featured_media":0,"parent":0,"menu_order":0,"comment_status":"closed","ping_status":"closed","template":"","meta":{"footnotes":""},"class_list":["post-1024","page","type-page","status-publish","hentry"],"_links":{"self":[{"href":"https:\/\/qfm.uc.pt\/index.html\/wp-json\/wp\/v2\/pages\/1024","targetHints":{"allow":["GET"]}}],"collection":[{"href":"https:\/\/qfm.uc.pt\/index.html\/wp-json\/wp\/v2\/pages"}],"about":[{"href":"https:\/\/qfm.uc.pt\/index.html\/wp-json\/wp\/v2\/types\/page"}],"author":[{"embeddable":true,"href":"https:\/\/qfm.uc.pt\/index.html\/wp-json\/wp\/v2\/users\/1"}],"replies":[{"embeddable":true,"href":"https:\/\/qfm.uc.pt\/index.html\/wp-json\/wp\/v2\/comments?post=1024"}],"version-history":[{"count":6,"href":"https:\/\/qfm.uc.pt\/index.html\/wp-json\/wp\/v2\/pages\/1024\/revisions"}],"predecessor-version":[{"id":4829,"href":"https:\/\/qfm.uc.pt\/index.html\/wp-json\/wp\/v2\/pages\/1024\/revisions\/4829"}],"wp:attachment":[{"href":"https:\/\/qfm.uc.pt\/index.html\/wp-json\/wp\/v2\/media?parent=1024"}],"curies":[{"name":"wp","href":"https:\/\/api.w.org\/{rel}","templated":true}]}}