{"id":1029,"date":"2017-11-24T16:12:03","date_gmt":"2017-11-24T16:12:03","guid":{"rendered":"http:\/\/qfm.uc.pt\/?page_id=1029"},"modified":"2024-01-09T17:58:07","modified_gmt":"2024-01-09T17:58:07","slug":"nadiaosorio","status":"publish","type":"page","link":"https:\/\/qfm.uc.pt\/index.html\/language\/en\/nadiaosorio\/","title":{"rendered":"N\u00e1dia Os\u00f3rio"},"content":{"rendered":"<p><img loading=\"lazy\" decoding=\"async\" class=\"alignleft wp-image-3389\" src=\"http:\/\/192.168.10.13\/~qfm\/wp-content\/uploads\/2024\/01\/nadia_osorio-1-300x300.png\" alt=\"\" width=\"200\" height=\"200\" srcset=\"https:\/\/qfm.uc.pt\/wp-content\/uploads\/2024\/01\/nadia_osorio-1-300x300.png 300w, https:\/\/qfm.uc.pt\/wp-content\/uploads\/2024\/01\/nadia_osorio-1-150x150.png 150w, https:\/\/qfm.uc.pt\/wp-content\/uploads\/2024\/01\/nadia_osorio-1-768x768.png 768w, https:\/\/qfm.uc.pt\/wp-content\/uploads\/2024\/01\/nadia_osorio-1-90x90.png 90w, https:\/\/qfm.uc.pt\/wp-content\/uploads\/2024\/01\/nadia_osorio-1-100x100.png 100w, https:\/\/qfm.uc.pt\/wp-content\/uploads\/2024\/01\/nadia_osorio-1.png 800w\" sizes=\"auto, (max-width: 200px) 100vw, 200px\" \/><\/p>\n<p style=\"text-align: justify;\"><b>N\u00e1dia Os\u00f3rio <\/b>has a PhD in Biology (specialisation in Microbiology) from University of Aveiro (UA). She is an Auxiliar Professor at the Coimbra Health School of the Polytechnic Institute of Coimbra and Researcher at Unidade de I&amp;D Qu\u00edmica-F\u00edsica Molecular of the University of Coimbra.<\/p>\n<hr \/>\n<table style=\"width: 746px; border-color: #ffffff; background-color: #ffffff; height: 151px;\">\n<tbody>\n<tr style=\"height: 7px;\">\n<td style=\"width: 353px; height: 29px; border-color: #ffffff; background-color: #ffffff; vertical-align: top;\"><b>Address<\/b><br \/>\nDepartamento de Farm\u00e1cia<br \/>\nEscola Superior de Tecnologia da Sa\u00fade de Coimbra<br \/>\nRua 5 de Outubro S. Martinho do Bispo<br \/>\nApartado 7006<br \/>\n3040-854 Coimbra<\/td>\n<td style=\"border-color: #ffffff; background-color: #ffffff; width: 280px; height: 7px; vertical-align: top;\"><b>E-mail<\/b><br \/>\n<a href=\"mailto:nadia.osorio@estescoimbra.pt\">nadia.osorio@estescoimbra.pt<\/a><br \/>\n<b>Telephone<\/b><br \/>\n+351 239 802 430<\/td>\n<td style=\"width: 21.8487%; border-color: #ffffff; height: 29px; vertical-align: top;\"><a href=\"https:\/\/orcid.org\/0000-0001-9559-2165\" target=\"_blank\" rel=\"noopener\">ORCID ID<\/a><br \/>\n<a href=\"http:\/\/www.webofscience.com\/wos\/author\/record\/FZQ-4493-2022\" target=\"_blank\" rel=\"noopener\">ResearcherID<\/a><br \/>\n<a href=\"https:\/\/www.scopus.com\/authid\/detail.uri?authorId=57188973499\" target=\"_blank\" rel=\"noopener\">Scopus ID\u00a0<\/a><br \/>\n<a href=\"https:\/\/www.researchgate.net\/profile\/Nadia_Osorio2\">ResearchGate<\/a><br \/>\n<a href=\"https:\/\/www.cienciavitae.pt\/271E-2D9B-E7F3\">Ci\u00eancia Vitae<\/a><br \/>\n<a href=\"https:\/\/pt.linkedin.com\/in\/n\u00e1dia-os\u00f3rio-b75b7b40\" target=\"_blank\" rel=\"noopener\">LinkedIn<\/a><\/td>\n<\/tr>\n<\/tbody>\n<\/table>\n<hr \/>\n<p style=\"text-align: justify;\"><b>Publications<\/b><\/p>\n<p><a href=\"https:\/\/doi.org\/10.3390\/foods11182888\">Randomized Pilot Study on the Effects of Sarcocornia as a Salt Substitute in Arterial Blood Pressure and Vascular Function in Healthy Young Adults<\/a><br \/>\nT. Pereira, A.T. Caldeira, A. Caseiro, N. Os\u00f3rio, A.M. da Silva, M.J. Barroca<br \/>\nFoods <strong>11(18)<\/strong>, 2888 (2022)<\/p>\n<p><a href=\"https:\/\/doi.org\/10.3390\/plants10091761\">Novel Insights into <em>Corema album<\/em> Berries: Vibrational Profile and Biological Activity<\/a><br \/>\nJ. Marques, D. Martin, A.M. Amado, V. Lysenko, N. Os\u00f3rio, L.A.E. Batista de Carvalho, M.P.M. Marques, M.J. Barroca, A. Moreira da Silva<br \/>\nPlants <strong>10(9)<\/strong>, 1761 (2021)<\/p>\n<p><a href=\"https:\/\/doi.org\/10.1093\/eurpub\/ckaa040.057\">Respiratory infections caused by Haemophilus influenzae \u03b2-lactamase positive carrying blaTEM gene<\/a><br \/>\nJ. Val\u00e9rio, H. Ferreira, C. Chaves, F. Rodrigues, N. Os\u00f3rio<br \/>\nEuropean Journal of Public Health <strong>30(2)<\/strong>, ckaa040.057 (2020)<\/p>\n<p><a href=\"https:\/\/doi.org\/10.22354\/in.v24i2.839\">Tourniquets used in peripheral venipuncture as a potential vehicle for transmission of microorganisms: Scoping review<\/a><br \/>\nA. Salgueiro-Oliveira, V. Oliveira, P. Costa, F. Gama, J. Graveto, P. Parreira, N. Os\u00f3rio<br \/>\nInfectio <strong>24(2)<\/strong>, 92\u201397 (2020)<\/p>\n<p><a href=\"https:\/\/doi.org\/10.19080\/JCMAH.2020.11.555810\">Bioanalytical approach-ageing, exercise and oxidative stress<\/a><br \/>\nA. Valado, D. Lopes, N. Os\u00f3rio, A. Caseiro, J. Figueiredo, C. Patr\u00edcio, M.P. Pacheco, G.J. Oostingh, A.J.S. Gabriel<br \/>\nJournal of Complementary Medicine and Alternative Health <strong>11(1)<\/strong>, 45\u201349 (2020)<\/p>\n<p><a href=\"https:\/\/doi.org\/10.1016\/j.chemosphere.2019.124613\">Sulfamethoxazole exposure to simulated solar radiation under continuous flow mode: degradation and antibacterial activity<\/a><br \/>\nC.P. Silva, C. Oliveira, A. Ribeiro, N. Os\u00f3rio, M. Otero, V.I. Esteves, D.L.D. Lima<br \/>\nChemosphere <strong>238<\/strong>, 124613 (2020)<\/p>\n<p><a href=\"https:\/\/doi.org\/10.12707\/RIV19006\">Nurses\u2019 peripheral intravenous catheter-related practices: A descriptive study<\/a><br \/>\nA.S.S. Oliveira, P.J.S. Costa, J.M.G.N. Graveto, F.J.G. Costa, N. Os\u00f3rio, A.S.T.C. Cosme, P.M.D. Parreira<br \/>\nRevista de Enfermagem Refer\u00eancia Ser <strong>IV(21)<\/strong>, 111-120 (2019)<\/p>\n<p><a href=\"https:\/\/doi.org\/10.3390\/ijerph16183301\">Impact of an innovative securement dressing and tourniquet in peripheral intravenous catheter-related complications and contamination: An interventional study<\/a><br \/>\nP. Parreira, B. Serambeque, P.S. Costa, L.S. M\u00f3nico, V. Oliveira, L.B. Sousa, F. Gama, R.A. Bernardes, D. Adriano, I.A. Marques, L.M. Braga, J. Graveto, N. Os\u00f3rio, A. Salgueiro-Oliveira<br \/>\nInternational Journal of Environmental Research and Public Health <strong>16(18)<\/strong>, 3301 (2019)<\/p>\n<p><a href=\"https:\/\/doi.org\/10.3390\/jmse7070220\">Extraction and analysis of compounds with antibacterial potential from the red alga<em> Grateloupia turuturu<\/em><\/a><br \/>\nI. Cardoso, J. Cotas, A. Rodrigues, D. Ferreira, N. Os\u00f3rio, L. Pereira<br \/>\nJournal of Marine Science and Engineering <strong>7(7)<\/strong>, 220 (2019)<\/p>\n<p><a href=\"https:\/\/doi.org\/10.12707\/RIV17104\">Potencial de contamina\u00e7\u00e3o de garrotes na pun\u00e7\u00e3o venosa perif\u00e9rica de utentes: protocolo de scoping review<\/a><br \/>\nA.S.S. Oliveira, J. Graveto, N. Os\u00f3rio, P.J.S. Costa, V. Oliveira, F. Costa, P. Parreira<br \/>\nRevista de Enfermagem Refer\u00eancia Ser <strong>IV(17)<\/strong>, 143\u2013148 (2018)<\/p>\n<p><a href=\"https:\/\/doi.org\/10.1590\/0034-7167-2017-0538\">Hand hygiene management among nurses: collective health challenges<\/a><br \/>\nJ.M. Graveto, C. Santos, P.S. Costa, E. Fernandes, S. Alarico, N. Os\u00f3rio, H. Albano, V. Oliveira<br \/>\nRevista Brasileira de Enfermagem <strong>71(Suppl 1)<\/strong> (2018)<\/p>\n<p><a href=\"https:\/\/doi.org\/10.3390\/antibiotics7010021\">Protein expression modifications in phage-resistant mutants of <em>Aeromonas salmonicida<\/em> after AS-A phage treatment<\/a><br \/>\nC. Moreirinha, N. Os\u00f3rio, C. Pereira, S. Sim\u00f5es, I. Delgadillo, A. Almeida<br \/>\nAntibiotics <strong>7(1)<\/strong>, 21 (2018)<\/p>\n<p><a href=\"https:\/\/doi.org\/10.1016\/j.biocontrol.2017.01.003\">Trichoderma harzianum T1A constitutively secretes proteins involved in the biological control of Guignardia citricarpa<\/a><br \/>\nF. Blauth de Lima, C. F\u00e9lix, N. Os\u00f3rio, A. Alves, R. Vitorino, P. Domingues, R.T. da Silva Ribeiro, A.C. Esteves<br \/>\nBiological Control <strong>106<\/strong>, 99\u2013109 (2017)<\/p>\n<p><a href=\"http:\/\/qfm.uc.pt\/wp-content\/uploads\/2017\/08\/Caseiro_2017.pdf\">Matrix 1 and 9 metalloproteinases and their tissue inhibitor as potential biomarkers of the influence of physical exercise combined with statin therapy at muscle level<\/a><br \/>\nA. Caseiro, C. Rosa, B. Sozinho, S. Gra\u00e7a, T. Almeida, N. Os\u00f3rio, J.P. Figueiredo, A. Valado, F. Mendes, A. Gabriel, A. Andr\u00e9<br \/>\nRevista de Ciencias de la Salud y Medicina\u00a0<strong>5(1)<\/strong>, 75\u201385 (2017)<\/p>\n<p><a href=\"http:\/\/qfm.uc.pt\/wp-content\/uploads\/2017\/08\/Jesus_2016.pdf\">Prevalence of antibodies to a new histo-blood system: the FORS system<\/a><br \/>\nC. Jesus, C. Hesse, C. Rocha, N. Os\u00f3rio, A. Valado, A. Caseiro,\u00a0A. Gabriel, L. Svensson, A.R. Moslemi, W.A. Siba, M.A. Srour, C. Pereira, J. Tomaz, P. Teixeira, F. Mendes<br \/>\nBlood Transfusion <strong>24<\/strong>, 1\u20136 (2016)<\/p>\n<p><a href=\"http:\/\/qfm.uc.pt\/wp-content\/uploads\/2017\/08\/Raya_2016.pdf\" target=\"_blank\" rel=\"noopener\">Monitoring fetal maternal incompatibility, a retrospective study \u2013 In a Spanish population attending the Parc de Salut, Mar in Barcelona <\/a><br \/>\nM.R. Raya,\u00a0 P. Rup\u00e9rez, J. Estrela, N. Os\u00f3rio, A. Valado, A. Caseiro, A. Gabriel, M.L. Soques,\u00a0 F. Mendes<br \/>\nIJBLS\u00a0<strong>5(1)<\/strong>, 1\u20138 (2016)<\/p>\n<p><a href=\"http:\/\/qfm.uc.pt\/wp-content\/uploads\/2017\/08\/Mendon\u00e7a_2016.pdf\" target=\"_blank\" rel=\"noopener\">Health literacy and social behaviors: what relationship to sexually transmitted diseases among students?<\/a><br \/>\nV. Mendon\u00e7a, S. Antunes, I. Andrade, N. Os\u00f3rio, A. Valado, A. Caseiro, A. Gabriel, A.C. Martins, F. Mendes<br \/>\nIJBLS\u00a0<strong>5(1)<\/strong>, 9\u201317 (2016)<\/p>\n<p><a href=\"https:\/\/doi.org\/10.1016\/j.biocontrol.2016.04.009\">Secretome analysis of <em>Trichoderma atroviride<\/em> T17 biocontrol of <em>Guignardia citricarpa<\/em><\/a><br \/>\nF. Blauth de Lima, C. F\u00e9lix, N. Os\u00f3rio, A. Alves, R. Vitorino, P. Domingues, A. Correia, R.T. da Silva Ribeiro, A.C. Esteves<br \/>\nBiological Control <strong>99<\/strong>, 38\u201346 (2016)<\/p>\n<p><a href=\"http:\/\/qfm.uc.pt\/wp-content\/uploads\/2017\/08\/Rocha_2015.pdf\" target=\"_blank\" rel=\"noopener\">Urinary tract infections and blood groups: Do they relate?<\/a><br \/>\nD. Rocha, A. Silva, A. Pereira, A. Borges, E. Rodrigues, V. Mendon\u00e7a, N. Os\u00f3rio, A. Valado, A. Caseiro, A. Gabriel, F. Mendes<br \/>\nInternational Invention Journal of Medicine and Medical Sciences <strong>2(5)<\/strong>, 66\u201372 (2015)<\/p>\n<p><a href=\"http:\/\/qfm.uc.pt\/wp-content\/uploads\/2017\/08\/Santos_2015.pdf\">Hepatitis C infection, genotypes and frequency of interleukin-28B polymorphisms<\/a><br \/>\nC. Santos, C. Ferreira, E. Silva, C. Sargento, C. Pereira, C. Faria, C.S. Pereira, N. Os\u00f3rio, A. Valado, A. Caseiro, A. Gabriel, J. Tomaz, F. Mendes<br \/>\nLabmed <strong>10<\/strong>, 319-324 (2015)<\/p>\n<p><a href=\"http:\/\/qfm.uc.pt\/wp-content\/uploads\/2017\/08\/Gon\u00e7alves_2014.pdf\" target=\"_blank\" rel=\"noopener\">Prevalence of the Panton-Valentine Leukocidin in <em>Staphylococcus aureus<\/em> associated with Upper Respiratory Tract Infections<\/a><br \/>\nM. Gon\u00e7alves, D. Eira, R. Tom\u00e9, F. Mendes, A. Valado, A. Caseiro, A. Gabriel, N. Os\u00f3rio<br \/>\nInternational Journal of Medical Sciences\u00a0<strong>1(1)<\/strong>, 8\u201313 (2014)<\/p>\n<p><a href=\"http:\/\/qfm.uc.pt\/wp-content\/uploads\/2017\/08\/Ferreira_2014.pdf\">Quantification of regulatory T cells and TGF-\u03b2 expression in patients with Rheumatoid Arthritis<\/a><br \/>\nL. Ferreira, A. Paiva, J. Silva, N. Os\u00f3rio, A. Caseiro, A. Valado, A. Gabriel, F. Mendes<br \/>\nLabmed <strong>5<\/strong>, 179\u2013182 (2014)<\/p>\n<p><a href=\"http:\/\/qfm.uc.pt\/wp-content\/uploads\/2017\/08\/Ferreira_2013.pdf\" target=\"_blank\" rel=\"noopener\">Glutathione in multiple sclerosis<\/a><br \/>\nB. Ferreira, F. Mendes, N. Os\u00f3rio, A. Caseiro, A. Gabriel, A. Valado<br \/>\nBritish Journal of Biomedical Science <strong>70(2)<\/strong>, 75\u201379 (2013)<\/p>\n","protected":false},"excerpt":{"rendered":"<p>N\u00e1dia Os\u00f3rio has a PhD in Biology (specialisation in Microbiology) from University of Aveiro (UA). She is an Auxiliar Professor at the Coimbra Health School of the Polytechnic Institute of Coimbra and Researcher at Unidade de I&amp;D Qu\u00edmica-F\u00edsica Molecular of the University of Coimbra. Address Departamento de Farm\u00e1cia Escola Superior de Tecnologia da Sa\u00fade de [&hellip;]<\/p>\n","protected":false},"author":1,"featured_media":0,"parent":0,"menu_order":0,"comment_status":"closed","ping_status":"closed","template":"","meta":{"footnotes":""},"class_list":["post-1029","page","type-page","status-publish","hentry"],"_links":{"self":[{"href":"https:\/\/qfm.uc.pt\/index.html\/wp-json\/wp\/v2\/pages\/1029","targetHints":{"allow":["GET"]}}],"collection":[{"href":"https:\/\/qfm.uc.pt\/index.html\/wp-json\/wp\/v2\/pages"}],"about":[{"href":"https:\/\/qfm.uc.pt\/index.html\/wp-json\/wp\/v2\/types\/page"}],"author":[{"embeddable":true,"href":"https:\/\/qfm.uc.pt\/index.html\/wp-json\/wp\/v2\/users\/1"}],"replies":[{"embeddable":true,"href":"https:\/\/qfm.uc.pt\/index.html\/wp-json\/wp\/v2\/comments?post=1029"}],"version-history":[{"count":1,"href":"https:\/\/qfm.uc.pt\/index.html\/wp-json\/wp\/v2\/pages\/1029\/revisions"}],"predecessor-version":[{"id":3489,"href":"https:\/\/qfm.uc.pt\/index.html\/wp-json\/wp\/v2\/pages\/1029\/revisions\/3489"}],"wp:attachment":[{"href":"https:\/\/qfm.uc.pt\/index.html\/wp-json\/wp\/v2\/media?parent=1029"}],"curies":[{"name":"wp","href":"https:\/\/api.w.org\/{rel}","templated":true}]}}