{"id":1149,"date":"2017-12-03T13:19:58","date_gmt":"2017-12-03T13:19:58","guid":{"rendered":"http:\/\/qfm.uc.pt\/?page_id=1149"},"modified":"2024-01-22T11:03:48","modified_gmt":"2024-01-22T11:03:48","slug":"1149-2","status":"publish","type":"page","link":"https:\/\/qfm.uc.pt\/index.html\/","title":{"rendered":""},"content":{"rendered":"<table style=\"width: 100%; border-collapse: collapse; border-style: none;\">\n<tbody>\n<tr>\n<td style=\"width: 25%; border-style: none;\"><\/td>\n<td style=\"width: 25%; border-style: none;\"><\/td>\n<td style=\"width: 25%; border-style: none;\"><\/td>\n<td style=\"width: 25%; border-style: none;\"><\/td>\n<\/tr>\n<\/tbody>\n<\/table>\n<p><img loading=\"lazy\" decoding=\"async\" class=\"wp-image-3239 size-medium aligncenter\" src=\"http:\/\/192.168.10.13\/~qfm\/wp-content\/uploads\/2024\/01\/cropped-LOGO_slim-300x150.jpg\" alt=\"\" width=\"300\" height=\"150\" srcset=\"https:\/\/qfm.uc.pt\/wp-content\/uploads\/2024\/01\/cropped-LOGO_slim-300x150.jpg 300w, https:\/\/qfm.uc.pt\/wp-content\/uploads\/2024\/01\/cropped-LOGO_slim-1024x510.jpg 1024w, https:\/\/qfm.uc.pt\/wp-content\/uploads\/2024\/01\/cropped-LOGO_slim-768x383.jpg 768w, https:\/\/qfm.uc.pt\/wp-content\/uploads\/2024\/01\/cropped-LOGO_slim-765x380.jpg 765w, https:\/\/qfm.uc.pt\/wp-content\/uploads\/2024\/01\/cropped-LOGO_slim-201x100.jpg 201w, https:\/\/qfm.uc.pt\/wp-content\/uploads\/2024\/01\/cropped-LOGO_slim.jpg 1230w\" sizes=\"auto, (max-width: 300px) 100vw, 300px\" \/><\/p>\n<p style=\"text-align: justify;\">A Unidade de I&amp;D &#8220;Qu\u00edmica-F\u00edsica Molecular&#8221; \u2014 Universidade de Coimbra (QFM-UC) \u00e9 uma unidade interinstitucional\/multidisciplinar fundada em 1994, sob a supervis\u00e3o do Prof. Doutor Jos\u00e9 Teixeira Dias, e sedeada no Departamento de Qu\u00edmica, Faculdade de Ci\u00eancias e Tecnologia, <a href=\"http:\/\/www.uc.pt\" target=\"_blank\" rel=\"noopener\">Universidade de Coimbra<\/a>. Esta UID emergiu da linha de investiga\u00e7\u00e3o com o mesmo nome que, desde 1979, integrava o ex-Centro de Qu\u00edmica do INIC, e onde o Prof. Doutor Teixeira Dias fazia escola orientando seis teses de doutoramento, e na sequ\u00eancia do sucesso da candidatura ao Programa Ci\u00eancia (0029\/M\/90), que permitiu equipar, em 1992, o Laborat\u00f3rio de Espectroscopia Vibracional com aparelhagem topo de gama de elevada versatilidade.<br \/>\nA QFM-UC inclui o laborat\u00f3rio VIBIMA (<a href=\"http:\/\/qfm.uc.pt\/laboratorio-de-espetroscopia\/\">Laborat\u00f3rio de Espetroscopia Vibracional para Bioan\u00e1lise<\/a>), que \u00e9 um espa\u00e7o de excel\u00eancia no campo da espetroscopia vibracional \u00f3tica, constitu\u00eddo por equipamentos altamente vers\u00e1teis. Das suas infraestruturas fazem tamb\u00e9m parte laborat\u00f3rios para prepara\u00e7\u00e3o e carateriza\u00e7\u00e3o qu\u00edmica e de cultura celular. Este \u00faltimo, em particular, \u00e9 uma vantagem importante pois garante um acesso f\u00e1cil a dados complementares sobre os sistemas estudados, permitindo relacionar de forma consistente a estrutura molecular com a atividade biol\u00f3gica, promovendo assim uma excelente intera\u00e7\u00e3o entre m\u00e9todos da qu\u00edmica-f\u00edsica e abordagens biol\u00f3gicas muito raramente encontradas em Unidades de I&amp;D na \u00e1rea da Qu\u00edmica-F\u00edsica (espetroscopia).<br \/>\nA investiga\u00e7\u00e3o na QFM-UC, utilizando t\u00e9cnicas de espectroscopia vibracional como principal metodologia, est\u00e1 focada no estudo de varia\u00e7\u00f5es qu\u00edmicas e estruturais em amostras biol\u00f3gicas, provocadas por agentes quimiopreventivos ou quimioterap\u00eauticos, condi\u00e7\u00f5es patol\u00f3gicas ou mudan\u00e7as ambientais. Simultaneamente, alguns membros focam a sua investiga\u00e7\u00e3o nas \u00e1reas de Educa\u00e7\u00e3o em Ci\u00eancias e Hist\u00f3ria &amp; Filosofia das Ci\u00eancias.<br \/>\nA QFM-UC possui uma extensa rede de colabora\u00e7\u00f5es cient\u00edficas (nacional e internacional) e incentiva a mobilidade humana atrav\u00e9s de programas de coopera\u00e7\u00e3o internacional, especialmente para jovens investigadores graduados.<\/p>\n","protected":false},"excerpt":{"rendered":"<p>A Unidade de I&amp;D &#8220;Qu\u00edmica-F\u00edsica Molecular&#8221; \u2014 Universidade de Coimbra (QFM-UC) \u00e9 uma unidade interinstitucional\/multidisciplinar fundada em 1994, sob a supervis\u00e3o do Prof. Doutor Jos\u00e9 Teixeira Dias, e sedeada no Departamento de Qu\u00edmica, Faculdade de Ci\u00eancias e Tecnologia, Universidade de Coimbra. Esta UID emergiu da linha de investiga\u00e7\u00e3o com o mesmo nome que, desde 1979, [&hellip;]<\/p>\n","protected":false},"author":1,"featured_media":3220,"parent":0,"menu_order":0,"comment_status":"closed","ping_status":"closed","template":"page-templates\/menu-page.php","meta":{"footnotes":""},"class_list":["post-1149","page","type-page","status-publish","has-post-thumbnail","hentry"],"_links":{"self":[{"href":"https:\/\/qfm.uc.pt\/index.html\/wp-json\/wp\/v2\/pages\/1149","targetHints":{"allow":["GET"]}}],"collection":[{"href":"https:\/\/qfm.uc.pt\/index.html\/wp-json\/wp\/v2\/pages"}],"about":[{"href":"https:\/\/qfm.uc.pt\/index.html\/wp-json\/wp\/v2\/types\/page"}],"author":[{"embeddable":true,"href":"https:\/\/qfm.uc.pt\/index.html\/wp-json\/wp\/v2\/users\/1"}],"replies":[{"embeddable":true,"href":"https:\/\/qfm.uc.pt\/index.html\/wp-json\/wp\/v2\/comments?post=1149"}],"version-history":[{"count":6,"href":"https:\/\/qfm.uc.pt\/index.html\/wp-json\/wp\/v2\/pages\/1149\/revisions"}],"predecessor-version":[{"id":4159,"href":"https:\/\/qfm.uc.pt\/index.html\/wp-json\/wp\/v2\/pages\/1149\/revisions\/4159"}],"wp:featuredmedia":[{"embeddable":true,"href":"https:\/\/qfm.uc.pt\/index.html\/wp-json\/wp\/v2\/media\/3220"}],"wp:attachment":[{"href":"https:\/\/qfm.uc.pt\/index.html\/wp-json\/wp\/v2\/media?parent=1149"}],"curies":[{"name":"wp","href":"https:\/\/api.w.org\/{rel}","templated":true}]}}