{"id":1376,"date":"2018-03-13T21:23:58","date_gmt":"2018-03-13T21:23:58","guid":{"rendered":"http:\/\/qfm.uc.pt\/?page_id=1376"},"modified":"2018-03-13T21:23:58","modified_gmt":"2018-03-13T21:23:58","slug":"estudo-de-poliaminas-biogenicas-e-de-seus-complexos-metalicos","status":"publish","type":"page","link":"https:\/\/qfm.uc.pt\/index.html\/language\/en\/projects\/estudo-de-poliaminas-biogenicas-e-de-seus-complexos-metalicos\/","title":{"rendered":"Estudo de Poliaminas Biog\u00e9nicas e de seus Complexos Met\u00e1licos"},"content":{"rendered":"<p style=\"text-align: justify;\">As poliaminas est\u00e3o presentes em bact\u00e9rias, plantas e tecidos animais, e exercem importantes fun\u00e7\u00f5es biol\u00f3gicas, sendo essenciais nos processos de crescimento e diferencia\u00e7\u00e3o de c\u00e9lulas eucariotas. No entanto, a natureza dos mecanismos bioqu\u00edmicos segundo os quais elas actuam nos organismos vivos, levando a cabo fun\u00e7\u00f5es vitais (como, por exemplo, a reconhecida ac\u00e7\u00e3o anti-cancer\u00edgena de alguns dos seus complexos met\u00e1licos, atrav\u00e9s da interac\u00e7\u00e3o com o DNA), \u00e9 ainda desconhecida, e tem sido alvo de intensa investiga\u00e7\u00e3o nos \u00faltimos anos. N\u00e3o existem publicados, at\u00e9 \u00e0 data, quaisquer estudos ao n\u00edvel molecular, que permitam compreender as rela\u00e7\u00f5es estrutura\/actividade nestas mol\u00e9culas de t\u00e3o grande import\u00e2ncia biol\u00f3gica. Tal facto ser\u00e1 provavelmente consequ\u00eancia da elevada liberdade conformacional deste tipo de sistemas, e da interdepend\u00eancia existente entre os diversos efeitos devidos \u00e0 electronegatividade dos \u00e1tomos de nitrog\u00e9nio e \u00e0 presen\u00e7a dos respectivos pares de electr\u00f5es n\u00e3o partilhados.<br \/>\nO actual estudo visa colmatar esta lacuna. Para o conseguir, ser\u00e3o utilizados m\u00e9todos espectrosc\u00f3picos e c\u00e1lculos ab initio de orbitais moleculares, de modo a levar a cabo uma an\u00e1lise conformacional rigorosa das poliaminas biog\u00e9nicas putrescina (1,4-diaminobutano, H<sub>2<\/sub>N(CH<sub>2<\/sub>)<sub>4<\/sub>NH<sub>2<\/sub>), espermidina (H<sub>2<\/sub>N(CH<sub>2<\/sub>)<sub>3<\/sub>NH(CH<sub>2<\/sub>)<sub>4<\/sub>NH<sub>2<\/sub>) e espermina (H<sub>2<\/sub>N(CH<sub>2<\/sub>)<sub>3<\/sub>NH(CH<sub>2<\/sub>)<sub>4<\/sub>NH(CH<sub>2<\/sub>)<sub>3<\/sub>NH<sub>2<\/sub>), tanto nas amostras puras (l\u00edquidas ou s\u00f3lidas), como em solu\u00e7\u00e3o aquosa em fun\u00e7\u00e3o da temperatura e do pH. O seu comportamento na presen\u00e7a de i\u00f5es met\u00e1licos como a platina ou o pal\u00e1dio ser\u00e1 tamb\u00e9m estudado, e investigar-se-\u00e0 o efeito citot\u00f3xico destes complexos met\u00e1licos em diferentes linhas cancer\u00edgenas humanas (comparando-o com o das drogas actualmente em uso cl\u00ednico).<br \/>\nSer\u00e3o utilizadas as seguintes t\u00e9cnicas de espectroscopia vibracional: infravermelho com transformadas ndos livres como para os respectivos complexos met\u00e1licos, usando bases de fun\u00e7\u00f5es completas, a aproxima\u00e7\u00e3o dos potenciais eficazes (ECP\u00b4s) e ainda o m\u00e9todo baseado na teoria das funcionais de densidade (DFT\u00b4s). Os estudos citot\u00f3xicos dos complexos a investigar ser\u00e3o levados a cabo usando os m\u00e9todos b\u00e1sicos de cultura de c\u00e9lulas e determina\u00e7\u00e3o da respectiva viabilidade (na presen\u00e7a e aus\u00eancia de droga).de Fourier (FTIR), Raman, Raman de amostras adsorvidas a uma superf\u00edcie met\u00e1lica (SERS) e difus\u00e3o inel\u00e1stica de neutr\u00f5es (INS). Os c\u00e1lculos te\u00f3ricos ser\u00e3o levados a cabo tanto para os liga.<\/p>\n<p><b>State<\/b><br \/>\nFinished<br \/>\n<b>Period<\/b><br \/>\n2001 to 2003<br \/>\n<b>Funding<\/b><br \/>\n89.783,62 euros<br \/>\n<b>Project code<\/b><br \/>\nPOCTI\/33199\/QUI\/99<br \/>\n<b>Funding Entity<\/b><br \/>\nPortuguese Foundation for Science and Technology (FCT), Portugal<\/p>\n<p><b>Members<\/b><br \/>\n<a href=\"http:\/\/qfm.uc.pt\/maria-paula-marques-2\/\">Maria Paula Matos Marques Catarro<\/a>\u00a0(Principal Investigator)<br \/>\n<a href=\"http:\/\/qfm.uc.pt\/antonio-amorim-da-costa-2\/\">Ant\u00f3nio Marinho Amorim da Costa<\/a><br \/>\n<a href=\"http:\/\/qfm.uc.pt\/luis-batista-de-carvalho-2\/\">Lu\u00eds Alberto Esteves Batista de Carvalho<\/a><br \/>\n<a href=\"http:\/\/qfm.uc.pt\/jose-teixeira-dias-2\/\">Jos\u00e9 Joaquim Cristino Teixeira Dias<\/a>\u00a0(Advisor) \u2013 University of Aveiro<br \/>\nJohn Tomkinson \u2013 Appleton Laboratory (ISIS Facility), United Kingdom<br \/>\nPaulo Jorge de Almeida Ribeiro Claro<br \/>\nJuan Carlos Otero Fernandez de Molina \u2013 University of M\u00e1laga, Spain<br \/>\n<a href=\"http:\/\/qfm.uc.pt\/ana-margarida-amado-2\/\">Ana Margarida Amado Roque Batista<\/a><br \/>\nLu\u00eds Brand\u00e3o Mendes Lima (Consultor) \u2013 Instituto Portugu\u00eas de Oncologia, Coimbra<br \/>\nEul\u00e1lia Fernanda Alves de Carvalho Pereira \u2013 University of Porto<br \/>\nMaria Teresa Gir\u00e3o \u2013 University of Coimbra<br \/>\nLu\u00edsa Josefina Teixeira Estanqueiro<br \/>\nCatarina Alexandra Reis Vale Gomes<br \/>\nS\u00f3nia Martins Fiuza<\/p>\n<p><b>Publications<\/b><br \/>\n<a href=\"https:\/\/drive.google.com\/file\/d\/0B_btGj75B4fxcHFWNEt2dDdxelU\/view?usp=sharing\" target=\"_blank\" rel=\"noopener\">Intra- versus Interchain Interactions in \u03b1,\u03c9-Polyamines: A Raman Spectroscopy Study<\/a><br \/>\nA.M. Amorim da Costa, M.P.M. Marques, L.A.E. Batista de Carvalho<br \/>\nVibrational Spectroscopy\u00a0<b>35<\/b>, 165-171 (2004)<\/p>\n<p><a href=\"https:\/\/drive.google.com\/file\/d\/0B_btGj75B4fxajdzRlh3R2NZRm8\/view?usp=sharing\" target=\"_blank\" rel=\"noopener\">Raman Spectra of Putrescine, Spermidine and Spermine Polyamines and their N-Deuterated and N-Ionised Derivatives\u00a0<\/a><br \/>\nA.M. Amorim da Costa, M.P.M. Marques, L.A.E. Batista de Carvalho<br \/>\nJournal of Raman Spectroscopy\u00a0<b>34<\/b>, 357-366 (2003)<\/p>\n<p><a href=\"https:\/\/drive.google.com\/file\/d\/0B_btGj75B4fxYzhYMVVOZk1odVE\/view?usp=sharing\" target=\"_blank\" rel=\"noopener\">The Carbon-Hydrogen Stretching Region of the Raman Spectra of 1,6-Hexane-diamine: N-Deuteration, Ionization and Temperature Effects\u00a0<\/a><br \/>\nA.M. Amorim da Costa, M.P.M. Marques, L.A.E. Batista de Carvalho<br \/>\nVibrational Spectroscopy\u00a0<b>29<\/b>, 61-67 (2002)<\/p>\n<p><a href=\"https:\/\/drive.google.com\/file\/d\/0B_btGj75B4fxTGtqN1hSOC1ucVk\/view?usp=sharing\" target=\"_blank\" rel=\"noopener\">Cytotoxic Effects of Metal Complexes of Biogenic Polyamines. I \u2013 Platinum(II) Spermidine Compounds: Prediction of their Antitumour Activity\u00a0<\/a><br \/>\nM.P.M. Marques, T. Gir\u00e3o, M.C. Pedroso de Lima, A. Gameiro, E. Pereira, P. Garcia<br \/>\nBiochimica et Biophysica Acta &#8211; Molecular Cell Research\u00a0<b>1589 (1)<\/b>, 63-70 (2002)<\/p>\n<p><a href=\"https:\/\/drive.google.com\/file\/d\/0B_btGj75B4fxbVZfbk82cXRQb1E\/view?usp=sharing\" target=\"_blank\" rel=\"noopener\">Evidence of CH\u00b7\u00b7\u00b7O Hydrogen Bonds in Liquid 4-Ethoxybenzaldehyde by NMR and Vibrational Spectroscopies\u00a0<\/a><br \/>\nM.P.M. Marques, A.M. Amorim da Costa, P.J.A. Ribeiro-Claro<br \/>\nThe Journal of Physical Chemistry A\u00a0<b>105<\/b>, 5292-5297 (2001)<\/p>\n","protected":false},"excerpt":{"rendered":"<p>As poliaminas est\u00e3o presentes em bact\u00e9rias, plantas e tecidos animais, e exercem importantes fun\u00e7\u00f5es biol\u00f3gicas, sendo essenciais nos processos de crescimento e diferencia\u00e7\u00e3o de c\u00e9lulas eucariotas. No entanto, a natureza dos mecanismos bioqu\u00edmicos segundo os quais elas actuam nos organismos vivos, levando a cabo fun\u00e7\u00f5es vitais (como, por exemplo, a reconhecida ac\u00e7\u00e3o anti-cancer\u00edgena de alguns [&hellip;]<\/p>\n","protected":false},"author":1,"featured_media":0,"parent":596,"menu_order":0,"comment_status":"closed","ping_status":"closed","template":"","meta":{"footnotes":""},"class_list":["post-1376","page","type-page","status-publish","hentry"],"_links":{"self":[{"href":"https:\/\/qfm.uc.pt\/index.html\/wp-json\/wp\/v2\/pages\/1376","targetHints":{"allow":["GET"]}}],"collection":[{"href":"https:\/\/qfm.uc.pt\/index.html\/wp-json\/wp\/v2\/pages"}],"about":[{"href":"https:\/\/qfm.uc.pt\/index.html\/wp-json\/wp\/v2\/types\/page"}],"author":[{"embeddable":true,"href":"https:\/\/qfm.uc.pt\/index.html\/wp-json\/wp\/v2\/users\/1"}],"replies":[{"embeddable":true,"href":"https:\/\/qfm.uc.pt\/index.html\/wp-json\/wp\/v2\/comments?post=1376"}],"version-history":[{"count":0,"href":"https:\/\/qfm.uc.pt\/index.html\/wp-json\/wp\/v2\/pages\/1376\/revisions"}],"up":[{"embeddable":true,"href":"https:\/\/qfm.uc.pt\/index.html\/wp-json\/wp\/v2\/pages\/596"}],"wp:attachment":[{"href":"https:\/\/qfm.uc.pt\/index.html\/wp-json\/wp\/v2\/media?parent=1376"}],"curies":[{"name":"wp","href":"https:\/\/api.w.org\/{rel}","templated":true}]}}