{"id":178,"date":"2017-07-31T21:53:06","date_gmt":"2017-07-31T21:53:06","guid":{"rendered":"https:\/\/qfmweb.wordpress.com\/?page_id=178"},"modified":"2026-04-10T14:16:29","modified_gmt":"2026-04-10T14:16:29","slug":"projetos","status":"publish","type":"page","link":"https:\/\/qfm.uc.pt\/index.html\/projetos\/","title":{"rendered":"Projetos"},"content":{"rendered":"<p>2025-Presente<\/p>\n<p><a href=\"https:\/\/qfm.uc.pt\/index.html\/espectroscopia-vibracional-de-liquido-histeroscopico-e-polipos-endometriais-para-previsao-de-malignidade-e-opcoes-de-tratamento-2\/\">Espectroscopia Vibracional de L\u00edquido Histerosc\u00f3pico e P\u00f3lipos endometriais para Previs\u00e3o de Malignidade e Op\u00e7\u00f5es de Tratamento<\/a><\/p>\n<p>2025-Presente<\/p>\n<p><a href=\"https:\/\/qfm.uc.pt\/index.html\/combater-o-cancro-com-metalofarmacos-nao-convencionais-visar-novos-alvos\/\">Combater o cancro com metalof\u00e1rmacos n\u00e3o convencionais &#8211; Visar novos alvos &#8211; Drug2Target<\/a><\/p>\n<p>2021-2025<\/p>\n<p><a href=\"http:\/\/qfm.uc.pt\/projetos\/pinewallpt\/\" data-wplink-url-error=\"true\">A relev\u00e2ncia da composi\u00e7\u00e3o e estrutura da parede celular para a resist\u00eancia ao nematode da madeira do pinheiro em cen\u00e1rios de altera\u00e7\u00f5es clim\u00e1ticas &#8211; PineWALL<\/a><\/p>\n<p>2023-2024<\/p>\n<p><a href=\"http:\/\/qfm.uc.pt\/projetos\/needforspeed_pt\/\" data-wplink-url-error=\"true\">Um espectr\u00f3metro de amostragem esparsa para diagn\u00f3stico de melanoma &#8211; NeedfoRSpeed<\/a><\/p>\n<p>2018-2023<\/p>\n<p><a href=\"http:\/\/qfm.uc.pt\/projetos\/diagnostico-de-cancro-a-nivel-molecular-por-espetroscopia-vibracional-vibsoncancer\/\">Diagn\u00f3stico de Cancro a N\u00edvel Molecular por Espetroscopia Vibracional &#8211; VIBSonCANCER<\/a><\/p>\n<p>2018-2022<\/p>\n<p><a href=\"http:\/\/qfm.uc.pt\/projetos\/novos-ingredientes-alimentares-de-plantas-maritimas-ideas4life\/\" data-wplink-url-error=\"true\">Novos IngreDiEntes Alimentares de Plantas Mar\u00edtimaS \u2013 IDEAS4life<\/a><\/p>\n<hr \/>\n<p>2016-2019<\/p>\n<p><a href=\"http:\/\/qfm.uc.pt\/projetos\/bioimpact\/\">Impacto Bioqu\u00edmico de Agentes Anticancer\u00edgenos de Platina e Pal\u00e1dio &#8211; BioImpact<\/a><\/p>\n<p><a href=\"http:\/\/qfm.uc.pt\/projetos\/valorizacao-dos-recursos-naturais-endogenos-da-regiao-centro-renature\/\">Valoriza\u00e7\u00e3o dos Recursos Naturais End\u00f3genos da Regi\u00e3o Centro &#8211; ReNATURE<\/a><\/p>\n<hr \/>\n<p>2009-2012<\/p>\n<p><a href=\"http:\/\/qfm.uc.pt\/projetos\/atividade-anticancerigena-de-novos-complexos-de-pdii-com-poliaminas-um-estudo-multidisciplinar\/\">Atividade Anticancer\u00edgena de Novos Complexos de Pd(II) com Poliaminas \u2013 Um Estudo Multidisciplinar<\/a><\/p>\n<hr \/>\n<p style=\"text-align: justify;\">2006-2007<\/p>\n<p style=\"text-align: justify;\"><a href=\"http:\/\/qfm.uc.pt\/projetos\/hibridizacao-molecular-no-desenvolvimento-de-novas-drogas-anticancerigenas\/\">Hibridiza\u00e7\u00e3o Molecular no Desenvolvimento de Novas Drogas Anticancer\u00edgenas (CAPES\/CPLP-4.1.3.)<\/a><\/p>\n<hr \/>\n<p>2005-2008<\/p>\n<p style=\"text-align: justify;\"><a href=\"http:\/\/qfm.uc.pt\/projetos\/estudo-bioquimico-e-comportamental-das-interaccoes-opiacios-cocaina\/\">Estudo Bioqu\u00edmico e Comportamental das Interac\u00e7\u00f5es Opi\u00e1cios \u2013 Coca\u00edna (POCI\/SAU-FCF\/58330\/2004)<\/a><\/p>\n<p style=\"text-align: justify;\"><a href=\"http:\/\/qfm.uc.pt\/projetos\/esculturas-de-joao-de-ruao-classificacao-e-caracterizacao-atraves-da-analise-de-pigmentos\/\">Esculturas de Jo\u00e3o de Ru\u00e3o &#8211; Classifica\u00e7\u00e3o e Caracteriza\u00e7\u00e3o atrav\u00e9s da An\u00e1lise de Pigmentos (POCI\/HEC\/55536\/2004)<\/a><\/p>\n<p style=\"text-align: justify;\"><a href=\"http:\/\/qfm.uc.pt\/projetos\/desenvolvimento-de-novos-agentes-anticancerigenos-derivados-fenolicos-de-origem-natural-ou-sintetica-relacoes-estrutura-actividade\/\">Desenvolvimento de Novos Agentes Anticancer\u00edgenos: Derivados Fen\u00f3licos de Origem Natural ou Sint\u00e9tica \u2013 Rela\u00e7\u00f5es Estrutura-Actividade (POCI\/QUI\/55631\/2004)<\/a><\/p>\n<hr \/>\n<p>2005<\/p>\n<p><a href=\"http:\/\/qfm.uc.pt\/projetos\/sintese-de-metabolitos-de-drogas-de-abuso-opiaceos-avaliacao-das-interaccoes-entre-os-metabolitos-dos-opiaceos-e-a-cocaina\/\">S\u00edntese de Metabolitos de Drogas de Abuso (Opi\u00e1ceos). Avalia\u00e7\u00e3o das Interac\u00e7\u00f5es entre os Metabolitos dos Opi\u00e1ceos e a Coca\u00edna\u201d (Funda\u00e7\u00e3o Il\u00eddio Pinho, Portugal, 2006)<\/a><\/p>\n<hr \/>\n<p>2004-2006<\/p>\n<p><a href=\"http:\/\/qfm.uc.pt\/projetos\/aplicacao-de-um-novo-metodo-natural-na-prevencao-do-abrolhamento-e-monitorizacao-em-tempo-real-da-maturacao-de-alimentos-de-origem-vegetal\/\">Aplica\u00e7\u00e3o de um Novo M\u00e9todo Natural na Preven\u00e7\u00e3o do Abrolhamento e Monitoriza\u00e7\u00e3o em Tempo Real da Matura\u00e7\u00e3o de Alimentos de Origem Vegetal (AGRO 8.1\/691)<\/a><\/p>\n<hr \/>\n<p>2003-2006<\/p>\n<p style=\"text-align: justify;\"><a href=\"http:\/\/qfm.uc.pt\/projetos\/health-implications-of-dietary-amines\/\">&#8220;Health Implications of Dietary Amines&#8221; (Ac\u00e7\u00e3o COST 922 &#8211; WG 2)<\/a><\/p>\n<p style=\"text-align: justify;\"><a href=\"http:\/\/qfm.uc.pt\/projetos\/complexos-de-ptii-com-poliaminas-biogenicas-como-novos-agentes-anticancerigenos-relacoes-estrutura-actividade\/\">Complexos de Pt(II) com Poliaminas Biog\u00e9nicas como Novos Agentes Anticancer\u00edgenos: Rela\u00e7\u00f5es Estrutura-Actividade (POCTI\/QUI\/47256\/2002)<\/a><\/p>\n<hr \/>\n<p>2001-2003<\/p>\n<p><a href=\"http:\/\/qfm.uc.pt\/projetos\/estudo-de-poliaminas-biogenicas-e-de-seus-complexos-metalicos\/\">Estudo de Poliaminas Biog\u00e9nicas e de seus Complexos Met\u00e1licos (POCTI\/QUI\/33199\/2000)<\/a><\/p>\n<hr \/>\n<p>2000-2004<\/p>\n<p><a href=\"http:\/\/qfm.uc.pt\/projetos\/ligacoes-de-hidrogenio-ch%c2%b7%c2%b7%c2%b7o-em-liquidos\/\">Liga\u00e7\u00f5es de Hidrog\u00e9nio C-H&#8230;O em L\u00edquidos (POCTI\/QUI\/35408\/99)<\/a><\/p>\n<hr \/>\n<p style=\"text-align: justify;\">1999-2002<\/p>\n<p style=\"text-align: justify;\"><a href=\"http:\/\/qfm.uc.pt\/projetos\/estudos-estruturais-de-carbohidratos-no-estado-solido\/\">Estudos Estruturais de Carbohidratos no Estado S\u00f3lido (POCTI-QUI\/33075\/99)<\/a><\/p>\n<hr \/>\n<p>1996-1999<\/p>\n<p style=\"text-align: justify;\"><a href=\"http:\/\/qfm.uc.pt\/projetos\/analise-conformacional-de-poliaminas-estudo-por-espectroscopia-vibracional-e-calculos-ab-initio\/\">An\u00e1lise Conformacional de Poliaminas: Estudo por Espectroscopia Vibracional e C\u00e1lculos\u00a0Ab Initio\u00a0(PBIC\/C\/QUI\/2219\/95)<\/a><\/p>\n<hr \/>\n<p>1994-1997<\/p>\n<p><a href=\"http:\/\/qfm.uc.pt\/projetos\/hydrogen-network-dynamics-and-conformational-changes-in-molecular-solids\/\">&#8220;Hydrogen Network Dynamics and Conformational Changes in Molecular Solids&#8221; (HCM-CHRX-CT94-0466)<\/a><\/p>\n<hr \/>\n<p>1993-1996<\/p>\n<p style=\"text-align: justify;\"><a href=\"http:\/\/qfm.uc.pt\/projetos\/propriedades-estruturais-de-toluenos-substituidos-nos-estados-fundamentais-electronicos-fundamental-e-excitado-por-espectroscopia-electronica-e-vibracional\/\">Propriedades Estruturais de Toluenos Substitu\u00eddos, nos Estados Fundamentais Electr\u00f3nicos Fundamental e Excitado, por Espectroscopia Electr\u00f3nica e Vibracional (PBIC\/C\/CEN\/1177\/92)<\/a><\/p>\n","protected":false},"excerpt":{"rendered":"<p>2025-Presente Espectroscopia Vibracional de L\u00edquido Histerosc\u00f3pico e P\u00f3lipos endometriais para Previs\u00e3o de Malignidade e Op\u00e7\u00f5es de Tratamento 2025-Presente Combater o cancro com metalof\u00e1rmacos n\u00e3o convencionais &#8211; Visar novos alvos &#8211; Drug2Target 2021-2025 A relev\u00e2ncia da composi\u00e7\u00e3o e estrutura da parede celular para a resist\u00eancia ao nematode da madeira do pinheiro em cen\u00e1rios de altera\u00e7\u00f5es clim\u00e1ticas [&hellip;]<\/p>\n","protected":false},"author":1,"featured_media":0,"parent":0,"menu_order":0,"comment_status":"closed","ping_status":"closed","template":"","meta":{"footnotes":""},"class_list":["post-178","page","type-page","status-publish","hentry"],"_links":{"self":[{"href":"https:\/\/qfm.uc.pt\/index.html\/wp-json\/wp\/v2\/pages\/178","targetHints":{"allow":["GET"]}}],"collection":[{"href":"https:\/\/qfm.uc.pt\/index.html\/wp-json\/wp\/v2\/pages"}],"about":[{"href":"https:\/\/qfm.uc.pt\/index.html\/wp-json\/wp\/v2\/types\/page"}],"author":[{"embeddable":true,"href":"https:\/\/qfm.uc.pt\/index.html\/wp-json\/wp\/v2\/users\/1"}],"replies":[{"embeddable":true,"href":"https:\/\/qfm.uc.pt\/index.html\/wp-json\/wp\/v2\/comments?post=178"}],"version-history":[{"count":8,"href":"https:\/\/qfm.uc.pt\/index.html\/wp-json\/wp\/v2\/pages\/178\/revisions"}],"predecessor-version":[{"id":4858,"href":"https:\/\/qfm.uc.pt\/index.html\/wp-json\/wp\/v2\/pages\/178\/revisions\/4858"}],"wp:attachment":[{"href":"https:\/\/qfm.uc.pt\/index.html\/wp-json\/wp\/v2\/media?parent=178"}],"curies":[{"name":"wp","href":"https:\/\/api.w.org\/{rel}","templated":true}]}}