{"id":216,"date":"2017-07-31T22:17:49","date_gmt":"2017-07-31T22:17:49","guid":{"rendered":"https:\/\/qfmweb.wordpress.com\/?page_id=216"},"modified":"2024-01-12T16:16:15","modified_gmt":"2024-01-12T16:16:15","slug":"laboratorio-de-espetroscopia","status":"publish","type":"page","link":"https:\/\/qfm.uc.pt\/index.html\/laboratorio-de-espetroscopia\/","title":{"rendered":"Laborat\u00f3rio de Espetroscopia Vibracional"},"content":{"rendered":"<h4><span style=\"font-family: georgia, palatino, serif;\">Espetr\u00f3metro de FTIR Bruker Optics Vertex 70\u00a0<\/span><\/h4>\n<h4><img loading=\"lazy\" decoding=\"async\" class=\"aligncenter wp-image-3307 size-large\" src=\"http:\/\/192.168.10.13\/~qfm\/wp-content\/uploads\/2024\/01\/FTIR-scaled-2-1024x768.jpg\" alt=\"\" width=\"620\" height=\"465\" srcset=\"https:\/\/qfm.uc.pt\/wp-content\/uploads\/2024\/01\/FTIR-scaled-2-1024x768.jpg 1024w, https:\/\/qfm.uc.pt\/wp-content\/uploads\/2024\/01\/FTIR-scaled-2-300x225.jpg 300w, https:\/\/qfm.uc.pt\/wp-content\/uploads\/2024\/01\/FTIR-scaled-2-768x576.jpg 768w, https:\/\/qfm.uc.pt\/wp-content\/uploads\/2024\/01\/FTIR-scaled-2-1536x1152.jpg 1536w, https:\/\/qfm.uc.pt\/wp-content\/uploads\/2024\/01\/FTIR-scaled-2-2048x1536.jpg 2048w, https:\/\/qfm.uc.pt\/wp-content\/uploads\/2024\/01\/FTIR-scaled-2-133x100.jpg 133w\" sizes=\"auto, (max-width: 620px) 100vw, 620px\" \/><\/h4>\n<p><i>Caracter\u00edsticas:<\/i><br \/>\nMicrosc\u00f3pio Bruker Hyperion 2000: objectiva e condensador de 4x; objectiva de ATR<br \/>\nAcess\u00f3rio de ATR com cristal de diamante Bruker Platinum<\/p>\n<h4><\/h4>\n<h4><span style=\"font-family: georgia, palatino, serif;\">Espetr\u00f3metro de Micro-Raman Witec alpha 300<\/span><\/h4>\n<div id='gallery-1' class='gallery galleryid-216 gallery-columns-3 gallery-size-full'><figure class='gallery-item'>\n\t\t\t<div class='gallery-icon portrait'>\n\t\t\t\t<img loading=\"lazy\" decoding=\"async\" width=\"200\" height=\"300\" src=\"https:\/\/qfm.uc.pt\/wp-content\/uploads\/2024\/01\/witec1.jpg\" class=\"attachment-full size-full\" alt=\"\" srcset=\"https:\/\/qfm.uc.pt\/wp-content\/uploads\/2024\/01\/witec1.jpg 200w, https:\/\/qfm.uc.pt\/wp-content\/uploads\/2024\/01\/witec1-67x100.jpg 67w\" sizes=\"auto, (max-width: 200px) 100vw, 200px\" \/>\n\t\t\t<\/div><\/figure><figure class='gallery-item'>\n\t\t\t<div class='gallery-icon portrait'>\n\t\t\t\t<img loading=\"lazy\" decoding=\"async\" width=\"200\" height=\"300\" src=\"https:\/\/qfm.uc.pt\/wp-content\/uploads\/2024\/01\/witec3.jpg\" class=\"attachment-full size-full\" alt=\"\" srcset=\"https:\/\/qfm.uc.pt\/wp-content\/uploads\/2024\/01\/witec3.jpg 200w, https:\/\/qfm.uc.pt\/wp-content\/uploads\/2024\/01\/witec3-67x100.jpg 67w\" sizes=\"auto, (max-width: 200px) 100vw, 200px\" \/>\n\t\t\t<\/div><\/figure><figure class='gallery-item'>\n\t\t\t<div class='gallery-icon portrait'>\n\t\t\t\t<img loading=\"lazy\" decoding=\"async\" width=\"200\" height=\"300\" src=\"https:\/\/qfm.uc.pt\/wp-content\/uploads\/2024\/01\/witec2.jpg\" class=\"attachment-full size-full\" alt=\"\" srcset=\"https:\/\/qfm.uc.pt\/wp-content\/uploads\/2024\/01\/witec2.jpg 200w, https:\/\/qfm.uc.pt\/wp-content\/uploads\/2024\/01\/witec2-67x100.jpg 67w\" sizes=\"auto, (max-width: 200px) 100vw, 200px\" \/>\n\t\t\t<\/div><\/figure>\n\t\t<\/div>\n\n<h4><\/h4>\n<h4><span style=\"font-family: georgia, palatino, serif;\">Espetr\u00f3metro de Raman Spex Ramalog 1403<\/span><\/h4>\n<div id='gallery-2' class='gallery galleryid-216 gallery-columns-3 gallery-size-full'><figure class='gallery-item'>\n\t\t\t<div class='gallery-icon landscape'>\n\t\t\t\t<a href='https:\/\/qfm.uc.pt\/index.html\/laboratorio-de-espetroscopia\/spex1-2\/'><img loading=\"lazy\" decoding=\"async\" width=\"300\" height=\"200\" src=\"https:\/\/qfm.uc.pt\/wp-content\/uploads\/2024\/01\/spex1-1.jpg\" class=\"attachment-full size-full\" alt=\"\" srcset=\"https:\/\/qfm.uc.pt\/wp-content\/uploads\/2024\/01\/spex1-1.jpg 300w, https:\/\/qfm.uc.pt\/wp-content\/uploads\/2024\/01\/spex1-1-150x100.jpg 150w\" sizes=\"auto, (max-width: 300px) 100vw, 300px\" \/><\/a>\n\t\t\t<\/div><\/figure><figure class='gallery-item'>\n\t\t\t<div class='gallery-icon landscape'>\n\t\t\t\t<a href='https:\/\/qfm.uc.pt\/index.html\/laboratorio-de-espetroscopia\/spex2-2\/'><img loading=\"lazy\" decoding=\"async\" width=\"300\" height=\"200\" src=\"https:\/\/qfm.uc.pt\/wp-content\/uploads\/2024\/01\/spex2-1.jpg\" class=\"attachment-full size-full\" alt=\"\" srcset=\"https:\/\/qfm.uc.pt\/wp-content\/uploads\/2024\/01\/spex2-1.jpg 300w, https:\/\/qfm.uc.pt\/wp-content\/uploads\/2024\/01\/spex2-1-150x100.jpg 150w\" sizes=\"auto, (max-width: 300px) 100vw, 300px\" \/><\/a>\n\t\t\t<\/div><\/figure><figure class='gallery-item'>\n\t\t\t<div class='gallery-icon landscape'>\n\t\t\t\t<a href='https:\/\/qfm.uc.pt\/index.html\/laboratorio-de-espetroscopia\/spex3-2\/'><img loading=\"lazy\" decoding=\"async\" width=\"300\" height=\"200\" src=\"https:\/\/qfm.uc.pt\/wp-content\/uploads\/2024\/01\/spex3-1.jpg\" class=\"attachment-full size-full\" alt=\"\" srcset=\"https:\/\/qfm.uc.pt\/wp-content\/uploads\/2024\/01\/spex3-1.jpg 300w, https:\/\/qfm.uc.pt\/wp-content\/uploads\/2024\/01\/spex3-1-150x100.jpg 150w\" sizes=\"auto, (max-width: 300px) 100vw, 300px\" \/><\/a>\n\t\t\t<\/div><\/figure>\n\t\t<\/div>\n\n<p><i>Caracter\u00edsticas:<\/i><br \/>\nDist\u00e2ncia focal: 0.85 m;<br \/>\nduplo monocromador com redes de 1800 estrias\/mm;<br \/>\ndetec\u00e7\u00e3o: fotomultiplicador Hamamatsu R928 (arrefecido termoelectricamente)<\/p>\n<h4><span style=\"font-family: georgia, palatino, serif;\">Espetr\u00f3metro de Raman Jobin-Yvon T64000<\/span><\/h4>\n<table style=\"width: 100%; border-collapse: collapse; border-style: none;\">\n<tbody>\n<tr>\n<td style=\"width: 25%; border-style: none;\"><img loading=\"lazy\" decoding=\"async\" class=\"alignnone size-full wp-image-3315\" src=\"http:\/\/192.168.10.13\/~qfm\/wp-content\/uploads\/2024\/01\/j1-1.jpg\" alt=\"\" width=\"300\" height=\"200\" srcset=\"https:\/\/qfm.uc.pt\/wp-content\/uploads\/2024\/01\/j1-1.jpg 300w, https:\/\/qfm.uc.pt\/wp-content\/uploads\/2024\/01\/j1-1-150x100.jpg 150w\" sizes=\"auto, (max-width: 300px) 100vw, 300px\" \/><\/td>\n<td style=\"width: 25%; border-style: none;\"><img loading=\"lazy\" decoding=\"async\" class=\"alignnone size-full wp-image-3314\" src=\"http:\/\/192.168.10.13\/~qfm\/wp-content\/uploads\/2024\/01\/j2-1.jpg\" alt=\"\" width=\"300\" height=\"200\" srcset=\"https:\/\/qfm.uc.pt\/wp-content\/uploads\/2024\/01\/j2-1.jpg 300w, https:\/\/qfm.uc.pt\/wp-content\/uploads\/2024\/01\/j2-1-150x100.jpg 150w\" sizes=\"auto, (max-width: 300px) 100vw, 300px\" \/><\/td>\n<td style=\"width: 25%; border-style: none;\"><img loading=\"lazy\" decoding=\"async\" class=\"alignnone size-full wp-image-3318\" src=\"http:\/\/192.168.10.13\/~qfm\/wp-content\/uploads\/2024\/01\/j8-1.jpg\" alt=\"\" width=\"300\" height=\"200\" srcset=\"https:\/\/qfm.uc.pt\/wp-content\/uploads\/2024\/01\/j8-1.jpg 300w, https:\/\/qfm.uc.pt\/wp-content\/uploads\/2024\/01\/j8-1-150x100.jpg 150w\" sizes=\"auto, (max-width: 300px) 100vw, 300px\" \/><\/td>\n<td style=\"width: 25%; border-style: none;\"><img loading=\"lazy\" decoding=\"async\" class=\"alignnone size-full wp-image-3319\" src=\"http:\/\/192.168.10.13\/~qfm\/wp-content\/uploads\/2024\/01\/j3-1.jpg\" alt=\"\" width=\"200\" height=\"300\" srcset=\"https:\/\/qfm.uc.pt\/wp-content\/uploads\/2024\/01\/j3-1.jpg 200w, https:\/\/qfm.uc.pt\/wp-content\/uploads\/2024\/01\/j3-1-67x100.jpg 67w\" sizes=\"auto, (max-width: 200px) 100vw, 200px\" \/><\/td>\n<\/tr>\n<tr>\n<td style=\"width: 25%; border-style: none;\"><img loading=\"lazy\" decoding=\"async\" class=\"alignnone size-full wp-image-3320\" src=\"http:\/\/192.168.10.13\/~qfm\/wp-content\/uploads\/2024\/01\/j4-1.jpg\" alt=\"\" width=\"200\" height=\"300\" srcset=\"https:\/\/qfm.uc.pt\/wp-content\/uploads\/2024\/01\/j4-1.jpg 200w, https:\/\/qfm.uc.pt\/wp-content\/uploads\/2024\/01\/j4-1-67x100.jpg 67w\" sizes=\"auto, (max-width: 200px) 100vw, 200px\" \/><\/td>\n<td style=\"width: 25%; border-style: none;\"><img loading=\"lazy\" decoding=\"async\" class=\"alignnone size-full wp-image-3321\" src=\"http:\/\/192.168.10.13\/~qfm\/wp-content\/uploads\/2024\/01\/j5-1.jpg\" alt=\"\" width=\"200\" height=\"300\" srcset=\"https:\/\/qfm.uc.pt\/wp-content\/uploads\/2024\/01\/j5-1.jpg 200w, https:\/\/qfm.uc.pt\/wp-content\/uploads\/2024\/01\/j5-1-67x100.jpg 67w\" sizes=\"auto, (max-width: 200px) 100vw, 200px\" \/><\/td>\n<td style=\"width: 25%; border-style: none;\"><img loading=\"lazy\" decoding=\"async\" class=\"alignnone size-full wp-image-3316\" src=\"http:\/\/192.168.10.13\/~qfm\/wp-content\/uploads\/2024\/01\/j6-1.jpg\" alt=\"\" width=\"200\" height=\"300\" srcset=\"https:\/\/qfm.uc.pt\/wp-content\/uploads\/2024\/01\/j6-1.jpg 200w, https:\/\/qfm.uc.pt\/wp-content\/uploads\/2024\/01\/j6-1-67x100.jpg 67w\" sizes=\"auto, (max-width: 200px) 100vw, 200px\" \/><\/td>\n<td style=\"width: 25%; border-style: none;\"><img loading=\"lazy\" decoding=\"async\" class=\"alignnone size-full wp-image-3317\" src=\"http:\/\/192.168.10.13\/~qfm\/wp-content\/uploads\/2024\/01\/j7-1.jpg\" alt=\"\" width=\"200\" height=\"300\" srcset=\"https:\/\/qfm.uc.pt\/wp-content\/uploads\/2024\/01\/j7-1.jpg 200w, https:\/\/qfm.uc.pt\/wp-content\/uploads\/2024\/01\/j7-1-67x100.jpg 67w\" sizes=\"auto, (max-width: 200px) 100vw, 200px\" \/><\/td>\n<\/tr>\n<\/tbody>\n<\/table>\n<p><i>Caracter\u00edsticas<\/i>:<br \/>\nDist\u00e2ncia focal: 0.640 m; abertura:\u00a0<i>f<\/i>\/7.5;<br \/>\nTriplo monocromador com redes de 1800 estrias\/mm;<br \/>\nConfigura\u00e7\u00e3o \u00f3ptica: subtractiva ou aditiva (opcional);<br \/>\nDetec\u00e7\u00e3o: monocanal (fotomultiplicador R943, arrefecido termoelectricamente); multicanal (CCD de 1&#8243; com 1024&#215;256 pixels, arrefecido por N<sub>2<\/sub>\u00a0l\u00edquido);<br \/>\nMicrosc\u00f3pio\u00a0Olympus BH-2.<\/p>\n","protected":false},"excerpt":{"rendered":"<p>Espetr\u00f3metro de FTIR Bruker Optics Vertex 70\u00a0 Caracter\u00edsticas: Microsc\u00f3pio Bruker Hyperion 2000: objectiva e condensador de 4x; objectiva de ATR Acess\u00f3rio de ATR com cristal de diamante Bruker Platinum Espetr\u00f3metro de Micro-Raman Witec alpha 300 Espetr\u00f3metro de Raman Spex Ramalog 1403 Caracter\u00edsticas: Dist\u00e2ncia focal: 0.85 m; duplo monocromador com redes de 1800 estrias\/mm; detec\u00e7\u00e3o: fotomultiplicador [&hellip;]<\/p>\n","protected":false},"author":1,"featured_media":0,"parent":0,"menu_order":0,"comment_status":"closed","ping_status":"closed","template":"","meta":{"footnotes":""},"class_list":["post-216","page","type-page","status-publish","hentry"],"_links":{"self":[{"href":"https:\/\/qfm.uc.pt\/index.html\/wp-json\/wp\/v2\/pages\/216","targetHints":{"allow":["GET"]}}],"collection":[{"href":"https:\/\/qfm.uc.pt\/index.html\/wp-json\/wp\/v2\/pages"}],"about":[{"href":"https:\/\/qfm.uc.pt\/index.html\/wp-json\/wp\/v2\/types\/page"}],"author":[{"embeddable":true,"href":"https:\/\/qfm.uc.pt\/index.html\/wp-json\/wp\/v2\/users\/1"}],"replies":[{"embeddable":true,"href":"https:\/\/qfm.uc.pt\/index.html\/wp-json\/wp\/v2\/comments?post=216"}],"version-history":[{"count":9,"href":"https:\/\/qfm.uc.pt\/index.html\/wp-json\/wp\/v2\/pages\/216\/revisions"}],"predecessor-version":[{"id":4128,"href":"https:\/\/qfm.uc.pt\/index.html\/wp-json\/wp\/v2\/pages\/216\/revisions\/4128"}],"wp:attachment":[{"href":"https:\/\/qfm.uc.pt\/index.html\/wp-json\/wp\/v2\/media?parent=216"}],"curies":[{"name":"wp","href":"https:\/\/api.w.org\/{rel}","templated":true}]}}