{"id":262,"date":"2017-08-01T15:43:18","date_gmt":"2017-08-01T15:43:18","guid":{"rendered":"https:\/\/qfmweb.wordpress.com\/?page_id=262"},"modified":"2024-01-09T12:27:46","modified_gmt":"2024-01-09T12:27:46","slug":"laboratorio-de-cultura-celular","status":"publish","type":"page","link":"https:\/\/qfm.uc.pt\/index.html\/laboratorio-de-cultura-celular\/","title":{"rendered":"Laborat\u00f3rio de Cultura Celular"},"content":{"rendered":"<p>A QFM-UC tem dispon\u00edvel um laborat\u00f3rio de cultura celular (maioritariamente linhas celulares secund\u00e1rias) completamente equipado.<\/p>\n<div id='gallery-1' class='gallery galleryid-262 gallery-columns-3 gallery-size-full'><figure class='gallery-item'>\n\t\t\t<div class='gallery-icon portrait'>\n\t\t\t\t<img loading=\"lazy\" decoding=\"async\" width=\"200\" height=\"300\" src=\"https:\/\/qfm.uc.pt\/wp-content\/uploads\/2024\/01\/camara-fluxo.jpg\" class=\"attachment-full size-full\" alt=\"\" aria-describedby=\"gallery-1-3246\" srcset=\"https:\/\/qfm.uc.pt\/wp-content\/uploads\/2024\/01\/camara-fluxo.jpg 200w, https:\/\/qfm.uc.pt\/wp-content\/uploads\/2024\/01\/camara-fluxo-67x100.jpg 67w\" sizes=\"auto, (max-width: 200px) 100vw, 200px\" \/>\n\t\t\t<\/div>\n\t\t\t\t<figcaption class='wp-caption-text gallery-caption' id='gallery-1-3246'>\n\t\t\t\tC\u00e2mara de fluxo laminar\n\t\t\t\t<\/figcaption><\/figure><figure class='gallery-item'>\n\t\t\t<div class='gallery-icon portrait'>\n\t\t\t\t<img loading=\"lazy\" decoding=\"async\" width=\"200\" height=\"300\" src=\"https:\/\/qfm.uc.pt\/wp-content\/uploads\/2024\/01\/incubadora.jpg\" class=\"attachment-full size-full\" alt=\"\" aria-describedby=\"gallery-1-3245\" srcset=\"https:\/\/qfm.uc.pt\/wp-content\/uploads\/2024\/01\/incubadora.jpg 200w, https:\/\/qfm.uc.pt\/wp-content\/uploads\/2024\/01\/incubadora-67x100.jpg 67w\" sizes=\"auto, (max-width: 200px) 100vw, 200px\" \/>\n\t\t\t<\/div>\n\t\t\t\t<figcaption class='wp-caption-text gallery-caption' id='gallery-1-3245'>\n\t\t\t\tIncubadora\n\t\t\t\t<\/figcaption><\/figure><figure class='gallery-item'>\n\t\t\t<div class='gallery-icon portrait'>\n\t\t\t\t<img loading=\"lazy\" decoding=\"async\" width=\"200\" height=\"300\" src=\"https:\/\/qfm.uc.pt\/wp-content\/uploads\/2024\/01\/ckx41.jpg\" class=\"attachment-full size-full\" alt=\"\" aria-describedby=\"gallery-1-3251\" srcset=\"https:\/\/qfm.uc.pt\/wp-content\/uploads\/2024\/01\/ckx41.jpg 200w, https:\/\/qfm.uc.pt\/wp-content\/uploads\/2024\/01\/ckx41-67x100.jpg 67w\" sizes=\"auto, (max-width: 200px) 100vw, 200px\" \/>\n\t\t\t<\/div>\n\t\t\t\t<figcaption class='wp-caption-text gallery-caption' id='gallery-1-3251'>\n\t\t\t\tMicrosc\u00f3pio Olympus CKX41\n\t\t\t\t<\/figcaption><\/figure><figure class='gallery-item'>\n\t\t\t<div class='gallery-icon landscape'>\n\t\t\t\t<img loading=\"lazy\" decoding=\"async\" width=\"300\" height=\"281\" src=\"https:\/\/qfm.uc.pt\/wp-content\/uploads\/2024\/01\/ckx53.jpg\" class=\"attachment-full size-full\" alt=\"\" aria-describedby=\"gallery-1-3248\" srcset=\"https:\/\/qfm.uc.pt\/wp-content\/uploads\/2024\/01\/ckx53.jpg 300w, https:\/\/qfm.uc.pt\/wp-content\/uploads\/2024\/01\/ckx53-107x100.jpg 107w\" sizes=\"auto, (max-width: 300px) 100vw, 300px\" \/>\n\t\t\t<\/div>\n\t\t\t\t<figcaption class='wp-caption-text gallery-caption' id='gallery-1-3248'>\n\t\t\t\tMicrosc\u00f3pio de Fluoresc\u00eancia Olympus CKX53\n\t\t\t\t<\/figcaption><\/figure><figure class='gallery-item'>\n\t\t\t<div class='gallery-icon portrait'>\n\t\t\t\t<img loading=\"lazy\" decoding=\"async\" width=\"200\" height=\"300\" src=\"https:\/\/qfm.uc.pt\/wp-content\/uploads\/2024\/01\/centrifuga.jpg\" class=\"attachment-full size-full\" alt=\"\" aria-describedby=\"gallery-1-3250\" srcset=\"https:\/\/qfm.uc.pt\/wp-content\/uploads\/2024\/01\/centrifuga.jpg 200w, https:\/\/qfm.uc.pt\/wp-content\/uploads\/2024\/01\/centrifuga-67x100.jpg 67w\" sizes=\"auto, (max-width: 200px) 100vw, 200px\" \/>\n\t\t\t<\/div>\n\t\t\t\t<figcaption class='wp-caption-text gallery-caption' id='gallery-1-3250'>\n\t\t\t\tCentr\u00edfuga\n\t\t\t\t<\/figcaption><\/figure><figure class='gallery-item'>\n\t\t\t<div class='gallery-icon portrait'>\n\t\t\t\t<img loading=\"lazy\" decoding=\"async\" width=\"200\" height=\"300\" src=\"https:\/\/qfm.uc.pt\/wp-content\/uploads\/2024\/01\/uv-vis.jpg\" class=\"attachment-full size-full\" alt=\"\" aria-describedby=\"gallery-1-3249\" srcset=\"https:\/\/qfm.uc.pt\/wp-content\/uploads\/2024\/01\/uv-vis.jpg 200w, https:\/\/qfm.uc.pt\/wp-content\/uploads\/2024\/01\/uv-vis-67x100.jpg 67w\" sizes=\"auto, (max-width: 200px) 100vw, 200px\" \/>\n\t\t\t<\/div>\n\t\t\t\t<figcaption class='wp-caption-text gallery-caption' id='gallery-1-3249'>\n\t\t\t\tLeitor de microplacas UV-Vis\n\t\t\t\t<\/figcaption><\/figure>\n\t\t<\/div>\n\n","protected":false},"excerpt":{"rendered":"<p>A QFM-UC tem dispon\u00edvel um laborat\u00f3rio de cultura celular (maioritariamente linhas celulares secund\u00e1rias) completamente equipado.<\/p>\n","protected":false},"author":1,"featured_media":0,"parent":0,"menu_order":0,"comment_status":"closed","ping_status":"closed","template":"","meta":{"footnotes":""},"class_list":["post-262","page","type-page","status-publish","hentry"],"_links":{"self":[{"href":"https:\/\/qfm.uc.pt\/index.html\/wp-json\/wp\/v2\/pages\/262","targetHints":{"allow":["GET"]}}],"collection":[{"href":"https:\/\/qfm.uc.pt\/index.html\/wp-json\/wp\/v2\/pages"}],"about":[{"href":"https:\/\/qfm.uc.pt\/index.html\/wp-json\/wp\/v2\/types\/page"}],"author":[{"embeddable":true,"href":"https:\/\/qfm.uc.pt\/index.html\/wp-json\/wp\/v2\/users\/1"}],"replies":[{"embeddable":true,"href":"https:\/\/qfm.uc.pt\/index.html\/wp-json\/wp\/v2\/comments?post=262"}],"version-history":[{"count":7,"href":"https:\/\/qfm.uc.pt\/index.html\/wp-json\/wp\/v2\/pages\/262\/revisions"}],"predecessor-version":[{"id":3269,"href":"https:\/\/qfm.uc.pt\/index.html\/wp-json\/wp\/v2\/pages\/262\/revisions\/3269"}],"wp:attachment":[{"href":"https:\/\/qfm.uc.pt\/index.html\/wp-json\/wp\/v2\/media?parent=262"}],"curies":[{"name":"wp","href":"https:\/\/api.w.org\/{rel}","templated":true}]}}