{"id":2847,"date":"2023-04-27T15:52:34","date_gmt":"2023-04-27T15:52:34","guid":{"rendered":"http:\/\/qfm.uc.pt\/?page_id=2847"},"modified":"2024-05-02T14:36:44","modified_gmt":"2024-05-02T14:36:44","slug":"pinewallen","status":"publish","type":"page","link":"https:\/\/qfm.uc.pt\/index.html\/language\/en\/projects\/pinewallen\/","title":{"rendered":"Linking pine cell wall composition and structure to pinewood nematode resistance under climate change &#8211; PineWALL"},"content":{"rendered":"\n<p style=\"text-align: justify;\">Pine-related goods and activities make up a substantial share of the Portuguese forestry sector, and more generally, of the Portuguese Economy. Therefore, it is vital for this resource to be protected, especially as uncertain economic times lie ahead. The pinewood nematode (PWN), <em>Bursaphelenchus xylophilus<\/em>, is a major threat to this sector, as it causes the pine wilt disease (PWD), leading to high losses in conifer forests. The PWN infects various <em>Pinus<\/em> spp., namely the maritime pine (<em>P. pinaster<\/em>), which is widely distributed in Portugal and is one of the most susceptible species. Other <em>Pinus<\/em> spp., such as the stone (<em>P. pinea<\/em>) and Aleppo (<em>P. halepensis<\/em>) pines are less, or even non-susceptible to the PWN. However, the reasons for these differences in susceptibility to PWN are not well understood. In recent years, members of our research team have independently worked on furthering our knowledge about PWN pathogenicity mechanisms and on host defence mechanisms. With this preliminary database at our disposal, we have now conceived the PineWALL project. This will be an innovative transdisciplinary approach focused on an often-overlooked aspect, which is how the pine cell wall (CW) composition and structure can influence the host susceptibility\/resistance to PWN infection under a climate change scenario. The PWN uses its stylet to mechanically breach host CW, while releasing hydrolytic enzymes against all groups of plant CW glycans. These enzymes act by softening the CW, facilitating PWN migration within the plant. Nonetheless, there is a lack of studies focused on CW characterisation in function of PWN infection. With PineWALL we aim at addressing this gap in our knowledge. This project will focus on how <em>Pinus<\/em> spp. traits are linked to PWN susceptibility\/resistance. Our main premise is that CW composition and structure are associated to varying degrees of susceptibility to PWN. Moreover, as drier and warmer conditions are likely to exacerbate vulnerability to PWN, we need to better understand the effects of varying environmental conditions on host susceptibility\/resistance to PWN infection. With this in mind, we have defined seven interconnected tasks that will make up the workplan for PineWALL. Susceptible and non-susceptible pine species (<em>P. pinaster<\/em>, <em>P. pinea<\/em>, <em>P. halepensis<\/em>) and <em>P. pinaster<\/em> genotypes with different susceptibilities to PWN will be inoculated with the nematodes and disease progression will be monitored while plants are grown under controlled temperatures and soil water contents. The morphology\/anatomy of susceptible and less susceptible <em>Pinus<\/em> spp. will be compared, in order to understand whether anatomical features have implications on disease progression. High-throughput vibrational spectroscopy methods will be used for an overall characterisation of the <em>Pinus<\/em> spp. CW. Chemical analytical methods will be used to perform a targeted characterisation of different CW fractions. Moreover, two immunological approaches will be employed to unveil the glycome profile of <em>Pinus<\/em> spp. CW, and to reveal <em>in muro<\/em> glycan distributions by in situ immunolabelling. Thus, helping to understand how CW glycans are linked to PWN susceptibility\/resistance. Data modelling will be performed to integrate all collected data, allowing the identification of biomarkers which would be used to predict PWN susceptibility\/resistance, ultimately contributing to the modelling of a <em>P. pinaster<\/em> ideotype, better adapted to changing climatic and phytopathological conditions. PineWALL will highly benefit from the Research and Higher Education platforms at the Universities of Coimbra and Porto, which are the two main institutions of the project. Furthermore, the multidisciplinary nature of PineWALL is the result of careful planning to include diverse but complementary skills within the team. Thus, each team member will uniquely contribute to the project, while relying on the skills of others, towards a shared purpose. This purpose being of producing a comprehensive picture of <em>Pinus<\/em> spp. CW in the context of PWN infection under a changing climate scenario. These studies will provide a wider understanding of PWN infection and host defence responses, and will be a valuable resource for researchers working with this detrimental plant pathogen. Lastly, as PineWALL aims at having a positive impact on society, we will interact directly with stakeholders in the forestry sector, promoting joint discussions to find solutions for problems affecting the Portuguese pine sector.<\/p>\n<p><b>State<\/b><br \/>Ongoing<br \/><b>Period<\/b><br \/>2021 to 2024<br \/><b>Funding<\/b><br \/>239.781,74 \u20ac<br \/><b>Project code<\/b><br \/>PTDC\/ASP-SIL\/3142\/2020<br \/><b>Funding entity<\/b><br \/>Portuguese Foundation for Science and Technology (FCT)<\/p>\n<p><b>Members<\/b><br \/><a href=\"http:\/\/qfm.uc.pt\/ricardo-costa\" data-wplink-url-error=\"true\">Ricardo da Costa<\/a> (Investigador Respons\u00e1vel)<br \/><a href=\"https:\/\/cfe.uc.pt\/laboratorios-servicos\/nemato-lab\/\">Lu\u00eds Fonseca<\/a><br \/><a href=\"https:\/\/cfe.uc.pt\/laboratorios-servicos\/nemato-lab\/\">Hugo Silva<\/a><br \/><a href=\"https:\/\/cfe.uc.pt\/laboratorios-servicos\/meddendro-lab\/\">Filipe Campelo<\/a><br \/><a href=\"https:\/\/laqv.requimte.pt\/people\/552-carmen_diniz_pereira\">Carmen Diniz<\/a><br \/><a href=\"https:\/\/cfe.uc.pt\/laboratorios-servicos\/nemato-lab\/\">Isabel Abrantes<\/a><br \/><a href=\"http:\/\/qfm.uc.pt\/joana-marques\" data-wplink-url-error=\"true\">Joana Marques<\/a><br \/><a href=\"https:\/\/cfe.uc.pt\/laboratorios-servicos\/nemato-lab\/\">Joana Cardoso<\/a><br \/>Jo\u00e3o Martins<br \/><a href=\"https:\/\/www.uc.pt\/fctuc\/dcv\/pessoas\/docentes\/\">Jorge Canhoto<\/a><br \/><a href=\"http:\/\/qfm.uc.pt\/luis-batista-de-carvalho\/\" data-wplink-url-error=\"true\">Lu\u00eds Batista de Carvalho<\/a><br \/><a href=\"http:\/\/qfm.uc.pt\/maria-paula-marques\/\" data-wplink-url-error=\"true\">Maria Paula Marques<\/a><br \/><a href=\"https:\/\/laqv.requimte.pt\/people\/2723-maria_joao_ferreira\">Maria Jo\u00e3o Ferreira<\/a><br \/><a href=\"https:\/\/laqv.requimte.pt\/people\/2699-silvia_vieira_de_almeida_coimbra\">S\u00edlvia Coimbra<\/a><\/p>\n<p><b>Project Dissemination<\/b><\/p>\n<p><a href=\"https:\/\/www.rtp.pt\/play\/p470\/portugal-em-direto\">Radio Antena 1 (Portugal), Programme &#8220;Portugal em Direto&#8221;<\/a> (from minute 19).<\/p>\n<p><a href=\"https:\/\/www.dropbox.com\/scl\/fi\/dvnqc8t7z3dqdxtoj6cld\/RadioRegional.mp4?rlkey=iuyb33s3oa0ffx8vndltb1zpp&amp;st=yfc5om8f&amp;dl=0\">Radio Regional do Centro (Portugal), Programme &#8220;Regional Rural&#8221;.<\/a><\/p>\n<p><a href=\"https:\/\/www.uc.pt\/en\/uid\/biotec\/events\/florestas_2024\">Event website. &#8220;A Floresta Portuguesa num Mundo em Mudan\u00e7a&#8221;<\/a><\/p>\n<p><a href=\"https:\/\/www.calameo.com\/read\/004589253a56992381982\">Magazine article (Portugal): Gazeta Rural n\u00ba 451, pp. 36-37.<\/a><\/p>\n<p><a href=\"https:\/\/www.uc.pt\/en\/uid\/biotec\/events\/florestas_2024\/noticias\/diario_de_coimbra\">Newspaper article (Portugal): Di\u00e1rio as Beiras; &#8220;A Floresta Portuguesa num Mundo em Mudan\u00e7a&#8221;.<\/a><\/p>\n<p><a href=\"https:\/\/www.uc.pt\/en\/uid\/biotec\/events\/florestas_2024\/noticias\/industria_e_ambiente\">Online News article (Portugal): Ind\u00fastria e Ambiente; FCTUC realiza evento sobre &#8220;A Floresta Portuguesa num Mundo em Mudan\u00e7a&#8221;.<\/a><\/p>\n<p><a href=\"https:\/\/noticias.uc.pt\/artigos\/universidade-de-coimbra-promove-encontro-sobre-a-floresta-portuguesa-num-mundo-em-mudanca\/\">Online News article (Portugal): Not\u00edcias UC; Universidade de Coimbra promove encontro sobre &#8220;A Floresta Portuguesa num Mundo em Mudan\u00e7a&#8221;.<\/a><\/p>\n<p><a href=\"https:\/\/www.uc.pt\/en\/uid\/biotec\/events\/florestas_2024\/noticias\/agroportal\">Online News article (Portugal): Agroportal; &#8220;A Floresta Portuguesa num Mundo em Mudan\u00e7a &#8211; 23 de abril &#8211; Coimbra&#8221;.<\/a><\/p>\n<p><a href=\"https:\/\/www.uc.pt\/en\/iii\/nei\/nei-2022-2023\/\">Dissemination of the project at the European Researchers\u2019 Night 2022\/2023 &#8220;Noite Europeia dos Investigadores&#8221;<\/a> \u2013 Hands-on activities and <a href=\"https:\/\/qfm.uc.pt\/wp-content\/uploads\/2024\/05\/EuropeanResearchersNight.pdf\">project leaflet<\/a> distribution to public (Portugal).<\/p>\n<p><a href=\"https:\/\/qfm.uc.pt\/wp-content\/uploads\/2024\/05\/2403_DiaDaFloresta.pdf\">Dissemination of the project at the &#8220;Dia Internacional da Floresta&#8221; 21.03 DCV \u2013 Hands-on activities and project leaflet distribution to public (Portugal).<\/a><\/p>\n<p><a href=\"https:\/\/www.rtp.pt\/play\/p2936\/e542708\/90-segundos-ciencia\">Radio Antena 1 (Portugal), Programme \u201c90 Segundos de Ci\u00eancia\u201d.<\/a><\/p>\n<p><a href=\"https:\/\/www.canalextremadura.es\/a-la-carta\/espacio-protegido\/audios\/la-mirada-verde-proyecto-pinewall-para-afrontar-el-nematodo-del\">Radio Canal Extremadura (Spain), Programme &#8220;La Mirada Verde&#8221;.<\/a><\/p>\n<p><a href=\"https:\/\/www.uc.pt\/en\/fctuc\/dct\/noticias\/european-researchers-night-2021\/\">Dissemination of the project in the European Researchers&#8217; Night 2021\/2022 \u201cNoite Europeia dos Investigadores\u201d \u2013 Hands-on activities and project leaflet distribution to public (Portugal).<\/a><\/p>\n<p><a href=\"https:\/\/www.calameo.com\/read\/0045892538741e7a56a98\">Magazine article (Portugal): Gazeta Rural n\u00ba 376, pp. 26-27.<\/a><\/p>\n<p><a href=\"https:\/\/efeverde.com\/pared-celular-pinos-solucion-plaga-nematodo\/\">Newspaper article (Spain): Agencia EFE; La pared celular de los pinos, soluci\u00f3n para acabar con la plaga de nem\u00e1todo.<\/a><\/p>\n<p><a href=\"https:\/\/www.asbeiras.pt\/2020\/12\/estudo-quer-apurar-por-que-razao-uns-pinheiros-resistem-ao-nematodo-e-outros-nao\/\">Newspaper article (Portugal): Di\u00e1rio as Beiras; Estudo quer apurar por que raz\u00e3o uns pinheiros resistem ao nem\u00e1todo e outros n\u00e3o.<\/a><\/p>\n<p><a href=\"https:\/\/www.diariocoimbra.pt\/noticia\/63948\">Newspaper article (Portugal): Di\u00e1rio de Coimbra; Porque \u00e9 que h\u00e1 uns pinheiros que resistem ao nem\u00e1todo e outros n\u00e3o?<\/a><\/p>\n<p><a href=\"https:\/\/www.clarin.com\/agencias\/efe-pared-celular-pinos-solucion-acabar-plaga-nematodo_0_2cAq2WLgV0.html\">Online News article (Argentina): Clar\u00edn EFE; La pared celular de los pinos, soluci\u00f3n para acabar con la plaga de nematodo.<\/a><\/p>\n<p><a href=\"https:\/\/www.infobae.com\/america\/agencias\/2020\/12\/30\/la-pared-celular-de-los-pinos-solucion-para-acabar-con-la-plaga-de-nematodo\/\">Online News article (Latin America): InfoBae; La pared celular de los pinos, soluci\u00f3n para acabar con la plaga de nematodo.<\/a><\/p>\n<p><a href=\"http:\/\/qfm.uc.pt\/wp-content\/uploads\/2023\/04\/Hola-News-estudo-PineWall.pdf\" data-wplink-url-error=\"true\">Online News article (Latin America): HolaNews; La pared celular de los pinos, soluci\u00f3n para acabar con la plaga de nematodo.<\/a><\/p>\n<p><a href=\"https:\/\/www.lavanguardia.com\/vida\/20201230\/6156839\/pared-celular-pinos-solucion-acabar-plaga-nematodo.html\">Online News article (Spain): La Vanguardia; La pared celular de los pinos, soluci\u00f3n para acabar con la plaga de nematodo.<\/a><\/p>\n<p><a href=\"https:\/\/www.eldiario.es\/agencias\/pared-celular-pinos-solucion-acabar-plaga-nematodo_1_6631124.html\">Online News article (Spain): elDiario.es; La pared celular de los pinos, soluci\u00f3n para acabar con la plaga de nematodo.<\/a><\/p>\n<p><a href=\"https:\/\/elsiglo.com.ve\/2020\/12\/30\/la-pared-celular-de-los-pinos-solucion-para-acabar-con-la-plaga\/\">Online News article (Venezuela): El Siglo; La pared celular de los pinos, soluci\u00f3n para acabar con la plaga de nematodo.<\/a><\/p>\n<p><a href=\"http:\/\/www.laconexionusa.com\/noticias\/2020123091980_lc9198030.asp\">Online News article (USA): La Conexion USA; La pared celular de los pinos, soluci\u00f3n para acabar con la plaga de nematodo.<\/a><\/p>\n<p><a href=\"https:\/\/www.lostiempos.com\/tendencias\/ciencia\/20201230\/pared-celular-pinos-solucion-acabar-plaga-nematodo\">Online News article (Bolivia): Los Tiempos; La pared celular de los pinos, soluci\u00f3n para acabar con la plaga de nematodo.<\/a><\/p>\n<p><a href=\"https:\/\/tn.com.ar\/agencias\/efe\/2020\/12\/30\/la-pared-celular-de-los-pinos-solucion-para-acabar-con-la-plaga-de-nematodo\/\">Online News article (Argentina): TN news; La pared celular de los pinos, soluci\u00f3n para acabar con la plaga de nematodo.<\/a><\/p>\n<p><a href=\"https:\/\/agriculturaemar.com\/investigadores-da-universidade-de-coimbra-estudam-combate-a-doenca-da-murchidao-do-pinheiro\/\">Online News article (Portugal): Agricultura &amp; Mar; Investigadores da Universidade de Coimbra estudam combate \u00e0 doen\u00e7a da murchid\u00e3o do pinheiro.<\/a><\/p>\n<p><a href=\"https:\/\/www.agroportal.pt\/projeto-pinewall-propoe-estrategia-inovadora-para-combater-a-doenca-da-murchidao-do-pinheiro\/\">Online News article (Portugal): Agroportal; Projeto PineWALL prop\u00f5e estrat\u00e9gia inovadora para combater a doen\u00e7a da murchid\u00e3o do pinheiro.<\/a><\/p>\n<p><a href=\"https:\/\/www.agroportal.pt\/estudo-quer-apurar-por-que-razao-uns-pinheiros-resistem-ao-nematodo-e-outros-nao\/\">Online News article (Portugal): Agroportal; Estudo quer apurar por que raz\u00e3o uns pinheiros resistem ao nem\u00e1todo e outros n\u00e3o.<\/a><\/p>\n<p><a href=\"https:\/\/www.ambientemagazine.com\/projeto-da-universidade-de-coimbra-propoe-estrategia-inovadora-para-combater-a-doenca-da-murchidao-do-pinheiro\/\">Online News article (Portugal): Ambiente Magazine; Projeto da Universidade de Coimbra prop\u00f5e estrat\u00e9gia inovadora para combater a doen\u00e7a da murchid\u00e3o do pinheiro.<\/a><\/p>\n<p><a href=\"http:\/\/baiadalusofonia.blogspot.com\/2020\/12\/internacional-projeto-pinewall-propoe.html\">Entry in Blog: Ba\u00eda da Lusofonia; Projeto PineWALL prop\u00f5e estrat\u00e9gia inovadora para combater a doen\u00e7a da murchid\u00e3o do pinheiro.<\/a><\/p>\n<p><a href=\"https:\/\/beiranews.pt\/2020\/12\/04\/projeto-pinewall-propoe-estrategia-inovadora-para-combater-a-doenca-da-murchidao-do-pinheiro\/\">Online News article (Portugal): BeiraNews; Projeto PineWALL prop\u00f5e estrat\u00e9gia inovadora para combater a doen\u00e7a da murchid\u00e3o do pinheiro.<\/a><\/p>\n<p><a href=\"https:\/\/www.confagri.pt\/estudo-quer-apurar-razao-uns-pinheiros-resistem-ao-nematodo-outros-nao\/?doing_wp_cron=1682012199.0583860874176025390625\">Online News article (Portugal): CONFAGRI; Estudo quer apurar por que raz\u00e3o uns pinheiros resistem ao nem\u00e1todo e outros n\u00e3o.<\/a><\/p>\n<p><a href=\"https:\/\/www.campeaoprovincias.pt\/noticia\/uc-lidera-estudo-internacional-sobre-o-combate-a-doenca-da-murchidao-do-pinheiro\">Online News article (Portugal): Campe\u00e3o da Prov\u00edncias; UC lidera estudo internacional sobre o combate \u00e0 doen\u00e7a da murchid\u00e3o do pinheiro.<\/a><\/p>\n<p><a href=\"http:\/\/litoralcentro-comunicacaoeimagem.pt\/2020\/12\/04\/projeto-pinewall-propoe-estrategia-inovadora-para-combater-a-doenca-da-murchidao-do-pinheiro\/\">Online News article (Portugal): Litoral Centro &#8211; Comunica\u00e7\u00e3o e Imagem; Projeto PineWALL prop\u00f5e estrat\u00e9gia inovadora para combater a doen\u00e7a da murchid\u00e3o do pinheiro.<\/a><\/p>\n<p><a href=\"https:\/\/www.luso.eu\/geral-sociadade\/projeto-pinewall-propoe-estrategia-inovadora-para-combater-a-doenca-da-murchidao-do-pinheiro.html\">Online News article (Portugal): Luso.eu; Projeto PineWALL prop\u00f5e estrat\u00e9gia inovadora para combater a doen\u00e7a da murchid\u00e3o do pinheiro.<\/a><\/p>\n<p><a href=\"http:\/\/miraonline.pt\/projeto-pinewall-propoe-estrategia-inovadora-para-combater-a-doenca-da-murchidao-do-pinheiro\/\">Online News article (Portugal): Mira Online; Projeto PineWALL prop\u00f5e estrat\u00e9gia inovadora para combater a doen\u00e7a da murchid\u00e3o do pinheiro.<\/a><\/p>\n<p><a href=\"https:\/\/www.noticiasaominuto.com\/pais\/1640540\/estudo-por-que-ha-pinheiros-que-resistem-ao-nematodo-e-outros-nao\">Online News article (Portugal): Pa\u00eds ao Minuto; Estudo: Por que h\u00e1 pinheiros que resistem ao nem\u00e1todo e outros n\u00e3o?<\/a><\/p>\n<p><a href=\"https:\/\/www.mundoportugues.pt\/2020\/12\/04\/estudo-quer-apurar-por-que-razao-uns-pinheiros-resistem-ao-nematodo-e-outros-nao\/\">Online News article (Portugal): Mundo Portugu\u00eas; Estudo quer apurar por que raz\u00e3o uns pinheiros resistem ao nem\u00e1todo e outros n\u00e3o.<\/a><\/p>\n<p><a href=\"https:\/\/www.noticiasdecoimbra.pt\/estudo-quer-apurar-por-que-razao-uns-pinheiros-resistem-ao-nematodo-e-outros-nao\/\">Online News article (Portugal): Not\u00edcias de Coimbra; Estudo quer apurar por que raz\u00e3o uns pinheiros resistem ao nem\u00e1todo e outros n\u00e3o.<\/a><\/p>\n<p><a href=\"https:\/\/www.uc.pt\/fctuc\/noticias\/projeto-pinewall-propoe-estrategia-inovadora-para-combater-a-doenca-da-murchidao-do-pinheiro\/\">Online News article (Portugal): FCTUC-Noticias; Projeto PineWALL prop\u00f5e estrat\u00e9gia inovadora para combater a doen\u00e7a da murchid\u00e3o do pinheiro.<\/a><\/p>\n<p><a href=\"http:\/\/qfm.uc.pt\/wp-content\/uploads\/2023\/04\/Pravda-Ru-estudo-PineWall.pdf\" data-wplink-url-error=\"true\">Online News article (Russia): Pravda.ru; Projeto PineWALL prop\u00f5e estrat\u00e9gia inovadora para combater a doen\u00e7a da murchid\u00e3o do pinheiro.<\/a><\/p>\n<p><a href=\"https:\/\/presspoint.pt\/projeto-pinewall-combate-doenca-do-pinheiro\/\">Online News article (Portugal): Press Point; Doen\u00e7a da murchid\u00e3o do pinheiro: projeto PineWall prop\u00f5e estrat\u00e9gia de combate.<\/a><\/p>\n<p><a href=\"http:\/\/www.agronegocios.eu\/noticias\/projeto-pinewall-propoe-estrategia-inovadora-para-combater-a-doenca-da-murchidao-do-pinheiro\/\">Online News article (Portugal): AGROneg\u00f3cios; Projeto PineWALL prop\u00f5e estrat\u00e9gia inovadora para combater a doen\u00e7a da murchid\u00e3o do pinheiro.<\/a><\/p>\n<p><a href=\"https:\/\/noticiasdonordeste.pt\/projeto-pinewall-propoe-estrategia-inovadora-para-combater-a-doenca-da-murchidao-do-pinheiro\/\">Online News article (Portugal): Not\u00edcias do Nordeste; Projeto PineWALL prop\u00f5e estrat\u00e9gia inovadora para combater a doen\u00e7a da murchid\u00e3o do pinheiro.<\/a><\/p>\n<p><a href=\"https:\/\/www.agriterra.pt\/Artigos\/320729-Projeto-PineWALL-uma-estrategia-inovadora-para-combater-a-doenca-da-murchidao-do-pinheiro.html\">Online News article (Portugal): Agriterra; Projeto PineWALL: uma estrat\u00e9gia inovadora para combater a doen\u00e7a da murchid\u00e3o do pinheiro.<\/a><\/p>\n<p><a href=\"http:\/\/www.agrotec.pt\/noticias\/projeto-pinewall-estrategia-inovadora-para-a-doenca-da-murchidao-do-pinheiro\/\">Online News article (Portugal): AGROTEC; Projeto PineWALL: Estrat\u00e9gia inovadora para a doen\u00e7a da murchid\u00e3o do pinheiro. <\/a><\/p>\n","protected":false},"excerpt":{"rendered":"<p>Pine-related goods and activities make up a substantial share of the Portuguese forestry sector, and more generally, of the Portuguese Economy. Therefore, it is vital for this resource to be protected, especially as uncertain economic times lie ahead. The pinewood nematode (PWN), Bursaphelenchus xylophilus, is a major threat to this sector, as it causes the [&hellip;]<\/p>\n","protected":false},"author":1,"featured_media":0,"parent":596,"menu_order":0,"comment_status":"closed","ping_status":"closed","template":"","meta":{"footnotes":""},"class_list":["post-2847","page","type-page","status-publish","hentry"],"_links":{"self":[{"href":"https:\/\/qfm.uc.pt\/index.html\/wp-json\/wp\/v2\/pages\/2847","targetHints":{"allow":["GET"]}}],"collection":[{"href":"https:\/\/qfm.uc.pt\/index.html\/wp-json\/wp\/v2\/pages"}],"about":[{"href":"https:\/\/qfm.uc.pt\/index.html\/wp-json\/wp\/v2\/types\/page"}],"author":[{"embeddable":true,"href":"https:\/\/qfm.uc.pt\/index.html\/wp-json\/wp\/v2\/users\/1"}],"replies":[{"embeddable":true,"href":"https:\/\/qfm.uc.pt\/index.html\/wp-json\/wp\/v2\/comments?post=2847"}],"version-history":[{"count":3,"href":"https:\/\/qfm.uc.pt\/index.html\/wp-json\/wp\/v2\/pages\/2847\/revisions"}],"predecessor-version":[{"id":4846,"href":"https:\/\/qfm.uc.pt\/index.html\/wp-json\/wp\/v2\/pages\/2847\/revisions\/4846"}],"up":[{"embeddable":true,"href":"https:\/\/qfm.uc.pt\/index.html\/wp-json\/wp\/v2\/pages\/596"}],"wp:attachment":[{"href":"https:\/\/qfm.uc.pt\/index.html\/wp-json\/wp\/v2\/media?parent=2847"}],"curies":[{"name":"wp","href":"https:\/\/api.w.org\/{rel}","templated":true}]}}