{"id":3726,"date":"2024-01-11T10:52:26","date_gmt":"2024-01-11T10:52:26","guid":{"rendered":"http:\/\/192.168.10.13\/~qfm\/?page_id=3726"},"modified":"2025-07-17T08:36:18","modified_gmt":"2025-07-17T08:36:18","slug":"jessica-d-silva","status":"publish","type":"page","link":"https:\/\/qfm.uc.pt\/index.html\/jessica-d-silva\/","title":{"rendered":"J\u00e9ssica D. Silva"},"content":{"rendered":"\n<p style=\"text-align: justify;\"><strong><img loading=\"lazy\" decoding=\"async\" class=\"alignleft wp-image-3692\" src=\"http:\/\/192.168.10.13\/~qfm\/wp-content\/uploads\/2024\/01\/jessica-300x300.png\" alt=\"\" width=\"200\" height=\"200\" srcset=\"https:\/\/qfm.uc.pt\/wp-content\/uploads\/2024\/01\/jessica-300x300.png 300w, https:\/\/qfm.uc.pt\/wp-content\/uploads\/2024\/01\/jessica-150x150.png 150w, https:\/\/qfm.uc.pt\/wp-content\/uploads\/2024\/01\/jessica-768x768.png 768w, https:\/\/qfm.uc.pt\/wp-content\/uploads\/2024\/01\/jessica-90x90.png 90w, https:\/\/qfm.uc.pt\/wp-content\/uploads\/2024\/01\/jessica-100x100.png 100w, https:\/\/qfm.uc.pt\/wp-content\/uploads\/2024\/01\/jessica.png 904w\" sizes=\"auto, (max-width: 200px) 100vw, 200px\" \/>J\u00e9ssica D. Silva <\/strong>\u00e9 licenciada em Ci\u00eancias Forenses e Criminais e mestre em Bioqu\u00edmica. Atualmente, integra o programa doutoral em Bioci\u00eancias, com especializa\u00e7\u00e3o em Bioqu\u00edmica, na Unidade de I&amp;D Qu\u00edmica-F\u00edsica Molecular da Universidade de Coimbra. Tem experi\u00eancia em s\u00edntese inorg\u00e2nica, nomeadamente em complexos de platina e pal\u00e1dio, e dedica-se atualmente \u00e0 s\u00edntese e estudo de complexos de n\u00edquel, avaliando a sua atividade em linhas celulares de cancro do pulm\u00e3o atrav\u00e9s de ensaios biol\u00f3gicos e t\u00e9cnicas de espectroscopia\u00a0vibracional.<\/p>\n<hr \/>\n<table style=\"border-color: #ffffff; width: 92.5449%; height: 29px;\">\n<tbody>\n<tr style=\"height: 29px;\">\n<td style=\"width: 48.5636%; border-color: #ffffff; height: 29px; vertical-align: top;\"><b>Endere\u00e7o<\/b><br \/>Departamento de Qu\u00edmica<br \/>Faculdade de Ci\u00eancias e Tecnologia<br \/>Universidade de Coimbra<br \/>3004-535 Coimbra<\/td>\n<td style=\"width: 29.8699%; border-color: #ffffff; height: 29px; vertical-align: top;\"><b>E-mail<\/b><br \/><a href=\"mailto:jessicadsilva@uc.pt\">jessicadsilva@uc.pt<\/a><br \/><b>Telefone<\/b><br \/>+351 239 852 094<\/td>\n<td style=\"width: 27.2729%; border-color: #ffffff; height: 29px; vertical-align: top; text-align: left;\"><a href=\"https:\/\/orcid.org\/0000-0003-0737-6302\">ORCID ID<\/a><br \/><a href=\"https:\/\/www.cienciavitae.pt\/\/B112-0690-F3E0\">Ci\u00eancia Vitae<\/a><\/td>\n<\/tr>\n<\/tbody>\n<\/table>\n<hr \/>\n<p><b>Publica\u00e7\u00f5es<\/b><\/p>\n<p><a href=\"https:\/\/doi.org\/10.1016\/j.saa.2024.124389\">Vibrational microspectroscopy as a tool to unveil new chemotherapeutic strategies against osteosarcoma<\/a><br \/>R.C. Laginha, J.D. Silva, G. Cinque, L.A.E. Batista de Carvalho, A.L.M. Batista de Carvalho<br \/>Spectrochimica Acta Part A: Molecular and Biomolecular Spectroscopy (2024)<\/p>\n<p><a href=\"https:\/\/doi.org\/10.1038\/s41598-023-47649-w\">Cellular Dynamics as a Marker of Normal-to-Cancer Transition in Human Cells<\/a><br \/>M.P.M. Marques, A.L.M. Batista de Carvalho, C.B. Martins, J.D. Silva, M. Sarter, V. Garc\u00eda Sakai, R. Stewart, L.A.E. Batista de Carvalho<br \/>Scientific Reports <strong>13<\/strong>, 21709 (2023)<\/p>\n<p><a href=\"https:\/\/www.mdpi.com\/1420-3049\/28\/4\/1698\">A Non-Conventional Platinum Drug against a Non-Small Cell Lung Cancer Line<\/a><br \/>J.D. Silva, J. Marques, I.P. Santos, A.L.M. Batista de Carvalho, C.B. Martins, R.C. Laginha, L.A.E. Batista de Carvalho, M.P.M. Marques<br \/>Molecules <strong>28(4)<\/strong>, 1698 (2023)<\/p>\n","protected":false},"excerpt":{"rendered":"<p>J\u00e9ssica D. Silva \u00e9 licenciada em Ci\u00eancias Forenses e Criminais e mestre em Bioqu\u00edmica. Atualmente, integra o programa doutoral em Bioci\u00eancias, com especializa\u00e7\u00e3o em Bioqu\u00edmica, na Unidade de I&amp;D Qu\u00edmica-F\u00edsica Molecular da Universidade de Coimbra. Tem experi\u00eancia em s\u00edntese inorg\u00e2nica, nomeadamente em complexos de platina e pal\u00e1dio, e dedica-se atualmente \u00e0 s\u00edntese e estudo de [&hellip;]<\/p>\n","protected":false},"author":1,"featured_media":0,"parent":0,"menu_order":0,"comment_status":"closed","ping_status":"closed","template":"","meta":{"footnotes":""},"class_list":["post-3726","page","type-page","status-publish","hentry"],"_links":{"self":[{"href":"https:\/\/qfm.uc.pt\/index.html\/wp-json\/wp\/v2\/pages\/3726","targetHints":{"allow":["GET"]}}],"collection":[{"href":"https:\/\/qfm.uc.pt\/index.html\/wp-json\/wp\/v2\/pages"}],"about":[{"href":"https:\/\/qfm.uc.pt\/index.html\/wp-json\/wp\/v2\/types\/page"}],"author":[{"embeddable":true,"href":"https:\/\/qfm.uc.pt\/index.html\/wp-json\/wp\/v2\/users\/1"}],"replies":[{"embeddable":true,"href":"https:\/\/qfm.uc.pt\/index.html\/wp-json\/wp\/v2\/comments?post=3726"}],"version-history":[{"count":11,"href":"https:\/\/qfm.uc.pt\/index.html\/wp-json\/wp\/v2\/pages\/3726\/revisions"}],"predecessor-version":[{"id":4724,"href":"https:\/\/qfm.uc.pt\/index.html\/wp-json\/wp\/v2\/pages\/3726\/revisions\/4724"}],"wp:attachment":[{"href":"https:\/\/qfm.uc.pt\/index.html\/wp-json\/wp\/v2\/media?parent=3726"}],"curies":[{"name":"wp","href":"https:\/\/api.w.org\/{rel}","templated":true}]}}