{"id":3752,"date":"2024-01-11T11:15:30","date_gmt":"2024-01-11T11:15:30","guid":{"rendered":"http:\/\/192.168.10.13\/~qfm\/?page_id=3752"},"modified":"2026-01-16T16:14:53","modified_gmt":"2026-01-16T16:14:53","slug":"maria-felix","status":"publish","type":"page","link":"https:\/\/qfm.uc.pt\/index.html\/maria-felix\/","title":{"rendered":"Maria Marques F\u00e9lix"},"content":{"rendered":"\n<p style=\"text-align: justify;\"><strong><img loading=\"lazy\" decoding=\"async\" class=\"alignleft wp-image-3497\" src=\"http:\/\/192.168.10.13\/~qfm\/wp-content\/uploads\/2024\/01\/maria-300x300.png\" alt=\"\" width=\"200\" height=\"200\" srcset=\"https:\/\/qfm.uc.pt\/wp-content\/uploads\/2024\/01\/maria-300x300.png 300w, https:\/\/qfm.uc.pt\/wp-content\/uploads\/2024\/01\/maria-150x150.png 150w, https:\/\/qfm.uc.pt\/wp-content\/uploads\/2024\/01\/maria-768x768.png 768w, https:\/\/qfm.uc.pt\/wp-content\/uploads\/2024\/01\/maria-90x90.png 90w, https:\/\/qfm.uc.pt\/wp-content\/uploads\/2024\/01\/maria-100x100.png 100w, https:\/\/qfm.uc.pt\/wp-content\/uploads\/2024\/01\/maria.png 801w\" sizes=\"auto, (max-width: 200px) 100vw, 200px\" \/>Maria Marques F\u00e9lix <\/strong>\u00e9 licenciada em Biologia e mestre em Bioqu\u00edmica. Dedica-se ao estudo de tecidos humanos do colo do \u00fatero e \u00e0 identifica\u00e7\u00e3o de altera\u00e7\u00f5es neopl\u00e1sicas, por espetroscopia vibracional.<\/p>\n<hr \/>\n<table style=\"border-color: #ffffff; width: 92.5449%; height: 29px;\">\n<tbody>\n<tr style=\"height: 29px;\">\n<td style=\"width: 48.5636%; border-color: #ffffff; height: 29px; vertical-align: top;\"><b>Endere\u00e7o<\/b><br \/>Departamento de Qu\u00edmica<br \/>Faculdade de Ci\u00eancias e Tecnologia<br \/>Universidade de Coimbra<br \/>3004-535 Coimbra<\/td>\n<td style=\"width: 29.8699%; border-color: #ffffff; height: 29px; vertical-align: top;\"><b>E-mail<\/b><br \/><a href=\"mailto:mmfelix@student.uc.pt\">mmfelix@student.uc.pt<\/a><br \/><b>Telefone<\/b><br \/>+351 239 852 094<\/td>\n<td style=\"width: 27.2729%; border-color: #ffffff; height: 29px; vertical-align: top; text-align: left;\"><a href=\"https:\/\/orcid.org\/0000-0002-6396-1584\">ORCID ID<\/a><br \/><a href=\"https:\/\/www.cienciavitae.pt\/portal\/321D-8A19-367C\">Ci\u00eancia Vitae<\/a><\/td>\n<\/tr>\n<\/tbody>\n<\/table>\n<hr \/>\n<p><b>Publica\u00e7\u00f5es<\/b><\/p>\n<p><a href=\"https:\/\/doi.org\/10.1039\/D5DT01835H\">Palladium(II) Anticancer Agents: The Intricate Case of the Pd-Spermine Complex<\/a><br \/>J.A.V. Santos, M.M. F\u00e9lix, C.B. Martins, J. Marques, M.P.M. Marques, L.A.E. Batista de Carvalho<br \/>Dalton Transactions, <strong>54 (42)<\/strong>,15754-15764 (2025)<\/p>\n<p><a href=\"https:\/\/doi.org\/10.1021\/acs.analchem.5c02233\">New Chemotherapeutic Approaches to Treatment of Mesenchymal Triple-Negative Breast Cancer-Sensitive and Resistant to Cisplatin: Assessment of Cellular Response by Vibrational Microspectroscopy<\/a><br \/>C.B. Martins, A.L.M. Batista de Carvalho, M.M. F\u00e9lix, M. Vojtek, C. Diniz, L.A.E. Batista de Carvalho, M.P.M. Marques<br \/>Analytical Chemistry,\u00a0<strong>97(27), <\/strong>14709-14721 (2025)<\/p>\n<p><a href=\"https:\/\/doi.org\/10.3390\/molecules29050922\">Cervical Squamous Cell Carcinoma Diagnosis by FTIR Microspectroscopy<\/a><br \/>M.M. F\u00e9lix, M.V. Tavares, I.P. Santos, A.L.M. Batista de Carvalho, L.A.E. Batista de Carvalho, M.P.M. Marques<br \/>Molecules <strong>29<\/strong>, 922 (2024)<\/p>\n\n\n\n<p><\/p>\n","protected":false},"excerpt":{"rendered":"<p>Maria Marques F\u00e9lix \u00e9 licenciada em Biologia e mestre em Bioqu\u00edmica. Dedica-se ao estudo de tecidos humanos do colo do \u00fatero e \u00e0 identifica\u00e7\u00e3o de altera\u00e7\u00f5es neopl\u00e1sicas, por espetroscopia vibracional. Endere\u00e7oDepartamento de Qu\u00edmicaFaculdade de Ci\u00eancias e TecnologiaUniversidade de Coimbra3004-535 Coimbra E-mailmmfelix@student.uc.ptTelefone+351 239 852 094 ORCID IDCi\u00eancia Vitae Publica\u00e7\u00f5es Palladium(II) Anticancer Agents: The Intricate Case of [&hellip;]<\/p>\n","protected":false},"author":1,"featured_media":0,"parent":0,"menu_order":0,"comment_status":"closed","ping_status":"closed","template":"","meta":{"footnotes":""},"class_list":["post-3752","page","type-page","status-publish","hentry"],"_links":{"self":[{"href":"https:\/\/qfm.uc.pt\/index.html\/wp-json\/wp\/v2\/pages\/3752","targetHints":{"allow":["GET"]}}],"collection":[{"href":"https:\/\/qfm.uc.pt\/index.html\/wp-json\/wp\/v2\/pages"}],"about":[{"href":"https:\/\/qfm.uc.pt\/index.html\/wp-json\/wp\/v2\/types\/page"}],"author":[{"embeddable":true,"href":"https:\/\/qfm.uc.pt\/index.html\/wp-json\/wp\/v2\/users\/1"}],"replies":[{"embeddable":true,"href":"https:\/\/qfm.uc.pt\/index.html\/wp-json\/wp\/v2\/comments?post=3752"}],"version-history":[{"count":9,"href":"https:\/\/qfm.uc.pt\/index.html\/wp-json\/wp\/v2\/pages\/3752\/revisions"}],"predecessor-version":[{"id":4840,"href":"https:\/\/qfm.uc.pt\/index.html\/wp-json\/wp\/v2\/pages\/3752\/revisions\/4840"}],"wp:attachment":[{"href":"https:\/\/qfm.uc.pt\/index.html\/wp-json\/wp\/v2\/media?parent=3752"}],"curies":[{"name":"wp","href":"https:\/\/api.w.org\/{rel}","templated":true}]}}