{"id":4461,"date":"2024-06-03T14:26:20","date_gmt":"2024-06-03T14:26:20","guid":{"rendered":"https:\/\/qfm.uc.pt\/index.html\/?page_id=4461"},"modified":"2024-06-03T15:11:06","modified_gmt":"2024-06-03T15:11:06","slug":"joaomartins","status":"publish","type":"page","link":"https:\/\/qfm.uc.pt\/index.html\/language\/en\/joaomartins\/","title":{"rendered":"Jo\u00e3o Martins"},"content":{"rendered":"\n<p><img loading=\"lazy\" decoding=\"async\" class=\"alignleft wp-image-4456\" src=\"https:\/\/qfm.uc.pt\/wp-content\/uploads\/2024\/06\/JM_300x300px-150x150.png\" alt=\"\" width=\"200\" height=\"200\" srcset=\"https:\/\/qfm.uc.pt\/wp-content\/uploads\/2024\/06\/JM_300x300px-150x150.png 150w, https:\/\/qfm.uc.pt\/wp-content\/uploads\/2024\/06\/JM_300x300px-90x90.png 90w, https:\/\/qfm.uc.pt\/wp-content\/uploads\/2024\/06\/JM_300x300px-100x100.png 100w, https:\/\/qfm.uc.pt\/wp-content\/uploads\/2024\/06\/JM_300x300px.png 300w\" sizes=\"auto, (max-width: 200px) 100vw, 200px\" \/><\/p>\n<p style=\"text-align: justify;\"><strong>Jo\u00e3o Martins<\/strong> is a Biologist and holds a PhD in Biosciences (specialization in Biotechnology) from the University of Coimbra. He is a researcher at the Molecular Chemistry-Physics R&amp;D Unit at the University of Coimbra and is currently part of the PineWALL project. His research focuses on the response of plants to abiotic and biotic stresses, with the aim of understanding resistance mechanisms and selecting tolerant plants.<\/p>\n<hr \/>\n<table style=\"border-color: #ffffff; width: 99.5246%; height: 123px;\">\n<tbody>\n<tr style=\"height: 28px;\">\n<td style=\"width: 318px; border-color: #ffffff; height: 28px; vertical-align: top;\"><b>Address<\/b><br \/>Departamento de Qu\u00edmica<br \/>Faculdade de Ci\u00eancias e Tecnologia<br \/>Universidade de Coimbra<br \/>3004-535 Coimbra<\/td>\n<td style=\"width: 237px; border-color: #ffffff; height: 28px; vertical-align: top;\"><b>E-mail<\/b><br \/><a href=\"joao.martins@uc.pt\">joao.martins@uc.pt<\/a><br \/><b>Telephone<\/b><br \/>+351 239 852 094<\/td>\n<td style=\"width: 21.8487%; border-color: #ffffff; height: 28px; vertical-align: top;\"><a href=\"https:\/\/orcid.org\/0000-0002-3440-659X\" target=\"_blank\" rel=\"noopener\">ORCID ID<\/a><br \/><a href=\"https:\/\/www.scopus.com\/authid\/detail.uri?authorId=57214422668\" target=\"_blank\" rel=\"noopener\">Scopus ID\u00a0<\/a><br \/><a href=\"https:\/\/www.researchgate.net\/profile\/Joao-Martins-60\">ResearchGate<\/a><br \/><a href=\"https:\/\/www.cienciavitae.pt\/A51D-4F9F-F8C1\">Ci\u00eancia Vitae<\/a><br \/><a href=\"https:\/\/www.linkedin.com\/in\/jo%C3%A3o-martins-b34a9248\/?originalSubdomain=pt\" target=\"_blank\" rel=\"noopener\">LinkedIn<\/a><\/td>\n<\/tr>\n<\/tbody>\n<\/table>\n<hr \/>\n<p><b>Publications<\/b><\/p>\n<p><a href=\"https:\/\/www.doi.org\/10.3390\/plants12244133\">Drought-stress-induced changes in chloroplast gene expression in two contrasting strawberry tree (<em>Arbutus unedo<\/em> L.) genotypes<\/a><br \/>Martins J, Neves M, Canhoto J<br \/>Plants <strong>12<\/strong>, 4133 (2023)<\/p>\n<p><a href=\"https:\/\/www.doi.org\/10.3390\/plants12040850\">Testing explant sources, culture media, and light conditions for the improvement of organogenesis in <em>Pinus ponderosa<\/em> (P. Lawson and C. Lawson)<\/a><br \/>Rojas-Vargas A, Castander-Olarieta A, Nascimento A V\u00e9lez M, Pereira C, Martins J, Zuzarte M, Canhoto J, Montalb\u00e1n I, Moncale\u00e1n P<br \/>Plants <strong>12<\/strong>, 850 (2023)<\/p>\n<p><a href=\"https:\/\/www.doi.org\/10.3390\/f14020208\">Effects of polyploidy on physiological performance of acclimatized <em>Solanum betaceum <\/em>\u00a0Cav. plants under water deficit<\/a><br \/>Correia S, Braga A, Martins J, Correia B, Pinto G, Canhoto J<br \/>Forests <strong>14<\/strong>, 208 (2023)<\/p>\n<p><a href=\"https:\/\/www.doi.org\/10.3389\/fpls.2022.1011542\">Genotype determines <em>Arbutus unedo <\/em>L. physiological and metabolomic responses to drought and recovery<\/a><br \/>Martins J, P\u00e9triacq P, Flandin A, G\u00f3mez-Cadenas A, Monteiro P, Pinto G, Canhoto J Frontiers in Plant Science <strong>13<\/strong>, 1011542 (2022)<\/p>\n<p><a href=\"https:\/\/www.doi.org\/10.1016\/j.scienta.2022.111248\">Unveiling the compositional remodelling of <em>Arbutus unedo <\/em>L. fruits during ripening<\/a><br \/>Marques M, Martin D, Bosch M, Martins J, Biswal A, Zuzarte M, Carvalho L, Canhoto J, Costa R<br \/>Scientia Horticulturae <strong>303<\/strong>, 111248 (2022)<\/p>\n<p><a href=\"https:\/\/www.doi.org\/10.1007\/s11240-022-02314-4\">Cloning adult trees of <em>Arbutus unedo <\/em>L. through somatic embryogenesis<\/a><br \/>Martins J, Correia S, Pinto G, Canhoto J<br \/>Plant Cell Tissue and Organ Culture <strong>150<\/strong>, 611\u2013626 (2022)<\/p>\n<p><a href=\"https:\/\/www.doi.org\/10.1016\/j.scienta.2021.110657\">A baseline of <em>Arbutus unedo<\/em> L. microbiome for future research: in vitro vs ex vitro<\/a><br \/>Martins J, Ares A, Costa J, Canhoto J<br \/>Scientia Horticulturae <strong>292<\/strong>, 110657 (2022)<\/p>\n<p><a href=\"https:\/\/www.doi.org\/10.3390\/plants10081569\">Identification and characterization of <em>Arbutus unedo<\/em> L. endophytic bacteria isolated from wild and<\/a> cultivated trees for the biological control of <em>Phytophthora cinnamomi<\/em><br \/>Martins J, Ares A, Casais V, Costa J, Canhoto J<br \/>Plants <strong>10<\/strong>, 1569 (2021)<\/p>\n<p><a href=\"https:\/\/www.doi.org\/10.1007\/s00709-021-01686-2\">Isolation and identification of <em>Arbutus unedo<\/em> L. fungi endophytes and biological control of <em>Phytophthora cinnamomi<\/em> in vitro<\/a><br \/>Martins J, Ver\u00edssimo P, Canhoto J<br \/>Protoplasma <strong>259<\/strong>, 659-677 (2021)<\/p>\n<p><a href=\"https:\/\/www.doi.org\/10.1007\/s11676-021-01369-x\">Biotechnology of the multipurpose tree species <em>Arbutus unedo<\/em>: a review<\/a><br \/>Martins J, Pinto G, Canhoto J<br \/>Journal of Forestry Research <strong>33<\/strong>, 377-390 (2021)<\/p>\n<p><a href=\"https:\/\/www.doi.org\/10.1007\/s00468-021-02137-4\">Seasonal variation of phenolic compounds in strawberry tree (<em>Arbutus unedo<\/em> L.) leaves and inhibitory potential on <em>Phytophthora cinnamomi<\/em><\/a><br \/>Martins J, Batista T, Pinto G, Canhoto J<br \/>Trees <strong>35<\/strong>, 1571-1586 (2021)<\/p>\n<p><a href=\"https:\/\/www.doi.org\/10.3390\/f12020148\">Hybridization assays in strawberry tree toward the identification of plants displaying increased drought tolerance<\/a><br \/>Martins J, Monteiro P, Pinto G, Canhoto J<br \/>Forests <strong>12<\/strong>, 148 (2021)<\/p>\n<p><a href=\"https:\/\/www.doi.org\/10.1007\/s00468-020-02036-0\">Study of physiological and biochemical events leading to vitrification of <em>Arbutus unedo<\/em> L. cultures in vitro<\/a><br \/>Marques M, Martins J, Carvalho L, Zuzarte M, Costa R, Canhoto J<br \/>Trees <strong>35<\/strong>, 241-253 (2020)<\/p>\n<p><a href=\"https:\/\/www.doi.org\/10.32615\/bp.2019.032\">Shoot proliferation and organogenesis on <em>Arbutus unedo<\/em>: physiological analysis under water stress<\/a><br \/>Martins J, Correia S, Correia B, Canhoto J<br \/>Biologia plantarum <strong>63<\/strong>, 278-286 (2019)<\/p>\n","protected":false},"excerpt":{"rendered":"<p>Jo\u00e3o Martins is a Biologist and holds a PhD in Biosciences (specialization in Biotechnology) from the University of Coimbra. He is a researcher at the Molecular Chemistry-Physics R&amp;D Unit at the University of Coimbra and is currently part of the PineWALL project. His research focuses on the response of plants to abiotic and biotic stresses, [&hellip;]<\/p>\n","protected":false},"author":1,"featured_media":0,"parent":0,"menu_order":0,"comment_status":"closed","ping_status":"closed","template":"","meta":{"footnotes":""},"class_list":["post-4461","page","type-page","status-publish","hentry"],"_links":{"self":[{"href":"https:\/\/qfm.uc.pt\/index.html\/wp-json\/wp\/v2\/pages\/4461","targetHints":{"allow":["GET"]}}],"collection":[{"href":"https:\/\/qfm.uc.pt\/index.html\/wp-json\/wp\/v2\/pages"}],"about":[{"href":"https:\/\/qfm.uc.pt\/index.html\/wp-json\/wp\/v2\/types\/page"}],"author":[{"embeddable":true,"href":"https:\/\/qfm.uc.pt\/index.html\/wp-json\/wp\/v2\/users\/1"}],"replies":[{"embeddable":true,"href":"https:\/\/qfm.uc.pt\/index.html\/wp-json\/wp\/v2\/comments?post=4461"}],"version-history":[{"count":9,"href":"https:\/\/qfm.uc.pt\/index.html\/wp-json\/wp\/v2\/pages\/4461\/revisions"}],"predecessor-version":[{"id":4481,"href":"https:\/\/qfm.uc.pt\/index.html\/wp-json\/wp\/v2\/pages\/4461\/revisions\/4481"}],"wp:attachment":[{"href":"https:\/\/qfm.uc.pt\/index.html\/wp-json\/wp\/v2\/media?parent=4461"}],"curies":[{"name":"wp","href":"https:\/\/api.w.org\/{rel}","templated":true}]}}