{"id":468,"date":"2017-08-21T15:16:30","date_gmt":"2017-08-21T15:16:30","guid":{"rendered":"https:\/\/qfmweb.wordpress.com\/?page_id=468"},"modified":"2026-01-16T15:27:47","modified_gmt":"2026-01-16T15:27:47","slug":"ana-batista-carvalho","status":"publish","type":"page","link":"https:\/\/qfm.uc.pt\/index.html\/ana-batista-carvalho\/","title":{"rendered":"Ana Batista de Carvalho"},"content":{"rendered":"<p><img loading=\"lazy\" decoding=\"async\" class=\"alignleft wp-image-3345\" src=\"http:\/\/192.168.10.13\/~qfm\/wp-content\/uploads\/2024\/01\/AL-300x300.png\" alt=\"\" width=\"200\" height=\"201\" srcset=\"https:\/\/qfm.uc.pt\/wp-content\/uploads\/2024\/01\/AL-300x300.png 300w, https:\/\/qfm.uc.pt\/wp-content\/uploads\/2024\/01\/AL-150x150.png 150w, https:\/\/qfm.uc.pt\/wp-content\/uploads\/2024\/01\/AL-90x90.png 90w, https:\/\/qfm.uc.pt\/wp-content\/uploads\/2024\/01\/AL-100x100.png 100w, https:\/\/qfm.uc.pt\/wp-content\/uploads\/2024\/01\/AL.png 369w\" sizes=\"auto, (max-width: 200px) 100vw, 200px\" \/><\/p>\n<p style=\"text-align: justify;\"><b>Ana Batista de Carvalho\u00a0<\/b>\u00e9 investigadora na Unidade de I&amp;D Qu\u00edmica-F\u00edsica Molecular.\u00a0Dedica a sua actividade de investiga\u00e7\u00e3o no estudo experimental (espectroscopia vibracional) de compostos de platina e pal\u00e1dio e compostos fen\u00f3licos com potencial actividade anticancer\u00edgena e antioxidante.<\/p>\n<hr \/>\n<table style=\"border-color: #ffffff; width: 96.5801%; height: 159px;\">\n<tbody>\n<tr>\n<td style=\"width: 318px; border-color: #ffffff; height: 29px; vertical-align: top;\"><b>Endere\u00e7o<\/b><br \/>\nDepartamento de Qu\u00edmica<br \/>\nFaculdade de Ci\u00eancias e Tecnologia<br \/>\nUniversidade de Coimbra<br \/>\n3004-535 Coimbra<\/td>\n<td style=\"width: 237px; border-color: #ffffff; height: 29px; vertical-align: top;\"><b>E-mail<\/b><br \/>\n<a href=\"mailto:almbc@uc.pt\">almbc@uc.pt<\/a><br \/>\n<b>Telefone<\/b><br \/>\n+351 239 852 084<\/td>\n<td style=\"width: 27.2729%; border-color: #ffffff; height: 29px; vertical-align: top; text-align: left;\"><a href=\"http:\/\/orcid.org\/0000-0003-1280-3321\" target=\"_blank\" rel=\"noopener\">ORCID ID<\/a><br \/>\n<a href=\"http:\/\/www.researcherid.com\/rid\/A-2929-2014\" target=\"_blank\" rel=\"noopener\">ResearcherID<\/a><br \/>\n<a href=\"https:\/\/www.scopus.com\/authid\/detail.uri?authorId=55355733500\" target=\"_blank\" rel=\"noopener\">Scopus ID<\/a><br \/>\n<a href=\"https:\/\/www.researchgate.net\/profile\/Ana_Batista_De_Carvalho\">ResearchGate<\/a><br \/>\n<a href=\"https:\/\/www.cienciavitae.pt\/portal\/4419-A4AF-3D7C\">Ci\u00eancia Vitae<\/a><br \/>\n<a href=\"https:\/\/www.linkedin.com\/in\/almbc\/\" target=\"_blank\" rel=\"noopener\">LinkedIn<\/a><\/td>\n<\/tr>\n<\/tbody>\n<\/table>\n<hr \/>\n<p><b>Publica\u00e7\u00f5es<\/b><\/p>\n<p><a href=\"https:\/\/doi.org\/10.1039\/D5CP03679H\">Probing Drug Pharmacokinetics Using Neutron Scattering Techniques\u00a0<\/a><br \/>\nC.B. Martins, M. Sarter, A.L.M. Batista de Carvalho, V. Garc\u00eda-Sakai, T. Seydel, J. Ollivier, L.A.E. Batista de Carvalho, M.P. Marques<br \/>\nRoyal Society of Chemistry,<strong>28<\/strong>,1293 (2026)<\/p>\n<p><a href=\"https:\/\/doi.org\/10.1021\/acs.analchem.5c02233\">New Chemotherapeutic Approaches to Treatment of Mesenchymal Triple-Negative Breast Cancer-Sensitive and Resistant to Cisplatin: Assessment of Cellular Response by Vibrational Microspectroscopy<\/a><br \/>\nC.B. Martins, A.L.M. Batista de Carvalho, M.M. F\u00e9lix, M. Vojtek, C. Diniz, L.A.E. Batista de Carvalho, M.P.M. Marques<br \/>\nAnalytical Chemistry,\u00a0<strong>97(27), <\/strong>14709-14721 (2025)<\/p>\n<p><a href=\"https:\/\/doi.org\/10.1038\/s41598-024-67386-y\">Synchrotron Nano-FTIR Spectroscopy for Probing Anticancer Drugs at Subcellular Scale<\/a><br \/>\nL.A.E. Batista de Carvalho, G. Cinque, A.L.M. Batista de Carvalho, J.Marques, M.D.Fogley, H. Vondracek, M.P.M. Marques<br \/>\nScientific Reports <strong>14<\/strong>, 17166 (2024)<\/p>\n<p><a href=\"https:\/\/doi.org\/10.1016\/j.saa.2024.124389\">Vibrational microspectroscopy as a tool to unveil new chemotherapeutic strategies against osteosarcoma<\/a><br \/>\nR.C. Laginha, J.D. Silva, G. Cinque, L.A.E. Batista de Carvalho, A.L.M. Batista de Carvalho<br \/>\nSpectrochimica Acta Part A: Molecular and Biomolecular Spectroscopy (2024)<\/p>\n<p><a href=\"https:\/\/pubs.acs.org\/doi\/full\/10.1021\/acs.jmedchem.4c00435\">Pd<sub>2<\/sub>Spermine as an Alternative Therapeutics for Cisplatin-Resistant Triple-Negative Breast Cancer<\/a><br \/>\nT.J. Carneiro, A.L.M. Batista de Carvalho, M. Vojtek, R.C. Laginha, M.P.M. Marques, C. Diniz, A.M. Gil<br \/>\nJournal of Medicinal Chemistry (2024)<\/p>\n<p><a href=\"https:\/\/doi.org\/10.3390\/molecules29050922\">Cervical Squamous Cell Carcinoma Diagnosis by FTIR Microspectroscopy<\/a><br \/>\nM.M. F\u00e9lix, M.V. Tavares, I.P. Santos, A.L.M. Batista de Carvalho, L.A.E. Batista de Carvalho, M.P.M. Marques<br \/>\nMolecules <strong>29<\/strong>, 922 (2024)<\/p>\n<p style=\"text-align: justify;\"><a href=\"https:\/\/doi.org\/10.1038\/s41598-023-47649-w\">Cellular Dynamics as a Marker of Normal-to-Cancer Transition in Human Cells<\/a><br \/>\nM.P.M. Marques, A.L.M. Batista de Carvalho, C.B. Martins, J.D. Silva, M. Sarter, V. Garc\u00eda Sakai, R. Stewart, L.A.E. Batista de Carvalho<br \/>\nScientific Reports <strong>13<\/strong>, 21709 (2023)<\/p>\n<p style=\"text-align: justify;\"><a href=\"https:\/\/doi.org\/10.1186\/s12935-023-03124-0\">Disclosing a Metabolic Signature of Cisplatin Resistance in MDA-MB-231 Triple-Negative Breast Cancer Cells by NMR Metabolomics<\/a><br \/>\nT.J. Carneiro, A.L.M. Batista de Carvalho, M. Vojtek, I.F. Carmo, M.P.M. Marques, C. Diniz, A.M. Gil<br \/>\nCancer Cell International<strong> 23<\/strong>, 310 (2023)<\/p>\n<p style=\"text-align: justify;\"><a href=\"https:\/\/doi.org\/10.1002\/chem.202301442\">Fluorinated Mn(III)\/(II)-Porphyrin with Redox-Responsive <sup>1<\/sup>H and <sup>19<\/sup>F Relaxation Properties<\/a><br \/>\nS.M.A. Pinto, A.R.R. Ferreira, D.S.S. Teixeira, S.C.C. Nunes, A.L.M. Batista de Carvalho, J.M.S. Almeida, Z. Garda, A. Pallier, A.A.C.C. Pais, C.M.A. Brett, E. T\u00f3th, M.P.M. Marques, M.M. Pereira, C.F.G.C. Geraldes<br \/>\nChemistry \u2013 A European Journal <strong>2023<\/strong>, e202301442 (2023)<\/p>\n<p style=\"text-align: justify;\"><a href=\"https:\/\/doi.org\/10.3390\/pharmaceutics15041205\">Pd(II) and Pt(II) Trinuclear Chelates with Spermidine: Selective Anticancer Activity Towards TNBC-sensitive and -resistant to Cisplatin<\/a><br \/>\nM. Vojtek, C.B. Martins, R. Ramos, S.G. Duarte, I.M.P.L.V.O. Ferreira, A.L.M. Batista de Carvalho, M.P.M. Marques, C. Diniz<br \/>\nPharmaceutics \u2013 Special Issue &#8220;Beyond the Platinum in Metal-Based Cancer Therapy II&#8221;<strong> 15<\/strong>, 1205\u00a0(2023)<\/p>\n<p><a href=\"https:\/\/www.mdpi.com\/1420-3049\/28\/4\/1698\">A Non-Conventional Platinum Drug against a Non-Small Cell Lung Cancer Line<\/a><br \/>\nJ.D. Silva, J. Marques, I.P. Santos, A.L.M. Batista de Carvalho, C.B. Martins, R.C. Laginha, L.A.E. Batista de Carvalho, M.P.M. Marques<br \/>\nMolecules <strong>28(4)<\/strong>, 1698 (2023)<\/p>\n<p><a href=\"https:\/\/doi.org\/10.3390\/ijms24031888\">Evaluation of the Cytotoxic Effect of Pd<sub>2<\/sub>Spm against Prostate Cancer through Vibrational Microspectroscopies<\/a><br \/>\nR.C. Laginha, C.B. Martins, A.L.C. Brand\u00e3o, J. Marques, M.P.M. Marques, L.A.E. Batista de Carvalho, I.P. Santos, A.L.M. Batista de Carvalho<br \/>\nInternational Journal of Molecular Sciences <strong>24(3)<\/strong>, 1888 (2023)<\/p>\n<p><a href=\"https:\/\/doi.org\/10.3390\/ijms232213773\">Effect of Pd<sub>2<\/sub>Spermine on Mice Brain-Liver Axis Metabolism Assessed by NMR Metabolomics<\/a><br \/>\nT.J. Carneiro, M. Vojtek, S. Gon\u00e7alves-Martins, A.L.M. Batista de Carvalho, M.P.M. Marques, C. Diniz, A.M. Gil<br \/>\nInternational Journal of Molecular Sciences <strong>23(22)<\/strong>, 13773 (2022)<\/p>\n<p><a href=\"https:\/\/doi.org\/10.1039\/D2AN00622G\">Breast Cancer or Surrounding Normal Tissue? A Successful Discrimination by FTIR and Raman Microspectroscopies<\/a><br \/>\nA.P. Mamede, I.P. Santos, A.L.M. Batista de Carvalho, P. Figueiredo, M.C. Silva, M.P.M. Marques, L.A.E. Batista de Carvalho<br \/>\nAnalyst <strong>147(21)<\/strong>, 4919\u20134932 (2022)<\/p>\n<p><a href=\"https:\/\/doi.org\/10.1039\/d2cp00621a\">Water Dynamics in Human Cancer and Non-Cancer Tissues<\/a><br \/>\nM.P.M. Marques, I.P. Santos, A.L.M. Batista de Carvalho, A.P. Mamede, C.B. Martins, P. Figueiredo, M. Sarter, V. Garcia Sakai, L.A.E. Batista de Carvalho<br \/>\nPhysical Chemistry Chemical Physics <strong>24(25)<\/strong>, 15406\u201315415 (2022)<\/p>\n<p><a href=\"https:\/\/doi.org\/10.3390\/pharmaceutics14020259\">Metabolic Impact of Anticancer Drugs Pd<sub>2<\/sub>Spermine and Cisplatin on the Brain of Healthy Mice<\/a><br \/>\nT.J. Carneiro, M. Vojtek, S. Gon\u00e7alves-Monteiro, J.R. Neves, A.L.M. Batista de Carvalho, M.P.M. Marques, C. Diniz, A.M. Gil<br \/>\nPharmaceutics <strong>14(2)<\/strong>, 259 (2022)<\/p>\n<p><a href=\"https:\/\/doi.org\/10.3390\/biomedicines10020210\">Pd<sub>2<\/sub>Spermine Complex Shows Cancer Selectivity and Efficacy to Inhibit Growth of Triple-Negative Breast Tumors in Mice<\/a><br \/>\nM. Vojtek, S. Gon\u00e7alves-Monteiro, P. Seminska, K. Valova, L. Bell\u00f3n, P. Dias-Pereira, F. Marques, M.P.M. Marques, A.L.M. Batista de Carvalho, H. Mota-Filipe, I.M.P.L.V.O. Ferreira, C. Diniz<br \/>\nBiomedicines <strong>10(2)<\/strong>, 210 (2022)<\/p>\n<p><a href=\"https:\/\/doi.org\/10.3390\/cancers14020452\">Who\u2019s who? Discrimination of Human Breast Cancer Cell Lines by Raman and FTIR Microspectroscopy<\/a><br \/>\nI.P. Santos, C.B. Martins, L.A.E. Batista de Carvalho, M.P.M. Marques, A.L.M. Batista de Carvalho<br \/>\nCancers \u2013 Special Issue Biophotonics and Imaging for Cancer Screening, Diagnosis, and Treatment Monitoring <strong>14(2)<\/strong>, 452 (2022)<\/p>\n<p><a href=\"https:\/\/doi.org\/10.3390\/ECMC2022-13469\">Palladium-Spermine Complex (Pd<sub>2<\/sub>Spm) Triggers Autophagy and Caspase-Independent Cell Death in Triple-Negative Breast Cancer Cells<\/a><br \/>\nM. Vojtek, M.P.M. Marques, A.L.M. Batista de Carvalho, H. Mota-Filipe, I.M. Ferreira, C. Diniz<br \/>\nCancer Cells. In Medical Sciences Forum <strong>14(1)<\/strong>, 142 (2022)<\/p>\n<p><a href=\"https:\/\/doi.org\/10.3390\/cancers13215336\">A New Look into Cancer \u2013 A Review on the Contribution of Vibrational Spectroscopy on Early Diagnosis and Surgery Guidance<\/a><br \/>\nA.P. Mamede, I.P. Santos, A.L.M. Batista de Carvalho, P. Figueiredo, M.C. Silva, M.V. Tavares, M.P.M. Marques, L.A.E. Batista de Carvalho<br \/>\nCancers \u2013 Special Issue Biophotonics and Imaging for Cancer Screening, Diagnosis, and Treatment Monitoring <strong>13(21)<\/strong>, 5336 (2021)<\/p>\n<p><a href=\"https:\/\/doi.org\/10.3390\/metabo11020114\">Novel Insights into Mice Multi-organ Metabolism upon Exposure to a Potential Anticancer Pd(II)-Agent<\/a><br \/>\nT.J. Carneiro, R. Ara\u00fajo, M. Vojtek, S. Gon\u00e7alves-Monteiro, C. Diniz, A.L.M. Batista de Carvalho, M.P.M. Marques, A.M. Gil<br \/>\nMetabolites- Special Issue \u2013 Metabolomics in Drug Discovery and Development <strong>11(2)<\/strong>, 114 (2021)<\/p>\n<p><a href=\"https:\/\/doi.org\/10.3390\/ph14020173\">Preclinical Pharmacokinetics and Biodistribution of Anticancer Dinuclear Palladium(II)-Spermine Complex (Pd<sub>2<\/sub>Spm) in Mice<\/a><br \/>\nM. Vojtek, S. Gon\u00e7alves-Monteiro, E. Pinto, S. Kalivodov\u00e1, A. Almeida, M.P.M. Marques, A.L.M. Batista de Carvalho, C.B. Martins, H. Mota-Filipe, I.M.P.L.V.O Ferreira, C. Diniz<br \/>\nPharmaceuticals <strong>14(2)<\/strong>, 173 (2021)<\/p>\n<p><a href=\"https:\/\/doi.org\/10.1016\/j.bpj.2021.06.012\">Metallodrug\u2013Protein Interaction Probed by Synchrotron Terahertz and Neutron Scattering Spectroscopy<\/a><br \/>\nL.A.E. Batista de Carvalho, A.P. Mamede, A.L.M. Batista de Carvalho*, J. Marques, G. Cinque, S. Rudi\u0107, M.P.M. Marques<br \/>\nBiophysical Journal <strong>120(15)<\/strong>, 3070\u20133078 (2021)<\/p>\n<p><a href=\"https:\/\/doi.org\/10.3390\/molecules26164805\">Response of Osteosarcoma Cell Metabolism to Platinum and Palladium Chelates as Potential New Drugs<\/a><br \/>\nA.S. Martins, A.L.M. Batista de Carvalho, M.P.M. Marques, A.M. Gil<br \/>\nMolecules <strong>26(16)<\/strong>, 4805 (2021)<\/p>\n<p><a href=\"https:\/\/doi.org\/10.3390\/pharmaceutics13101563\">Re-use of Caco-2 Monolayers in Permeability Assays \u2013 Validation Regarding Cell Monolayer Integrity<\/a><br \/>\nC.L. Pires, C. Pra\u00e7a, P.A.T. Martins, A.L.M. Batista de Carvalho, L. Ferreira, M.P.M. Marques, M.J. Moreno<br \/>\nPharmaceutics <strong>13(10)<\/strong>, 1563 (2021)<\/p>\n<p><a href=\"https:\/\/doi.org\/10.3390\/ijms221910775\">Impact of Pd<sub>2<\/sub>Spm(spermine) Complex on the Metabolism of Triple-negative Breast Cancer Tumors of a Xenograft Mouse Model<\/a><br \/>\nT.J. Carneiro, R. Ara\u00fajo, M. Vojtek, S.G. Monteiro, C. Diniz, A.L.M. Batista de Carvalho, M.P.M. Marques, A.M. Gil<br \/>\nInternational Journal of Molecular Sciences <strong>22(19)<\/strong>, 10775 (2021)<\/p>\n<p><a href=\"https:\/\/doi.org\/10.1080\/0144235X.2020.1700083\">Intracellular Water as a Mediator of Anticancer Drug Action<\/a><br \/>\nM.P.M. Marques, A.L.M. Batista de Carvalho, A.P Mamede, S. Rudic, A. Dopplapudi, V. Garc\u00eda Sakai e L.A.E. Batista de Carvalho<br \/>\nInternational Reviews in Physical Chemistry <strong>39(1)<\/strong>, 67\u201381 (2020)<\/p>\n<p><a href=\"https:\/\/doi.org\/10.1063\/4.0000021\">Role of intracellular water in the normal-to-cancer transition in human cells \u2013 insights from quasi-elastic neutron scattering<\/a><br \/>\nM.P.M. Marques, A.L.M. Batista de Carvalho, A.P. Mamede, A. Dopplapudi, V. Garc\u00eda Sakai, L.A.E. Batista de Carvalho<br \/>\nStructural Dynamics <strong>7(5)<\/strong>, 054701 (2020)<\/p>\n<p><a href=\"https:\/\/doi.org\/10.3390\/molecules25020246\">A New Look into the Mode of Action of Metal-Based Anticancer Drugs<\/a><br \/>\nM.P.M. Marques, A.L.M. Batista de Carvalho, A.P. Mamede, A. Dopplapudi, S. Rudi\u0107, M. Tyagi, V. Garc\u00eda Sakai, L.A.E. Batista de Carvalho<br \/>\nMolecules <strong>25(2)<\/strong>, 246 (2020)<\/p>\n<p><a href=\"http:\/\/qfm.uc.pt\/wp-content\/uploads\/2023\/01\/slct.202001361.pdf\" data-wplink-url-error=\"true\">Cytotoxicity of Platinum and Palladium Chelates Against Osteosarcoma<\/a><br \/>\nA.S. Martins, A.L.M. Batista de Carvalho, I. Lamego, M.P.M. Marques, A.M. Gil<br \/>\nChemistrySelect <strong>5(20)<\/strong>, 5993\u20136000 (2020)<\/p>\n<p><a href=\"https:\/\/doi.org\/10.3390\/metabo9110279\">Multi-organ NMR Metabolomics to Assess In Vivo Overall Metabolic Impact of Cisplatin in Mice<\/a><br \/>\nT.J. Carneiro, R. Ara\u00fajo, M. Vojtek, S. Gon\u00e7alves-Monteiro, C. Diniz, A.L.M. Batista de Carvalho, M.P.M. Marques, A.M. Gil<br \/>\nMetabolites <strong>9(11)<\/strong>, 279 (2019)<\/p>\n<p><a href=\"https:\/\/pubs.acs.org\/doi\/pdf\/10.1021\/acs.jpcb.9b05596?rand=mar62rhx\">Chemotherapeutic Targets in Osteosarcoma Insights from Synchrotron-MicroFTIR and Quasi-Elastic Neutron Scattering<\/a><br \/>\nM.P.M. Marques, A.L.M. Batista de Carvalho, A.P. Mamede, I.P. Santos, V. Garc\u00eda-Sakai, A. Dopplapudi, G. Cinque, M. Wolna, P. Gardner, L.A.E. Batista de Carvalho<br \/>\nThe Journal of Physical Chemistry B <strong>123<\/strong>, 6968\u20136979 (2019)<\/p>\n<p><a href=\"https:\/\/www.ncbi.nlm.nih.gov\/pmc\/articles\/PMC6337611\/pdf\/molecules-24-00052.pdf\">Bioinspired-Metalloporphyrin Magnetic Nanocomposite as a Reusable Catalyst for Synthesis of Diastereomeric (-)-isopulegol Epoxide. Anticancer Activity Against Human Osteosarcoma Cells (MG-63)<\/a><br \/>\nL.D. Dias, A.L.M. Batista de Carvalho, S.M.A. Pinto, G.L.B. Aquino, M.J.F. Calvete, L.M. Rossi, M.P.M. Marques, M.M. Pereira<br \/>\nMolecules <strong>24(1)<\/strong>, 52 (2019)<\/p>\n<p><a href=\"https:\/\/pubs.rsc.org\/en\/content\/articlepdf\/2019\/cp\/c8cp05881d\">Anticancer Drug Impact on DNA \u2013 A Study by Neutron Spectroscopy coupled to Synchrotron-based FTIR and EXAFS<\/a><br \/>\nA.L.M. Batista de Carvalho, A.P. Mamede, A. Dopplapudi, V. Garcia Sakai, J. Doherty, M. Frogley, G. Cinque, P. Gardner, D. Gianolio, L.A.E. Batista de Carvalho, M.P.M. Marques<br \/>\nPhysical chemistry Chemical Physics <strong>21(8)<\/strong>, 4162\u20134175 (2019)<\/p>\n<p><a href=\"https:\/\/www.japsonline.com\/admin\/php\/uploads\/2891_pdf.pdf\">A Novel Approach in Glioblastoma Multiforme Drug Discovery: Perturbation Studies <em>in Vitro<\/em><\/a><br \/>\nL.C. Oliveira, M.P.M. Marques, A.J. Caseiro, S. R. Raposelli, A.L.M. Batista de Carvalho, A.P. Fonseca<br \/>\nJournal of Applied Pharmaceutical Science <strong>9(4)<\/strong>, 58\u201365 (2019)<\/p>\n<p><a href=\"https:\/\/doi.org\/10.2174\/1570180815666180502120804\">The Impact of Antioxidants from the Diet on Breast Cancer Cells Monitored by Raman Microspectroscopy<\/a><br \/>\nP.S.C. Medeiros, A.L.M. Batista de Carvalho, C. Ruano, J.C. Otero, M.P.M. Marques<br \/>\nLetters in Drug Design &amp; Discovery <strong>16(2)<\/strong>, 127\u2013137 (2018)<\/p>\n<p><a href=\"https:\/\/onlinelibrary.wiley.com\/doi\/epdf\/10.1107\/S2053229618005843?sentby=iucr\">Novel Platinum-based Anticancer Drug: a Complete Vibrational Study<\/a><br \/>\nA.L.M. Batista de Carvalho, S.F. Parker, L.A.E Batista de Carvalho, M.P.M. Marques<br \/>\nActa Chrystallographica Section C \u2013 Structural Chemistry C74, 628\u2013634 (2018)<\/p>\n<p><a href=\"http:\/\/www.eurekaselect.com\/149130\/article\" target=\"_blank\" rel=\"noopener\">Antiproliferative Activity of Olive Oil Phenolics Against Human Melanoma Cells<\/a><br \/>\nA.L.M. Batista de Carvalho, F. Caselli, V. Rodrigues, F. Paiva-Martins, M.P.M. Marques<br \/>\nLetters in Drug Design &amp; Discovery <strong>14<\/strong>, 1\u20137 (2017)<\/p>\n<p><a href=\"http:\/\/pubs.rsc.org\/-\/content\/articlelanding\/2017\/cp\/c6cp05198g\/unauth#!divAbstract\" target=\"_blank\" rel=\"noopener\">Intracellular Water \u2013 an Overlooked Drug Target? Cisplatin\u00b4s Impact in Cancer Cells Probed by Neutrons<\/a><br \/>\nM.P.M. Marques, A.L.M. Batista de Carvalho, V. Garcia-Sakai, L. Hatter, L.A.E. Batista de Carvalho<br \/>\nPhysical Chemistry Chemical Physics\u00a0<b>19<\/b>, 2702\u20132713 (2017)<\/p>\n<p><a href=\"http:\/\/qfm.uc.pt\/wp-content\/uploads\/2017\/07\/PLosONE_16.pdf\" target=\"_blank\" rel=\"noopener\">Anti-invasive and Anti-proliferative Synergism Between Docetaxel and a Polynuclear Pd-Spermine Agent<\/a><br \/>\nA.L.M. Batista de Carvalho, P.S.C. Medeiros, F.M. Costa, V.P. Ribeiro, J.B. Sousa, C. Diniz, M.P.M. Marques<br \/>\nPLoS ONE <strong>11<\/strong>, e0167218 (2016)<\/p>\n<p><a href=\"http:\/\/qfm.uc.pt\/wp-content\/uploads\/2017\/07\/FoodFunct_16.pdf\" target=\"_blank\" rel=\"noopener\">Raman Microspectroscopy for Probing the Impact of a Dietary Antioxidant on Human Breast Cancer Cells<\/a><br \/>\nP.S.C. Medeiros, A.L.M. Batista de Carvalho, C. Ruano, J.C. Otero, M.P.M. Marques<br \/>\nFood&amp;Function <strong>7<\/strong>, 2800\u20132810 (2016)<\/p>\n<p><a href=\"http:\/\/qfm.uc.pt\/wp-content\/uploads\/2017\/07\/FaradayDisc_16.pdf\" target=\"_blank\" rel=\"noopener\">Chemotherapeutic Response to Cisplatin-like Drugs in Human Breast Cancer Cells Probed by Vibrational Microspectroscopy<\/a><br \/>\nA.L.M. Batista de Carvalho, M. Pilling, P. Gardner, J. Doherty, G. Cinque, K. Wehbe, C. Kelley, L.A.E. Batista de Carvalho, M.P.M. Marques<br \/>\nFaraday Discussions <strong>187<\/strong>, 273\u2013298 (2016)<\/p>\n<p>In Vitro Probing of Human Refractory Prostate Cancer Cells by MicroRaman Spectroscopy<br \/>\nA.L.M. Batista de Carvalho, C.R. Frias, J.C. Otero, M.P.M. Marques<br \/>\nFEBS Journal\u00a0<b>280(S1)<\/b>, 311 (2013)<\/p>\n<p><a href=\"https:\/\/doi.org\/10.2174\/092986712803306394\">New Strategies Against Prostate Cancer \u2013 Pt(II)-Based Chemotherapy<\/a><br \/>\nC.S. Matos, A.L.M. Batista de Carvalho, R. Pedro Lopes e M.P.M. Marques<br \/>\nCurrent Medicinal Chemistry <strong>19(27)<\/strong>, 4678\u20134687 (2012)<\/p>\n<p><a href=\"http:\/\/qfm.uc.pt\/wp-content\/uploads\/2017\/07\/SpecIJ_12_27_1.pdf\">Pt(II) Complexes with Linear Diamines \u2014 Part I: Vibrational Study of Pt-Diaminopropane<\/a><br \/>\nA.L.M. Batista de Carvalho, S.M. Fiuza, J. Tomkinson, L.A.E. Batista de Carvalho, M.P.M. Marques<br \/>\nSpectroscopy: An International Journal\u00a0<b>27(5-6)<\/b>, 403\u2013413 (2012)<\/p>\n","protected":false},"excerpt":{"rendered":"<p>Ana Batista de Carvalho\u00a0\u00e9 investigadora na Unidade de I&amp;D Qu\u00edmica-F\u00edsica Molecular.\u00a0Dedica a sua actividade de investiga\u00e7\u00e3o no estudo experimental (espectroscopia vibracional) de compostos de platina e pal\u00e1dio e compostos fen\u00f3licos com potencial actividade anticancer\u00edgena e antioxidante. Endere\u00e7o Departamento de Qu\u00edmica Faculdade de Ci\u00eancias e Tecnologia Universidade de Coimbra 3004-535 Coimbra E-mail almbc@uc.pt Telefone +351 239 [&hellip;]<\/p>\n","protected":false},"author":1,"featured_media":0,"parent":0,"menu_order":0,"comment_status":"closed","ping_status":"closed","template":"","meta":{"footnotes":""},"class_list":["post-468","page","type-page","status-publish","hentry"],"_links":{"self":[{"href":"https:\/\/qfm.uc.pt\/index.html\/wp-json\/wp\/v2\/pages\/468","targetHints":{"allow":["GET"]}}],"collection":[{"href":"https:\/\/qfm.uc.pt\/index.html\/wp-json\/wp\/v2\/pages"}],"about":[{"href":"https:\/\/qfm.uc.pt\/index.html\/wp-json\/wp\/v2\/types\/page"}],"author":[{"embeddable":true,"href":"https:\/\/qfm.uc.pt\/index.html\/wp-json\/wp\/v2\/users\/1"}],"replies":[{"embeddable":true,"href":"https:\/\/qfm.uc.pt\/index.html\/wp-json\/wp\/v2\/comments?post=468"}],"version-history":[{"count":12,"href":"https:\/\/qfm.uc.pt\/index.html\/wp-json\/wp\/v2\/pages\/468\/revisions"}],"predecessor-version":[{"id":4812,"href":"https:\/\/qfm.uc.pt\/index.html\/wp-json\/wp\/v2\/pages\/468\/revisions\/4812"}],"wp:attachment":[{"href":"https:\/\/qfm.uc.pt\/index.html\/wp-json\/wp\/v2\/media?parent=468"}],"curies":[{"name":"wp","href":"https:\/\/api.w.org\/{rel}","templated":true}]}}