{"id":4710,"date":"2025-07-16T11:09:49","date_gmt":"2025-07-16T11:09:49","guid":{"rendered":"https:\/\/qfm.uc.pt\/index.html\/?page_id=4710"},"modified":"2025-07-17T08:11:04","modified_gmt":"2025-07-17T08:11:04","slug":"combater-o-cancro-com-metalofarmacos-nao-convencionais-visar-novos-alvos","status":"publish","type":"page","link":"https:\/\/qfm.uc.pt\/index.html\/combater-o-cancro-com-metalofarmacos-nao-convencionais-visar-novos-alvos\/","title":{"rendered":"Combater o cancro com metalof\u00e1rmacos n\u00e3o convencionais &#8211; Visar novos alvos"},"content":{"rendered":"\n<p>O cancro \u00e9 um problema de sa\u00fade mundial, sendo a segunda principal causa de morte global \u2013 com quase 10 milh\u00f5es de mortes em 2020, e uma previs\u00e3o de aumento para 28,4 milh\u00f5es de casos at\u00e9 2040.<br>Foram desenvolvidos numerosos agentes citost\u00e1ticos com o objetivo de melhorar a atividade antineopl\u00e1sica, diminuir a resist\u00eancia adquirida e os efeitos secund\u00e1rios. Entre estes est\u00e3o compostos \u00e0 base de Pt e Pd, introduzidos ap\u00f3s a descoberta da cisplatina (cis-(NH3)2PtCl2) no final da d\u00e9cada de 1960. Ao longo dos anos, as cl\u00e1ssicas rela\u00e7\u00f5es estrutura-atividade (SAR) aplicadas a estes compostos foram quebradas, tendo sido desenvolvidos novos agentes, nomeadamente complexos com outros i\u00f5es met\u00e1licos (por exemplo Ni(II)) ou compreendendo mais do que um centro met\u00e1lico, como os quelatos polinucleares de Pt(II) e Pd(II), que se revelaram alternativas promissoras aos f\u00e1rmacos mononucleares de Pt utilizados clinicamente (cisplatina, carboplatina e oxaliplatina).<br>Verificou-se que os compostos de Pd apresentam uma atividade anticancer\u00edgena melhorada e efeitos secund\u00e1rios m\u00ednimos, em particular um agente dinuclear de Pd contra o cancro da mama triplo-negativo humano e o osteossarcoma. No presente projeto, ser\u00e3o tamb\u00e9m considerados complexos mistos (heteronucleares) de Pt\/Pd, uma vez que se espera que combinem a elevada citotoxicidade dos complexos de Pd (dirigida a c\u00e9lulas cancerosas) e sua baixa toxicidade para c\u00e9lulas saud\u00e1veis, com a menor labilidade \u2014 e consequente maior biodisponibilidade \u2014 dos compostos de Pt.<\/p>\n\n\n\n<p><strong>Estado:<\/strong><br>Em curso<br><strong>Per\u00edodo:<\/strong><br>2025 a 2028<br><strong>Financiamento:<\/strong><br>250 000,00 \u20ac<br><strong>C\u00f3digo do Projeto:<\/strong><br>COMPETE2030-FEDER-00672800<br><strong>Entidade Financiadora:<\/strong><br>Funda\u00e7\u00e3o para a Ci\u00eancia e Tecnologia (FCT)<\/p>\n\n\n\n<p><strong>Membros:<\/strong><br><a href=\"https:\/\/qfm.uc.pt\/ana-batista-carvalho\/\" data-type=\"link\" data-id=\"https:\/\/qfm.uc.pt\/ana-batista-carvalho\/\">Maria Paula Matos Marques Catarro<\/a> (investigador principal)<br><a href=\"https:\/\/qfm.uc.pt\/luis-batista-de-carvalho\/\" data-type=\"link\" data-id=\"https:\/\/qfm.uc.pt\/luis-batista-de-carvalho\/\">Luis Alberto Esteves Batista de Carvalho<\/a><br>Francisco Paulo de S\u00e1 Campos Gil<br><a href=\"https:\/\/qfm.uc.pt\/ana-batista-carvalho\/\" data-type=\"link\" data-id=\"https:\/\/qfm.uc.pt\/ana-batista-carvalho\/\">Ana Lucia Marques Batista de Carvalho<\/a><br><a href=\"https:\/\/qfm.uc.pt\/joana-marques\/\">Joana Marques<\/a><br><a href=\"https:\/\/qfm.uc.pt\/clara-baeta-martins\/\" data-type=\"link\" data-id=\"https:\/\/qfm.uc.pt\/clara-baeta-martins\/\">Clara Martins<\/a><br><a href=\"https:\/\/qfm.uc.pt\/index.html\/joao-santos\/\" data-type=\"link\" data-id=\"https:\/\/qfm.uc.pt\/index.html\/joao-santos\/\">Jo\u00e3o Afonso Santos<\/a><br><a href=\"https:\/\/qfm.uc.pt\/index.html\/jessica-d-silva\/\" data-type=\"link\" data-id=\"https:\/\/qfm.uc.pt\/index.html\/jessica-d-silva\/\">J\u00e9ssica Silva<\/a><br>Diego Gianolio<br>Gianfelice Cinque<br>Vicky<br>Ana Gil<br>Tatiana Carneiro<br>Brian James Goodfellow<br>Carmen Diniz<br>Martin Vojtek<br>Joana Beatriz Sousa<\/p>\n","protected":false},"excerpt":{"rendered":"<p>O cancro \u00e9 um problema de sa\u00fade mundial, sendo a segunda principal causa de morte global \u2013 com quase 10 milh\u00f5es de mortes em 2020, e uma previs\u00e3o de aumento para 28,4 milh\u00f5es de casos at\u00e9 2040.Foram desenvolvidos numerosos agentes citost\u00e1ticos com o objetivo de melhorar a atividade antineopl\u00e1sica, diminuir a resist\u00eancia adquirida e os [&hellip;]<\/p>\n","protected":false},"author":1,"featured_media":0,"parent":0,"menu_order":0,"comment_status":"closed","ping_status":"closed","template":"","meta":{"footnotes":""},"class_list":["post-4710","page","type-page","status-publish","hentry"],"_links":{"self":[{"href":"https:\/\/qfm.uc.pt\/index.html\/wp-json\/wp\/v2\/pages\/4710","targetHints":{"allow":["GET"]}}],"collection":[{"href":"https:\/\/qfm.uc.pt\/index.html\/wp-json\/wp\/v2\/pages"}],"about":[{"href":"https:\/\/qfm.uc.pt\/index.html\/wp-json\/wp\/v2\/types\/page"}],"author":[{"embeddable":true,"href":"https:\/\/qfm.uc.pt\/index.html\/wp-json\/wp\/v2\/users\/1"}],"replies":[{"embeddable":true,"href":"https:\/\/qfm.uc.pt\/index.html\/wp-json\/wp\/v2\/comments?post=4710"}],"version-history":[{"count":3,"href":"https:\/\/qfm.uc.pt\/index.html\/wp-json\/wp\/v2\/pages\/4710\/revisions"}],"predecessor-version":[{"id":4722,"href":"https:\/\/qfm.uc.pt\/index.html\/wp-json\/wp\/v2\/pages\/4710\/revisions\/4722"}],"wp:attachment":[{"href":"https:\/\/qfm.uc.pt\/index.html\/wp-json\/wp\/v2\/media?parent=4710"}],"curies":[{"name":"wp","href":"https:\/\/api.w.org\/{rel}","templated":true}]}}