{"id":481,"date":"2017-08-21T15:19:41","date_gmt":"2017-08-21T15:19:41","guid":{"rendered":"https:\/\/qfmweb.wordpress.com\/paula-fonseca\/"},"modified":"2024-01-09T17:35:54","modified_gmt":"2024-01-09T17:35:54","slug":"paula-fonseca","status":"publish","type":"page","link":"https:\/\/qfm.uc.pt\/index.html\/paula-fonseca\/","title":{"rendered":"Ana Paula Fonseca"},"content":{"rendered":"<p><img loading=\"lazy\" decoding=\"async\" class=\"alignleft wp-image-3336\" src=\"http:\/\/192.168.10.13\/~qfm\/wp-content\/uploads\/2024\/01\/paula_fonseca-300x300.png\" alt=\"\" width=\"200\" height=\"201\" srcset=\"https:\/\/qfm.uc.pt\/wp-content\/uploads\/2024\/01\/paula_fonseca-300x300.png 300w, https:\/\/qfm.uc.pt\/wp-content\/uploads\/2024\/01\/paula_fonseca-1021x1024.png 1021w, https:\/\/qfm.uc.pt\/wp-content\/uploads\/2024\/01\/paula_fonseca-150x150.png 150w, https:\/\/qfm.uc.pt\/wp-content\/uploads\/2024\/01\/paula_fonseca-768x770.png 768w, https:\/\/qfm.uc.pt\/wp-content\/uploads\/2024\/01\/paula_fonseca-1531x1536.png 1531w, https:\/\/qfm.uc.pt\/wp-content\/uploads\/2024\/01\/paula_fonseca-2042x2048.png 2042w, https:\/\/qfm.uc.pt\/wp-content\/uploads\/2024\/01\/paula_fonseca-90x90.png 90w, https:\/\/qfm.uc.pt\/wp-content\/uploads\/2024\/01\/paula_fonseca-100x100.png 100w\" sizes=\"auto, (max-width: 200px) 100vw, 200px\" \/><\/p>\n<p style=\"text-align: justify;\"><strong>Ana Paula Fonseca<\/strong>,\u00a0doutorada em Ci\u00eancias da Sa\u00fade pela Universidade de Coimbra, desempenha fun\u00e7\u00f5es de professora adjunta no Departamento de Farm\u00e1cia da Escola Superior de Tecnologia da Sa\u00fade de Coimbra- Instituto Polit\u00e9cnico de Coimbra, Coordenadora do Grupo de Investiga\u00e7\u00e3o Aplicada em Farm\u00e1cia e Coordenadora do Mestrado em Farm\u00e1cia|Especializa\u00e7\u00e3o em Farmacoterapia Aplicada da ESTESC, investigadora na Unidade de I&amp;D Qu\u00edmica-F\u00edsica Molecular e LabinSa\u00fade- IIA-IPC. Autora de diversos artigos cient\u00edficos em revistas internacionais indexadas, diversas participa\u00e7\u00f5es em congressos nacionais e internacionais da \u00e1rea (comunica\u00e7\u00f5es orais e comunica\u00e7\u00f5es em poster), diversas publica\u00e7\u00f5es em atas cientificas, membro da comiss\u00e3o editorial do livro \/cole\u00e7\u00e3o Estrat\u00e9gias de Ensino e Sucessos Acad\u00e9micos-Boas pr\u00e1ticas no Ensino superior, coordenadora e revisora do volume 2 \u201cInova\u00e7\u00e3o no Ensino Superior do livro \/cole\u00e7\u00e3o Estrat\u00e9gias de Ensino e Sucessos Acad\u00e9micos-Boas pr\u00e1ticas no Ensino Superior, organizadora de diversos eventos cient\u00edficos, revisora de varias revistas internacionais indexadas. Tamb\u00e9m orienta alunos do 1\u00ba, 2\u00ba e 3\u00ba ciclo.<\/p>\n<hr \/>\n<table style=\"width: 746px; border-color: #ffffff; background-color: #ffffff; height: 151px;\">\n<tbody>\n<tr style=\"height: 7px;\">\n<td style=\"width: 353px; height: 29px; border-color: #ffffff; background-color: #ffffff; vertical-align: top;\"><b>Endere\u00e7o<\/b><br \/>\nDepartamento de Farm\u00e1cia<br \/>\nEscola Superior de Tecnologia da Sa\u00fade de Coimbra<br \/>\nRua 5 de Outubro S. Martinho do Bispo<br \/>\nApartado 7006<br \/>\n3040-854 Coimbra<\/td>\n<td style=\"border-color: #ffffff; background-color: #ffffff; width: 280px; height: 7px; vertical-align: top;\"><b>E-mail<\/b><br \/>\n<a href=\"mailto:paula_fonseca@estescoimbra.pt\" rel=\"noopener\">paula_fonseca@estescoimbra.pt<\/a><br \/>\n<b>Telefone<\/b><br \/>\n+351 239 802 430<\/td>\n<td style=\"border-color: #ffffff; background-color: #ffffff; width: 161px; height: 7px; vertical-align: top;\"><a href=\"http:\/\/orcid.org\/0000-0001-9665-0638\" target=\"_blank\" rel=\"noopener\">ORCID iD<\/a><br \/>\n<a href=\"https:\/\/www.cienciavitae.pt\/\/3C1F-4A0F-8905\">Ci\u00eancia Vitae<\/a><br \/>\n<a href=\"https:\/\/www.researchgate.net\/profile\/Ana_Fonseca8\" target=\"_blank\" rel=\"noopener\">ResearchGate<\/a><\/td>\n<\/tr>\n<\/tbody>\n<\/table>\n<hr \/>\n<p style=\"text-align: justify;\"><b>Publica\u00e7\u00f5es<\/b><\/p>\n<p><a href=\"https:\/\/www.japsonline.com\/admin\/php\/uploads\/2891_pdf.pdf\" target=\"_blank\" rel=\"noopener noreferrer\">A Novel Approach in Glioblastoma Multiforme Drug Discovery: Perturbation Studies in Vitro<\/a><br \/>\nL.C. Oliveira, M.P.M. Marques, A.J. Caseiro, S. R. Raposelli, A.L.M. Batista de Carvalho, A.P. Fonseca<br \/>\nJournal of Applied Pharmaceutical Science<strong>\u00a09(4)<\/strong>, 58\u201365 (2019)<\/p>\n<p><a href=\"http:\/\/qfm.uc.pt\/wp-content\/uploads\/2017\/08\/Hern-ndez-Guzm-n_et_al-2017-Environmental_Toxicology_and_Chemistry.pdf\" target=\"_blank\" rel=\"noopener\">Treated Wastewater Effluent as a Source of Pyrethroids and Fipronil at Todos Santos Bay, Mexico: Its Impact on Sediments and Organisms<\/a><br \/>\nF.A. Hern\u00e1ndez-Guzm\u00e1n, J.V. Mac\u00edas-Zamora, N. Ram\u00edrez-\u00c1lvarez, A. Alvarez-Aguilar, C. Quezada-Hern\u00e1ndez, A.P. Fonseca<br \/>\nEnvironmental Toxicology and Chemistry\u00a0<strong>36(11)<\/strong>,\u00a03057-3064 (2017)<\/p>\n<p><a href=\"http:\/\/qfm.uc.pt\/wp-content\/uploads\/2017\/08\/PARABENS.pdf\" target=\"_blank\" rel=\"noopener\">Parabens Paradoxes in Cosmetic Formulations: A Review<\/a><br \/>\nA. Francisco, A.P. Fonseca<br \/>\nInternational Journal of Medical Research and Pharmaceutical Sciences <strong>3(8)<\/strong>, 1-11 (2016)<\/p>\n<p><a href=\"http:\/\/qfm.uc.pt\/wp-content\/uploads\/2017\/08\/RPD-Out-Nov-Dez-2016-p\u00e1gs-141-a-153-artigo-original.pdf\" target=\"_blank\" rel=\"noopener\">RDesenvolvimento e Valida\u00e7\u00e3o do Folheto Informativo \u201cGuia de Uso Pr\u00e1tico \u2013 Como Testar a sua Glic\u00e9mia\u201d<\/a><br \/>\nM.T. Costa, L.M. Santiago, A.P. Fonseca<br \/>\nRevista\u00a0Portuguesa de Diabetes <strong>11(4)<\/strong>,\u00a0141-153 (2016)<\/p>\n<p><a href=\"http:\/\/qfm.uc.pt\/wp-content\/uploads\/2017\/08\/Types-of-Acne-and-Associated-Therapy-A-Review.pdf\" target=\"_blank\" rel=\"noopener\">Types of Acne and Associated Therapy: A Review<\/a><br \/>\nA.S. Batista, A.P. Fonseca<br \/>\nAmerican Research Journal of Pharmacy <strong>2016<\/strong>, 1-9 (2016)<\/p>\n<p><a href=\"http:\/\/qfm.uc.pt\/wp-content\/uploads\/2017\/08\/use-of-antidepressants-to-treat-postpartum-depression-during-breast-feeding-2167-1044-3-148.pdf\" target=\"_blank\" rel=\"noopener\">Use of Antidepressants to Treat Postpartum Depression, During Breast Feeding<\/a><br \/>\nA.P. Fonseca, V. Leala<br \/>\nJournal of Depression and Anxiety 3(2), 1000148 (2014)<\/p>\n<p><a href=\"http:\/\/qfm.uc.pt\/wp-content\/uploads\/2017\/08\/Determination-of-estrogens-in-raw-and-treated-wastewater-by-highperformance-liquid-chromatography-ultraviolet-detection.pdf\" target=\"_blank\" rel=\"noopener\">Determination of Estrogens in Raw and Treated Wastewater by High-Performance Liquid Chromatography-Ultraviolet Detection<\/a><br \/>\nA.P. Fonseca,\u00a0M. Cardoso,\u00a0V. Esteves<br \/>\nJournal of Environmental &amp; Analytical Toxicology <strong>4(1)<\/strong>, 1000203 (2013)<\/p>\n<p><a href=\"http:\/\/qfm.uc.pt\/wp-content\/uploads\/2017\/08\/using-radioimmunoassay-to-investigate-the-uptake-by-amphibians-of-estrogens-present-in-wwtps-effluent-jpe.1000106.pdf\" target=\"_blank\" rel=\"noopener\">Using Radioimmunoassay to Investigate the Uptake by Amphibians of Estrogens Present in WWTP \u0301S Effluent<\/a><br \/>\nA.P. Fonseca, J.M. Oliveira, V. Esteves,\u00a0M. Cardoso<br \/>\nJournal of pollution Effects and Control <strong>1(1)<\/strong>, 1000106 (2013)<\/p>\n","protected":false},"excerpt":{"rendered":"<p>Ana Paula Fonseca,\u00a0doutorada em Ci\u00eancias da Sa\u00fade pela Universidade de Coimbra, desempenha fun\u00e7\u00f5es de professora adjunta no Departamento de Farm\u00e1cia da Escola Superior de Tecnologia da Sa\u00fade de Coimbra- Instituto Polit\u00e9cnico de Coimbra, Coordenadora do Grupo de Investiga\u00e7\u00e3o Aplicada em Farm\u00e1cia e Coordenadora do Mestrado em Farm\u00e1cia|Especializa\u00e7\u00e3o em Farmacoterapia Aplicada da ESTESC, investigadora na Unidade [&hellip;]<\/p>\n","protected":false},"author":1,"featured_media":0,"parent":0,"menu_order":0,"comment_status":"closed","ping_status":"closed","template":"","meta":{"footnotes":""},"class_list":["post-481","page","type-page","status-publish","hentry"],"_links":{"self":[{"href":"https:\/\/qfm.uc.pt\/index.html\/wp-json\/wp\/v2\/pages\/481","targetHints":{"allow":["GET"]}}],"collection":[{"href":"https:\/\/qfm.uc.pt\/index.html\/wp-json\/wp\/v2\/pages"}],"about":[{"href":"https:\/\/qfm.uc.pt\/index.html\/wp-json\/wp\/v2\/types\/page"}],"author":[{"embeddable":true,"href":"https:\/\/qfm.uc.pt\/index.html\/wp-json\/wp\/v2\/users\/1"}],"replies":[{"embeddable":true,"href":"https:\/\/qfm.uc.pt\/index.html\/wp-json\/wp\/v2\/comments?post=481"}],"version-history":[{"count":1,"href":"https:\/\/qfm.uc.pt\/index.html\/wp-json\/wp\/v2\/pages\/481\/revisions"}],"predecessor-version":[{"id":3456,"href":"https:\/\/qfm.uc.pt\/index.html\/wp-json\/wp\/v2\/pages\/481\/revisions\/3456"}],"wp:attachment":[{"href":"https:\/\/qfm.uc.pt\/index.html\/wp-json\/wp\/v2\/media?parent=481"}],"curies":[{"name":"wp","href":"https:\/\/api.w.org\/{rel}","templated":true}]}}