{"id":573,"date":"2017-08-23T20:02:17","date_gmt":"2017-08-23T20:02:17","guid":{"rendered":"http:\/\/qfm.uc.pt\/?page_id=573"},"modified":"2024-01-09T17:34:59","modified_gmt":"2024-01-09T17:34:59","slug":"paulafonseca","status":"publish","type":"page","link":"https:\/\/qfm.uc.pt\/index.html\/language\/en\/paulafonseca\/","title":{"rendered":"Ana Paula Fonseca"},"content":{"rendered":"<p><img loading=\"lazy\" decoding=\"async\" class=\"alignleft wp-image-3379\" src=\"http:\/\/192.168.10.13\/~qfm\/wp-content\/uploads\/2024\/01\/paula_fonseca-1-300x300.png\" alt=\"\" width=\"200\" height=\"201\" srcset=\"https:\/\/qfm.uc.pt\/wp-content\/uploads\/2024\/01\/paula_fonseca-1-300x300.png 300w, https:\/\/qfm.uc.pt\/wp-content\/uploads\/2024\/01\/paula_fonseca-1-1021x1024.png 1021w, https:\/\/qfm.uc.pt\/wp-content\/uploads\/2024\/01\/paula_fonseca-1-150x150.png 150w, https:\/\/qfm.uc.pt\/wp-content\/uploads\/2024\/01\/paula_fonseca-1-768x770.png 768w, https:\/\/qfm.uc.pt\/wp-content\/uploads\/2024\/01\/paula_fonseca-1-1531x1536.png 1531w, https:\/\/qfm.uc.pt\/wp-content\/uploads\/2024\/01\/paula_fonseca-1-2042x2048.png 2042w, https:\/\/qfm.uc.pt\/wp-content\/uploads\/2024\/01\/paula_fonseca-1-90x90.png 90w, https:\/\/qfm.uc.pt\/wp-content\/uploads\/2024\/01\/paula_fonseca-1-100x100.png 100w\" sizes=\"auto, (max-width: 200px) 100vw, 200px\" \/><\/p>\n<p style=\"text-align: justify;\"><strong>Ana Paula Fonseca<\/strong>, PhD in Health Sciences at the University of Coimbra, professor in the Pharmacy Department of Coimbra Health School-Coimbra Polytechnic Institute, Coordinator of the Applied Pharmacy Research Group and Coordinator of the Master&#8217;s Degree in Pharmacy | Specialization in Applied Pharmacotherapy from ESTESC,\u00a0Researcher at the Molecular Physics-Physics R&amp;D Unit and LabinSa\u00fade- IIA- Coimbra Polytechnic Institute.<br \/>\nAuthor of several scientific articles in indexed international journals, several participations in national and international congresses in the area (oral and poster communications), several publications in scientific proceedings, member of the editorial committee of the book \/ collection Strategies for Teaching and Success Academic-Good practices in Higher Education, coordinator and reviewer of volume 2 &#8220;Innovation in Higher Education of the book \/ collection Strategies for Teaching and Academic Successes-Good practices in Higher Education, organizer of various scientific events, reviewer of several indexed international journals. It also supervisor of 1st, 2nd and 3rd cycle students.<\/p>\n<hr \/>\n<table style=\"width: 746px; border-color: #ffffff; background-color: #ffffff; height: 151px;\">\n<tbody>\n<tr style=\"height: 7px;\">\n<td style=\"width: 353px; height: 29px; border-color: #ffffff; background-color: #ffffff; vertical-align: top;\"><b>Address<\/b><br \/>\nDepartamento de Farm\u00e1cia<br \/>\nEscola Superior de Tecnologia da Sa\u00fade de Coimbra<br \/>\nRua 5 de Outubro S. Martinho do Bispo<br \/>\nApartado 7006<br \/>\n3040-854 Coimbra<\/td>\n<td style=\"border-color: #ffffff; background-color: #ffffff; width: 280px; height: 7px; vertical-align: top;\"><b>E-mail<\/b><br \/>\n<a href=\"mailto:paula_fonseca@estescoimbra.pt\" rel=\"noopener\">paula_fonseca@estescoimbra.pt<\/a><br \/>\n<b>Telephone<\/b><br \/>\n+351 239 802 430<\/td>\n<td style=\"border-color: #ffffff; background-color: #ffffff; width: 161px; height: 7px; vertical-align: top;\"><a href=\"http:\/\/orcid.org\/0000-0001-9665-0638\" target=\"_blank\" rel=\"noopener\">ORCID iD<\/a><br \/>\n<a href=\"https:\/\/www.cienciavitae.pt\/\/3C1F-4A0F-8905\">Ci\u00eancia Vitae<\/a><br \/>\n<a href=\"https:\/\/www.researchgate.net\/profile\/Ana_Fonseca8\" target=\"_blank\" rel=\"noopener\">Research Gate<\/a><\/td>\n<\/tr>\n<\/tbody>\n<\/table>\n<hr \/>\n<p style=\"text-align: justify;\"><b>Publications<\/b><\/p>\n<p><a href=\"https:\/\/www.japsonline.com\/admin\/php\/uploads\/2891_pdf.pdf\" target=\"_blank\" rel=\"noopener noreferrer\">A Novel Approach in Glioblastoma Multiforme Drug Discovery: Perturbation Studies in Vitro<\/a><br \/>\nL.C. Oliveira, M.P.M. Marques, A.J. Caseiro, S. R. Raposelli, A.L.M. Batista de Carvalho, A.P. Fonseca<br \/>\nJournal of Applied Pharmaceutical Science<strong>\u00a09(4)<\/strong>, 58\u201365 (2019)<\/p>\n<p><a href=\"http:\/\/qfm.uc.pt\/wp-content\/uploads\/2017\/08\/Hern-ndez-Guzm-n_et_al-2017-Environmental_Toxicology_and_Chemistry.pdf\" target=\"_blank\" rel=\"noopener\">Treated Wastewater Effluent as a Source of Pyrethroids and Fipronil at Todos Santos Bay, Mexico: Its Impact on Sediments and Organisms<\/a><br \/>\nF.A. Hern\u00e1ndez-Guzm\u00e1n, J.V. Mac\u00edas-Zamora, N. Ram\u00edrez-\u00c1lvarez, A. Alvarez-Aguilar, C. Quezada-Hern\u00e1ndez, A.P. Fonseca<br \/>\nEnvironmental Toxicology and Chemistry\u00a0<strong>36(11)<\/strong>,\u00a03057-3064 (2017)<\/p>\n<p><a href=\"http:\/\/qfm.uc.pt\/wp-content\/uploads\/2017\/08\/PARABENS.pdf\" target=\"_blank\" rel=\"noopener\">Parabens Paradoxes in Cosmetic Formulations: A Review<\/a><br \/>\nA. Francisco, A.P. Fonseca<br \/>\nInternational Journal of Medical Research and Pharmaceutical Sciences <strong>3(8)<\/strong>, 1-11 (2016)<\/p>\n<p><a href=\"http:\/\/qfm.uc.pt\/wp-content\/uploads\/2017\/08\/RPD-Out-Nov-Dez-2016-p\u00e1gs-141-a-153-artigo-original.pdf\" target=\"_blank\" rel=\"noopener\">RDesenvolvimento e Valida\u00e7\u00e3o do Folheto Informativo \u201cGuia de Uso Pr\u00e1tico \u2013 Como Testar a sua Glic\u00e9mia\u201d<\/a><br \/>\nM.T. Costa, L.M. Santiago, A.P. Fonseca<br \/>\nRevista\u00a0Portuguesa de Diabetes <strong>11(4)<\/strong>,\u00a0141-153 (2016)<\/p>\n<p><a href=\"http:\/\/qfm.uc.pt\/wp-content\/uploads\/2017\/08\/Types-of-Acne-and-Associated-Therapy-A-Review.pdf\" target=\"_blank\" rel=\"noopener\">Types of Acne and Associated Therapy: A Review<\/a><br \/>\nA.S. Batista, A.P. Fonseca<br \/>\nAmerican Research Journal of Pharmacy <strong>2016<\/strong>, 1-9 (2016)<\/p>\n<p><a href=\"http:\/\/qfm.uc.pt\/wp-content\/uploads\/2017\/08\/use-of-antidepressants-to-treat-postpartum-depression-during-breast-feeding-2167-1044-3-148.pdf\" target=\"_blank\" rel=\"noopener\">Use of Antidepressants to Treat Postpartum Depression, During Breast Feeding<\/a><br \/>\nA.P. Fonseca, V. Leala<br \/>\nJournal of Depression and Anxiety 3(2), 1000148 (2014)<\/p>\n<p><a href=\"http:\/\/qfm.uc.pt\/wp-content\/uploads\/2017\/08\/Determination-of-estrogens-in-raw-and-treated-wastewater-by-highperformance-liquid-chromatography-ultraviolet-detection.pdf\" target=\"_blank\" rel=\"noopener\">Determination of Estrogens in Raw and Treated Wastewater by High-Performance Liquid Chromatography-Ultraviolet Detection<\/a><br \/>\nA.P. Fonseca,\u00a0M. Cardoso,\u00a0V. Esteves<br \/>\nJournal of Environmental &amp; Analytical Toxicology <strong>4(1)<\/strong>, 1000203 (2013)<\/p>\n<p><a href=\"http:\/\/qfm.uc.pt\/wp-content\/uploads\/2017\/08\/using-radioimmunoassay-to-investigate-the-uptake-by-amphibians-of-estrogens-present-in-wwtps-effluent-jpe.1000106.pdf\" target=\"_blank\" rel=\"noopener\">Using Radioimmunoassay to Investigate the Uptake by Amphibians of Estrogens Present in WWTP \u0301S Effluent<\/a><br \/>\nA.P. Fonseca, J.M. Oliveira, V. Esteves,\u00a0M. Cardoso<br \/>\nJournal of pollution Effects and Control <strong>1(1)<\/strong>, 1000106 (2013)<\/p>\n","protected":false},"excerpt":{"rendered":"<p>Ana Paula Fonseca, PhD in Health Sciences at the University of Coimbra, professor in the Pharmacy Department of Coimbra Health School-Coimbra Polytechnic Institute, Coordinator of the Applied Pharmacy Research Group and Coordinator of the Master&#8217;s Degree in Pharmacy | Specialization in Applied Pharmacotherapy from ESTESC,\u00a0Researcher at the Molecular Physics-Physics R&amp;D Unit and LabinSa\u00fade- IIA- Coimbra [&hellip;]<\/p>\n","protected":false},"author":1,"featured_media":0,"parent":0,"menu_order":0,"comment_status":"closed","ping_status":"closed","template":"","meta":{"footnotes":""},"class_list":["post-573","page","type-page","status-publish","hentry"],"_links":{"self":[{"href":"https:\/\/qfm.uc.pt\/index.html\/wp-json\/wp\/v2\/pages\/573","targetHints":{"allow":["GET"]}}],"collection":[{"href":"https:\/\/qfm.uc.pt\/index.html\/wp-json\/wp\/v2\/pages"}],"about":[{"href":"https:\/\/qfm.uc.pt\/index.html\/wp-json\/wp\/v2\/types\/page"}],"author":[{"embeddable":true,"href":"https:\/\/qfm.uc.pt\/index.html\/wp-json\/wp\/v2\/users\/1"}],"replies":[{"embeddable":true,"href":"https:\/\/qfm.uc.pt\/index.html\/wp-json\/wp\/v2\/comments?post=573"}],"version-history":[{"count":1,"href":"https:\/\/qfm.uc.pt\/index.html\/wp-json\/wp\/v2\/pages\/573\/revisions"}],"predecessor-version":[{"id":3454,"href":"https:\/\/qfm.uc.pt\/index.html\/wp-json\/wp\/v2\/pages\/573\/revisions\/3454"}],"wp:attachment":[{"href":"https:\/\/qfm.uc.pt\/index.html\/wp-json\/wp\/v2\/media?parent=573"}],"curies":[{"name":"wp","href":"https:\/\/api.w.org\/{rel}","templated":true}]}}