{"id":596,"date":"2017-08-23T20:07:48","date_gmt":"2017-08-23T20:07:48","guid":{"rendered":"http:\/\/qfm.uc.pt\/?page_id=596"},"modified":"2026-04-10T14:11:44","modified_gmt":"2026-04-10T14:11:44","slug":"projects","status":"publish","type":"page","link":"https:\/\/qfm.uc.pt\/index.html\/language\/en\/projects\/","title":{"rendered":"Projects"},"content":{"rendered":"<p>2025-Present<\/p>\n<p><a href=\"https:\/\/qfm.uc.pt\/index.html\/language\/en\/vibrational-spectroscopy-of-hysteroscopic-fluid-and-endometrial-polyps-for-prediction-of-malignancy-and-treatment-options\/\">Vibrational Spectroscopy of Hysteroscopic Fluid and Endometrial Polyps for Prediction of Malignancy and Treatment Options<\/a><\/p>\n<p>2025-Present<\/p>\n<p><a href=\"https:\/\/qfm.uc.pt\/index.html\/language\/en\/fighting-cancer-with-unconventional-metallodrugs-aiming-at-new-targets\/\">Fighting Cancer with Unconventional Metallodrugs \u2013 Aiming at New Targets &#8211; Drug2Target<\/a><\/p>\n<p>2021-2025<\/p>\n<p><a href=\"http:\/\/qfm.uc.pt\/projects\/pinewallen\/\" data-wplink-url-error=\"true\">Linking pine cell wall composition and structure to pinewood nematode resistance under climate change &#8211; PineWALL<\/a><\/p>\n<p>2023-2024<\/p>\n<p><a href=\"http:\/\/qfm.uc.pt\/projects\/needforspeed_en\/\" data-wplink-url-error=\"true\">A compressive spectrometer for melanoma diagnosis &#8211; NeedfoRSpeed<\/a><\/p>\n<p>2018-2023<\/p>\n<p><a href=\"http:\/\/qfm.uc.pt\/projects\/molecular-cancer-diagnostics-by-vibrational-spectroscopy-vibsoncancer\/\">Molecular Cancer Diagnosis by Vibrational Spectroscopy &#8211; VIBSonCANCER<\/a><\/p>\n<p>2018-2022<\/p>\n<p><a href=\"http:\/\/qfm.uc.pt\/projects\/novel-maritime-plant-food-ingredients-ideas4life\/\" data-wplink-url-error=\"true\">Novel maritime plant food ingredients \u2013 IDEAS4life<\/a><\/p>\n<hr \/>\n<p>2016-2019<\/p>\n<p><a href=\"http:\/\/qfm.uc.pt\/projects\/bioimpact\/\">Biochemical Impact of Platinum and Palladium-based Anticancer Agents &#8211; BioImpact<\/a><\/p>\n<p><a href=\"http:\/\/qfm.uc.pt\/projects\/valorization-of-the-natural-endogenous-resources-of-the-centro-region-renature\/\">Valorization of the Natural Endogenous Resources of the Centro Region &#8211; ReNATURE<\/a><\/p>\n<hr \/>\n<p>2009-2013<\/p>\n<p><a href=\"http:\/\/qfm.uc.pt\/projects\/anticancer-activity-of-novel-polyamine-pdii-complexes-a-multidisciplinary-study\/\">Anticancer Activity of Novel Polyamine Pd(II) Complexes \u2013 A Multidisciplinary Study<\/a><\/p>\n<hr \/>\n<p style=\"text-align: justify;\">2006-2007<\/p>\n<p style=\"text-align: justify;\"><a href=\"http:\/\/qfm.uc.pt\/projects\/hibridizacao-molecular-no-desenvolvimento-de-novas-drogas-anticancerigenas\/\">Hibridiza\u00e7\u00e3o Molecular no Desenvolvimento de Novas Drogas Anticancer\u00edgenas (CAPES\/CPLP-4.1.3.)<\/a><\/p>\n<hr \/>\n<p>2005-2008<\/p>\n<p style=\"text-align: justify;\"><a href=\"http:\/\/qfm.uc.pt\/projects\/estudo-bioquimico-e-comportamental-das-interaccoes-opiacios-cocaina\/\">Estudo Bioqu\u00edmico e Comportamental das Interac\u00e7\u00f5es Opi\u00e1cios \u2013 Coca\u00edna (POCI\/SAU-FCF\/58330\/2004)<\/a><\/p>\n<p style=\"text-align: justify;\"><a href=\"http:\/\/qfm.uc.pt\/projects\/esculturas-de-joao-de-ruao-classificacao-e-caracterizacao-atraves-da-analise-de-pigmentos\/\">Esculturas de Jo\u00e3o de Ru\u00e3o &#8211; Classifica\u00e7\u00e3o e Caracteriza\u00e7\u00e3o atrav\u00e9s da An\u00e1lise de Pigmentos (POCI\/HEC\/55536\/2004)<\/a><\/p>\n<p style=\"text-align: justify;\"><a href=\"http:\/\/qfm.uc.pt\/investigation\/projects\/desenvolvimento-de-novos-agentes-anticancerigenos-derivados-fenolicos-de-origem-natural-ou-sintetica-relacoes-estrutura-actividade\/\">Desenvolvimento de Novos Agentes Anticancer\u00edgenos: Derivados Fen\u00f3licos de Origem Natural ou Sint\u00e9tica \u2013 Rela\u00e7\u00f5es Estrutura-Actividade (POCI\/QUI\/55631\/2004)<\/a><\/p>\n<hr \/>\n<p>2005<\/p>\n<p><a href=\"http:\/\/qfm.uc.pt\/projects\/sintese-de-metabolitos-de-drogas-de-abuso-opiaceos-avaliacao-das-interaccoes-entre-os-metabolitos-dos-opiaceos-e-a-cocaina\/\">S\u00edntese de Metabolitos de Drogas de Abuso (Opi\u00e1ceos). Avalia\u00e7\u00e3o das Interac\u00e7\u00f5es entre os Metabolitos dos Opi\u00e1ceos e a Coca\u00edna\u201d (Funda\u00e7\u00e3o Il\u00eddio Pinho, Portugal, 2006)<\/a><\/p>\n<hr \/>\n<p>2004-2006<\/p>\n<p><a href=\"http:\/\/qfm.uc.pt\/projects\/aplicacao-de-um-novo-metodo-natural-na-prevencao-do-abrolhamento-e-monitorizacao-em-tempo-real-da-maturacao-de-alimentos-de-origem-vegetal\/\">Aplica\u00e7\u00e3o de um Novo M\u00e9todo Natural na Preven\u00e7\u00e3o do Abrolhamento e Monitoriza\u00e7\u00e3o em Tempo Real da Matura\u00e7\u00e3o de Alimentos de Origem Vegetal (AGRO 8.1\/691)<\/a><\/p>\n<hr \/>\n<p>2003-2006<\/p>\n<p style=\"text-align: justify;\"><a href=\"http:\/\/qfm.uc.pt\/projects\/health-implications-of-dietary-amines\/\">&#8220;Health Implications of Dietary Amines&#8221; (Ac\u00e7\u00e3o COST 922 &#8211; WG 2)<\/a><\/p>\n<p style=\"text-align: justify;\"><a href=\"http:\/\/qfm.uc.pt\/projects\/complexos-de-ptii-com-poliaminas-biogenicas-como-novos-agentes-anticancerigenos-relacoes-estrutura-actividade\/\">Complexos de Pt(II) com Poliaminas Biog\u00e9nicas como Novos Agentes Anticancer\u00edgenos: Rela\u00e7\u00f5es Estrutura-Actividade (POCTI\/QUI\/47256\/2002)<\/a><\/p>\n<hr \/>\n<p>2001-2003<\/p>\n<p><a href=\"http:\/\/qfm.uc.pt\/projects\/estudo-de-poliaminas-biogenicas-e-de-seus-complexos-metalicos\/\">Estudo de Poliaminas Biog\u00e9nicas e de seus Complexos Met\u00e1licos (POCTI\/QUI\/33199\/2000)<\/a><\/p>\n<hr \/>\n<p>2000-2004<\/p>\n<p><a href=\"http:\/\/qfm.uc.pt\/projects\/ligacoes-de-hidrogenio-ch%c2%b7%c2%b7%c2%b7o-em-liquidos\/\">Liga\u00e7\u00f5es de Hidrog\u00e9nio C-H&#8230;O em L\u00edquidos (POCTI\/QUI\/35408\/99)<\/a><\/p>\n<hr \/>\n<p style=\"text-align: justify;\">1999-2002<\/p>\n<p style=\"text-align: justify;\"><a href=\"http:\/\/qfm.uc.pt\/projects\/estudos-estruturais-de-carbohidratos-no-estado-solido\/\">Estudos Estruturais de Carbohidratos no Estado S\u00f3lido (POCTI-QUI\/33075\/99)<\/a><\/p>\n<hr \/>\n<p>1996-1999<\/p>\n<p style=\"text-align: justify;\"><a href=\"http:\/\/qfm.uc.pt\/projects\/analise-conformacional-de-poliaminas-estudo-por-espectroscopia-vibracional-e-calculos-ab-initio\/\">An\u00e1lise Conformacional de Poliaminas: Estudo por Espectroscopia Vibracional e C\u00e1lculos\u00a0Ab Initio\u00a0(PBIC\/C\/QUI\/2219\/95)<\/a><\/p>\n<hr \/>\n<p>1994-1997<\/p>\n<p><a href=\"http:\/\/qfm.uc.pt\/projects\/hydrogen-network-dynamics-and-conformational-changes-in-molecular-solids\/\">&#8220;Hydrogen Network Dynamics and Conformational Changes in Molecular Solids&#8221; (HCM-CHRX-CT94-0466)<\/a><\/p>\n<hr \/>\n<p>1993-1996<\/p>\n<p style=\"text-align: justify;\"><a href=\"http:\/\/qfm.uc.pt\/projects\/ropriedades-estruturais-de-toluenos-substituidos-nos-estados-fundamentais-electronicos-fundamental-e-excitado-por-espectroscopia-electronica-e-vibracional\/\">Propriedades Estruturais de Toluenos Substitu\u00eddos, nos Estados Fundamentais Electr\u00f3nicos Fundamental e Excitado, por Espectroscopia Electr\u00f3nica e Vibracional (PBIC\/C\/CEN\/1177\/92)<\/a><\/p>\n","protected":false},"excerpt":{"rendered":"<p>2025-Present Vibrational Spectroscopy of Hysteroscopic Fluid and Endometrial Polyps for Prediction of Malignancy and Treatment Options 2025-Present Fighting Cancer with Unconventional Metallodrugs \u2013 Aiming at New Targets &#8211; Drug2Target 2021-2025 Linking pine cell wall composition and structure to pinewood nematode resistance under climate change &#8211; PineWALL 2023-2024 A compressive spectrometer for melanoma diagnosis &#8211; NeedfoRSpeed [&hellip;]<\/p>\n","protected":false},"author":1,"featured_media":0,"parent":0,"menu_order":0,"comment_status":"closed","ping_status":"closed","template":"","meta":{"footnotes":""},"class_list":["post-596","page","type-page","status-publish","hentry"],"_links":{"self":[{"href":"https:\/\/qfm.uc.pt\/index.html\/wp-json\/wp\/v2\/pages\/596","targetHints":{"allow":["GET"]}}],"collection":[{"href":"https:\/\/qfm.uc.pt\/index.html\/wp-json\/wp\/v2\/pages"}],"about":[{"href":"https:\/\/qfm.uc.pt\/index.html\/wp-json\/wp\/v2\/types\/page"}],"author":[{"embeddable":true,"href":"https:\/\/qfm.uc.pt\/index.html\/wp-json\/wp\/v2\/users\/1"}],"replies":[{"embeddable":true,"href":"https:\/\/qfm.uc.pt\/index.html\/wp-json\/wp\/v2\/comments?post=596"}],"version-history":[{"count":7,"href":"https:\/\/qfm.uc.pt\/index.html\/wp-json\/wp\/v2\/pages\/596\/revisions"}],"predecessor-version":[{"id":4857,"href":"https:\/\/qfm.uc.pt\/index.html\/wp-json\/wp\/v2\/pages\/596\/revisions\/4857"}],"wp:attachment":[{"href":"https:\/\/qfm.uc.pt\/index.html\/wp-json\/wp\/v2\/media?parent=596"}],"curies":[{"name":"wp","href":"https:\/\/api.w.org\/{rel}","templated":true}]}}