{"id":836,"date":"2017-08-31T11:23:19","date_gmt":"2017-08-31T11:23:19","guid":{"rendered":"http:\/\/qfm.uc.pt\/?page_id=836"},"modified":"2024-04-01T15:45:50","modified_gmt":"2024-04-01T15:45:50","slug":"proceedings-2","status":"publish","type":"page","link":"https:\/\/qfm.uc.pt\/index.html\/language\/en\/proceedings-2\/","title":{"rendered":"Proceedings"},"content":{"rendered":"<p><a href=\"#2019\">2019<\/a> | <a href=\"#2007\">2007<\/a> | <a href=\"#2005\">2005<\/a> | <a href=\"#2004\">2004<\/a> | <a href=\"#2003\">2003<\/a> | <a href=\"#2002\">2002<\/a> | <a href=\"#2001\">2001<\/a> | <a href=\"#2000\">2000<\/a> | <a href=\"#1999\">1999<\/a> | <a href=\"#1998\">1998<\/a> | <a href=\"#1997\">1997<\/a> | <a href=\"#1996\">1996<\/a> | <a href=\"#1995\">1995<\/a> | <a href=\"#1994\">1994<\/a> | <a href=\"#1991\">1991<\/a> | <a href=\"#1990\">1990<\/a> | <a href=\"#1989\">1989<\/a> | <a href=\"#1988\">1988<\/a> | <a href=\"#1987\">1987<\/a> | <a href=\"#1986\">1986<\/a> | <a href=\"#1982\">1982<\/a> | <a href=\"#1980\">1980<\/a> | <a href=\"#1975\">1975<\/a><\/p>\n<p style=\"text-align: justify;\"><a name=\"2019\"><\/a><b>2019<\/b><br \/>\n<a href=\"https:\/\/pubs.aip.org\/aip\/acp\/article\/2063\/1\/040007\/968976\/Determination-of-preferred-conformations-of\">Determination of preferred conformations of mefenamic acid in DMSO by NMR spectroscopy and GIAO calculation<\/a><br \/>\nI.A. KHODOV, K.V. BELOV, S.V. EFIMOV, L.A.E. BATISTA DE CARVALHO<br \/>\nAIP Conference Proceedings 2063, 040007 (2019)<\/p>\n<p style=\"text-align: justify;\"><a name=\"2007\"><\/a><b>2007<\/b><br \/>\nElectronic Structure of Defects in Fcc-C22<br \/>\nH.S. Domingos<br \/>\nF. So, G.B. Blanchet, Y. Ohmori (Eds) in Organic Electronics \u2014 Materials, Devices and Applications, (Materials Research Society. Symposium Proccedings, Warrendale, PA,\u00a0965E, n\u00ba 0965-S09-48 (2007)<\/p>\n<p style=\"text-align: justify;\">Ab Initio Investigation of a CoFeB\/MgO\/CoFeB Interface<br \/>\nH.S. Domingos, J.J. Martins<br \/>\nZ.Z. Bandic, M. Rooks. R. Berger, T. Ando(Eds.) in Nanostructured and Patterned Materials for Information Storage, (Materials Research Society. Symposium Proccedings, Warrendale, PA, 961E , n\u00ba 0961-O12-02 (2007).<\/p>\n<p style=\"text-align: justify;\"><a name=\"2005\"><\/a><b>2005<\/b><br \/>\nLocal Order in Concentrated Aqueous Solutions of Inorganic Salts Constituted by Ions of Different Valences<br \/>\nM. Alves Marques, M.I. Barrosa Marques, M.I. Caba\u00e7o, A.M. Gaspar, M.P.M. Marques, A.M. Amado, A.M. Amorim da Costa<br \/>\n4tyh IUPAC Congress, Beijing, China, 14-19 (2005)<\/p>\n<p style=\"text-align: justify;\">X-Ray Diffraction Investigations of the Existence of a Local Order in Concentrated Aqueous Solutions of Salts Constituted by Ions of Different Valences<br \/>\nM.I. Caba\u00e7o, A.M. Gaspar, M.I. de Barros Marques, M. Alves Marques, M.P.M. Marques, A.M. Amado, A.M. Amorim da Costa<br \/>\nConference of the European Molecular Liquids Group, Praga, Rep\u00fablica Checa, (2005)<\/p>\n<p style=\"text-align: justify;\">The Structure of Concentrated Aqueous Solutions of Nitrates of Metallic Cations<br \/>\nM. Alves Marques, M.I. Caba\u00e7o, M.I. Barrosa Marques, A.M. Gaspar, M.P.M. Marques, A.M. Amado, A.M. Amorim da Costa<br \/>\n<i>In Proccedings<\/i>\u00a0VIth Liquid Matter Conference, Utrech, Holanda, (2005)<\/p>\n<p style=\"text-align: justify;\">Raman Spectroscopy and X-Ray Diffraction Investigations on Concentrated Aqueous Solutions of Metallic Cations<br \/>\nM.I. Caba\u00e7o, M. Alves Marques, M.I. Barrosa Marques, A.M. Gaspar, M.P.M. Marques, A.M. Amado, A.M. Amorim da Costa<br \/>\n<i>In Proceedings<\/i>\u00a0Thermodynamics 2005 Meeting, Sesimbra, Portugal,\u00a0 (2005)<\/p>\n<p style=\"text-align: justify;\">The Atomic Theory in Sim\u00f5es-Carvalho\u00b4s \u201cLessons of Chemical Philosophy\u201d<br \/>\nA.M. Amorim da Costa<br \/>\n(Eds.) 5th International Conference on History of Chemistry &#8211; Chemistry, Technology and Society, 23 (2005)<\/p>\n<p style=\"text-align: justify;\">Theoretical Studies on Solid \u03b1,\u03c9-Diamine Salts<br \/>\nA.M. Amado, S.M. Fiuza, J.C. Otero, M.P.M. Marques, L.A.E. Batista de Carvalho<br \/>\nLecture Series on Computer and Computational Sciences\u00a0<b>4<\/b>, 21-24 (2005)<\/p>\n<p style=\"text-align: justify;\">Performance of Different DFT\/ECP Combinations in the Study of Platinum Anticancer Drugs<br \/>\nS.M. Fiuza, A.M. Amado, J.C. Otero, M.P.M. Marques, L.A.E. Batista de Carvalho<br \/>\nLecture Series on Computer and Computational Sciences\u00a0<b>4<\/b>, 191-194 (2005)<\/p>\n<p style=\"text-align: justify;\">Physiological Role of Agmatine Transport in Liver Mitochondria<br \/>\nA.Toninello, V. Battaglia, M. Mancon, M. Salvi, M. A. Grillo, M.P.M. Marques<br \/>\n<i>In Proceedings<\/i>\u00a0of the COST 922 &#8220;Health Implications of Dietary Amines \u2013 FoodSafety, New Perspectives&#8221;, Vilnius, Lithuania, 51 (2005)<\/p>\n<p style=\"text-align: justify;\">Structure-Activitity Relationships Ruling the Anticancer Activity of Pt(II) and Pd(II) Spermidine Complexes<br \/>\nM.P.M. Marques, S.M. Fiuza, A.M. Amado, L.A.E. Batista de Carvalho<br \/>\n<i>In Proceedings<\/i>\u00a0of the COST 922 &#8220;Health Implications of Dietary Amines \u2013 Food Safety, New Perspectives&#8221;, Vilnius, Lithuania 45 (2005)<\/p>\n<p style=\"text-align: justify;\"><a name=\"2004\"><\/a><b>2004<\/b><br \/>\nSpectroscopic Characterisation of Polynuclear Pt(II) Complexes with Biogenic Amines<br \/>\nS.M. Fiuza, M.P.M. Marques, L.A.E. Batista de Carvalho, P. Chmielewski, M. Cie\u015blak-Golonka, J. Kuduk-Jaworska<br \/>\n<i>In Proceedings<\/i>\u00a0of the XXVII European Congress on Molecular Spectroscopy (EUCMOS), M. Handke, M. Hasik e C. Paluszkiewicz (Ed.), Wydawnictwo Naukowe \u201cAkapit\u201d, Crac\u00f3via, Pol\u00f3nia, 116 (2004)<\/p>\n<p style=\"text-align: justify;\">Antidepressive Drugs \u2013 A Conformational Study by Combined Raman Spectroscopy and Ab Initio MO Calculations<br \/>\nM.P.M. Marques, R. Calheiros, J. Garrido, E.M. Garrido, F. Borges<br \/>\n<i>In Proceedings\u00a0<\/i>\u00a0of the XXVII European Congress on Molecular Spectroscopy (EUCMOS 2004), M. Handke, M. Hasik e C. Paluszkiewicz (Ed.), Wydawnictwo Naukowe \u201cAkapit\u201d, Crac\u00f3via (Pol\u00f3nia), 145 (2004)<\/p>\n<p style=\"text-align: justify;\">Phenolic Derivatives with Potential Anticancer Properties \u2013 A Structure-Activity Relationship Study<br \/>\nR. Calheiros, S.M. Fiuza, C.A. Gomes, M.P.M. Marques, N. Milhazes, F. Borges<br \/>\nFundamental &amp; Clinical Pharmacology\u00a0<b>18<\/b>, Suppl 1, 120 (2004)<\/p>\n<p style=\"text-align: justify;\">O Anti-atomismo dos Conimbricenses<br \/>\nA.M. Amorim da Costa<br \/>\nXIV Reuni\u00e3o da Rede de Interc\u00e2mbios para a Hist\u00f3ria e Epistomologia das Ci\u00eancias Qu\u00edmica e Biol\u00f3gicas, S. Slavador, Bahia, Brasil, (2004)<\/p>\n<p style=\"text-align: justify;\">Interac\u00e7\u00f5es Intra- e Intermoleculares em Sistemas de Acrilamida\/\u00c9teres de Polietileno Glicol: Um Estudo Ab Initio e por Espectroscopia de Raman<br \/>\nA.S.R. Duarte, A.M. Amorim da Costa, A.M. Amado<br \/>\nXXVI Congresso Latino Americano de Qu\u00edmica, S. Slavador, Bahia, Brasil, (2004)<\/p>\n<p style=\"text-align: justify;\">A Anatomia do Ouro \u2013 O Ouro Pot\u00e1vel dos Iatroqu\u00edmicos<br \/>\nA.M. Amorim da Costa<br \/>\nV Encontro Internacional \u201cDiscurso e Pr\u00e1ticas Alqu\u00edmicas\u201d (Lisboa, 2003) &amp; XIV Reuni\u00e3o da Rede de Interc\u00e2mbios para a Hist\u00f3ria e Epistomologia das Ci\u00eancias Qu\u00edmica e Biol\u00f3gicas (S. Slavador, Bahia, Brasil, 2004)<\/p>\n<p style=\"text-align: justify;\"><a name=\"2003\"><\/a><b>2003<\/b><br \/>\nEduca\u00e7\u00e3o CTS e Forma\u00e7\u00e3o Professores Ci\u00eancias via Problem\u00e1ticas de Lixo<br \/>\nM.A. Pedrosa, F. Gon\u00e7alves, M.H. Henriques, P. Mendes<br \/>\nENCIGA (Ed.). XVI Congreso de ENCIGA (Associaci\u00f3n dos Ensinantes de Ciencias de Galicia), 145-153 (2003)<\/p>\n<p style=\"text-align: justify;\">Literacia Cient\u00edfica e Ensino de Qu\u00edmica \u2013 Recursos para Aprendizagens Significativas e Relevantes<br \/>\nM.L. Matos, M.A. Pedrosa<br \/>\nENCIGA (Ed.). XVI Congreso de ENCIGA (Associaci\u00f3n dos Ensinantes de Ciencias de Galicia), 105-113 (2003)<\/p>\n<p style=\"text-align: justify;\">Molecular Environment and Fermi Resonance in Polyacrylamide-Lithium Perchlorate Hydrogels<br \/>\nA.M. Amorim da Costa, A.M. Amado<br \/>\nXXXIII Colloquim Spectroscopicum Internationale, Granada, Espanha, 15 (2003)<\/p>\n<p style=\"text-align: justify;\">Intra- vs Inter-chain Interactions in Acrylamide\/Poly(ethylene glycol) Ethers Systems: An Ab Initio and Raman Spectroscopic Study<br \/>\nA.S.R. Duarte, A.M. Amorim da Costa, A.M. Amado<br \/>\n<i>In Proccedings<\/i>\u00a0VI Encontro Nacional de Qu\u00edmica-F\u00edsica, SPQ, Lisboa, Portugal (2003)<\/p>\n<p style=\"text-align: justify;\">Racionaliza\u00e7\u00e3o da Nomenclatura Qu\u00edmica em Portugal<br \/>\nA.M. Amorim da Costa<br \/>\nActas do Congresso &#8220;Rotas da Natureza&#8221;, Lisboa-Coimbra, (2003)<\/p>\n<p style=\"text-align: justify;\">Nomenclatura Qu\u00edmica Portuguesa no S\u00e9culo XVIII<br \/>\nA.M. Amorim da Costa<br \/>\nActas do Congresso S\u00e9culo das Luzes \u2013 Portugal e Espanha e a Regi\u00e3o do Rio da Prata, Berlim, Maio (2003)<\/p>\n<p style=\"text-align: justify;\"><a name=\"2002\"><\/a><b>2002<\/b><br \/>\nLinguagens de Ci\u00eancias e dos Cidad\u00e3os \u2013 Desafios a Professores de Ci\u00eancias<br \/>\nM.A. Pedrosa<br \/>\nENCIGA (Ed.). XV Congreso de ENCIGA (Associaci\u00f3n dos Ensinantes de Ciencias de Galicia), 155-163 (2002)<\/p>\n<p style=\"text-align: justify;\">Raman Spectra of Putrescine, Spermidine and Spermine Polyamines and Their N-Deuterated and N-Ionised Derivatives<br \/>\nA.M. Amorim da Costa, M.P.M. Marques, L.A.E. Batista de Carvalho<br \/>\nJ. Mink, G. Jalsovszky e G. Keresztury (Eds.). XVIII International Conference on Raman Spectroscopy. John Wiley &amp; Sons Ltd, Chichester, 735 (2002)<\/p>\n<p style=\"text-align: justify;\">Conformational Analysis of the Protonated Amines [H<sub>3<\/sub>N(CH<sub>2<\/sub>)<sub>n<\/sub>NH<sub>3<\/sub>]<sup>2+<\/sup>\u00a0(n=7 to 10, n=12), Spermidine and Spermine<br \/>\nL.A.E. Batista de Carvalho, M.P.M. Marques, J. Tomkinson<br \/>\nJ. Mink, G. Jalsovszky e G. Keresztury (Eds.). XVIII International Conference on Raman Spectroscopy. John Wiley &amp; Sons Ltd, Chichester, 597 (2002)<\/p>\n<p style=\"text-align: justify;\"><a name=\"2001\"><\/a><b>2001<\/b><br \/>\nImporta\u00e7\u00e3o Cient\u00edfica: a Historologia M\u00e9dica (1733) de Jos\u00e9 R. de Abreu<br \/>\nA.M. Amorim da Costa<br \/>\nActas do 1\u00ba Congresso Luso-Brasileiro de Hist\u00f3ria da Ci\u00eancia e da T\u00e9cnica. Publica\u00e7\u00f5es da Universidade de \u00c9vora, \u00c9vora, 237-249 (2001)<\/p>\n<p style=\"text-align: justify;\">Ensino Experimental na Aprendizagem das Ci\u00eancias &#8211; Abordagem numa Perspectiva de Inter-rela\u00e7\u00f5es Ci\u00eancia-Tecnologia-Sociedade<br \/>\nM.A. Pedrosa<br \/>\nActas dos Encontros de Basto 2001 \u2013 4\u00aa Edi\u00e7\u00e3o, Centro de Forma\u00e7\u00e3o de Basto, 72-77 (2001)<\/p>\n<p style=\"text-align: justify;\">Integrando Inter-rela\u00e7\u00f5es CTS em Ensino de Qu\u00edmica \u2013 Dificuldades, Desafios e Propostas<br \/>\nM.A. Pedrosa<br \/>\nENCIGA (Ed.). XIV de ENCIGA (Associaci\u00f3n dos Ensinantes de Ciencias de Galicia), 79-86 (2001)<\/p>\n<p style=\"text-align: justify;\">Intramolecular Rearrangements in Pt(II) Complexes: Cisplatin and Transplatin \u2013 An Ab Initio Study<br \/>\nM.P.M. Marques, L.A.E. Batista de Carvalho<br \/>\nV. Kopecky Jr., K. Ruszov\u00e1 e J. Step\u00e1nek (Eds.),\u00a0<i>In Proccedings<\/i>\u00a0of the 9th European Conference on the Spectroscopy of Biological Molecules (9th ECSBM)\u00a0, D &amp; D Print, Rep\u00fablica Checa, 129, (2001)<\/p>\n<p style=\"text-align: justify;\">Study of Carvedilol by Combined Raman Spectroscopy and Ab Initio MO Calculations<br \/>\nL.A.E. Batista de Carvalho, M.P.M. Marques, P.J. Oliveira,\u00a0 A.J.M. Moreno<br \/>\nV. Kopecky Jr., K. Ruszov\u00e1 e J. Step\u00e1nek (Eds.),\u00a0<i>In Proccedings<\/i>\u00a0of the 9th European Conference on the Spectroscopy of Biological Molecules (9th ECSBM)\u00a0, D &amp; D Print, Rep\u00fablica Checa, 122, (2001)<\/p>\n<p style=\"text-align: justify;\"><a name=\"2000\"><\/a><b>2000<\/b><br \/>\nAprendizagem de Qu\u00edmica no Contexto da An\u00e1lise de Inter-rela\u00e7\u00f5es CTS em Quest\u00f5es Controversas do Dom\u00ednio P\u00fablico. Contributos para o Desenvolvimento de Literacia cient\u00edfica no 3\u00ba Ciclo do Ensino B\u00e1sico<br \/>\nI.S. Rebelo, M.A. Pedrosa, I.P. Martins<br \/>\nII Encontro da Divis\u00e3o de Ensino e Divulga\u00e7\u00e3o de Qu\u00edmica da Sociedade Portuguesa de Qu\u00edmica, Universidade de Aveiro, 45-48 (2000)<\/p>\n<p style=\"text-align: justify;\">Conformational Analysis of the Protonated Diamines [H<sub>3<\/sub>N(CH<sub>2<\/sub>)<sub>n<\/sub>NH<sub>3<\/sub>]<sup>2+<\/sup>\u00a0(n=2 to 6)<br \/>\nL.A.E. Batista de Carvalho, M.P.M. Marques<br \/>\nS.-L. Zhang e B.-F. Zhu (Eds.). XVII International Conference on Raman Spectroscopy. John Wiley &amp; Sons Ltd, Chichester, 822 (2000)<\/p>\n<p style=\"text-align: justify;\">Structural Studies on Biogenic Polyamines by Combined Raman and INS Spectroscopies and Ab Initio Methods<br \/>\nM.P.M. Marques, L.A.E. Batista de Carvalho, J. Tomkinson<br \/>\nS.-L. Zhang e B.-F. Zhu (Eds.). XVII International Conference on Raman Spectroscopy, John Wiley &amp; Sons Ltd, Chichester, 818 (2000)<\/p>\n<p style=\"text-align: justify;\"><a name=\"1999\"><\/a><b>1999<\/b><br \/>\nInter-rela\u00e7\u00f5es CTS e Concep\u00e7\u00f5es Alternativas \u2013 Um Caso em Qu\u00edmica Escolar<br \/>\nM.A. Pedrosa, M. H. Dias, I. P. Martins<br \/>\nENCIGA (ed.). XII Congreso de ENCIGA (Associaci\u00f3n dos Ensinantes de Ciencias de Galicia), 95-102 (1999)<\/p>\n<p style=\"text-align: justify;\">Structural Study of Putrescine by Combined Raman Spectroscopy and Ab Initio Methods<br \/>\nM.P.M. Marques, L.A.E. Batista de Carvalho<br \/>\nJ. Greve, G.J. Puppels e C. Otto (Eds.), In Spectroscopy of Biological Molecules: New Directions,<br \/>\nKluwer Academic Publishers, Dordrecht, Holanda, 431 (1999)<\/p>\n<p style=\"text-align: justify;\">Conformational Analysis and Vibrational Frequencies of Alanine and Its Sulphur Tautomers<br \/>\nL.A.E. Batista de Carvalho, M.P.M. Marques, J.J.C. Teixeira-Dias<br \/>\nJ. Greve, G.J. Puppels e C. Otto (Eds.), In Spectroscopy of Biological Molecules: New Directions,<br \/>\nKluwer Academic Publishers, Dordrecht, Holanda, 77 (1999)<\/p>\n<p style=\"text-align: justify;\">Learning Outcomes on Matter and its Transformations: Implications for Research and Science Teacher Professional Development<br \/>\nM.A. Pedrosa<br \/>\nO. Jong, K. Kortland, A.J Waarlo, J. Buddingh (Eds.). Bridging the Gap Between Theory and Practice: What Research says to the Science Teacher, International Summer Symposium \u2013 1998, Utrecht University &#8211; The Netherlands, ICASE, 227-243 (1999)<\/p>\n<p style=\"text-align: justify;\">Determina\u00e7\u00e3o de Subst\u00e2ncias Activas em Formula\u00e7\u00f5es Farmac\u00eauticas por An\u00e1lise em Fluxo com Detec\u00e7\u00e3o Amperom\u00e9trica<br \/>\nJ.M.P.J. Garrido, E.M.P.J. Garrido, C.D. Matos, J.L.F.C. Lima<br \/>\nLivro de Actas das Jornadas de Investiga\u00e7\u00e3o no Ensino Superior Polit\u00e9cnico\u00a0<b>II<\/b>\u00a0S8, 343-348 (1999)<\/p>\n<p style=\"text-align: justify;\">Doseamento Electroqu\u00edmico de Herbicidas em Produtos Fitofarmac\u00eauticos Usados nas Culturas de Arroz<br \/>\nE.M. Garrido, J.L.F.C.Lima, C.M Delerue-Matos, A.M. Oliveira-Brett<br \/>\nLivro de Actas das Jornadas de Investiga\u00e7\u00e3o no Ensino Superior Polit\u00e9cnico\u00a0<b>II<\/b>\u00a0CA10, 223-228 (1999)<\/p>\n<p style=\"text-align: justify;\"><a name=\"1998\"><\/a><b>1998<\/b><br \/>\nVibrational Assignments of Cyclodextrins<br \/>\nA.M. Amado, P.J.A. Ribeiro-Claro<br \/>\nCarbohydrate Polymers\u00a0<b>34<\/b>, 431 (1998)<\/p>\n<p style=\"text-align: justify;\">Conformational Analysis of Biologically Relevant Diamines by Raman Spectroscopy and Ab Initio MO Calculations<br \/>\nL.A.E. Batista de Carvalho, M.P.M. Marques<br \/>\nA.M. Heyns (Ed.). XVI International Conference on Raman Spectroscopy. John Wiley &amp; Sons Ltd, Chichester, 232 (1998)<\/p>\n<p style=\"text-align: justify;\"><a name=\"1997\"><\/a><b>1997<\/b><br \/>\nStructural Rigidity vs. Structural Disorder in \u03b1-Cyclodextrin Inclusion Compounds: a Raman Spectroscopic Study<br \/>\nP.J.A. Ribeiro-Claro, A.M. Amado<br \/>\nSpectroscopy Biological Molecules: Modern Trends, 269-270 (1997)<\/p>\n<p style=\"text-align: justify;\">Concep\u00e7\u00f5es Epistemol\u00f3gicas e de Bom Professor de Ci\u00eancias<br \/>\nM.A. Pedrosa, M.H. Dias, I.S. Rebelo, J.Veiga<br \/>\nDepartamento de Metodologias da Educa\u00e7\u00e3o (Ed.). Did\u00e1cticas\/Metodologias da Educa\u00e7\u00e3o. Universidade do Minho, Braga, 931-950 (1997)<\/p>\n<p style=\"text-align: justify;\">Concep\u00e7\u00f5es relativas a Estados F\u00edsicos e Mudan\u00e7as de Estado Manifestadas por Estudantes dos Ensinos Secund\u00e1rio e Superior<br \/>\nM.A. Pedrosa, M.H. Dias, I.S. Rebelo, J. Veiga<br \/>\nDepartamento de Metodologias da Educa\u00e7\u00e3o (Ed.). Did\u00e1cticas\/Metodologias da Educa\u00e7\u00e3o. Universidade do Minho, Braga, 355-365 (1997)<\/p>\n<p style=\"text-align: justify;\">Promover a Qualidade de Ensinos- Aprendizagens: Aprendendo a Aprender Qu\u00edmica<br \/>\nM.H. Dias da Silva, M.A. Pedrosa, J. Veiga<br \/>\nDepartamento de Metodologias da Educa\u00e7\u00e3o (Ed.). Did\u00e1cticas\/Metodologias da Educa\u00e7\u00e3o. Universidade do Minho, Braga, 251-273 (1997)<\/p>\n<p style=\"text-align: justify;\">Conformational Analysis of Glycine and its Sulphur Tautomers by Ab Initio MO Methods<br \/>\nL.A.E. Batista de Carvalho, M.P.M. Marques, J.J.C. Teixeira-Dias<br \/>\nP. Carmona, R. Navarro, A. Hernanz (Eds.), Spectroscopy of Biological Molecules: Modern Trends, Kluwer Academic Publishers, Dordrecht, Holanda, 547 (1997)<\/p>\n<p style=\"text-align: justify;\">Conformational Analysis of Piperazine by Vibrational Spectroscopy and Ab Initio Calculations<br \/>\nM.P.M. Marques, L.A.E. Batista de Carvalho<br \/>\nP. Carmona, R. Navarro, A. Hernanz (Eds.), Spectroscopy of Biological Molecules: Modern Trends, Kluwer Academic Publishers, Dordrecht, Holanda, 549 (1997)<\/p>\n<p style=\"text-align: justify;\">Determina\u00e7\u00e3o de Chumbo em Vinhos por Espectrofotometria de Absor\u00e7\u00e3o At\u00f3mica com Chama ap\u00f3s Pr\u00e9-concentra\u00e7\u00e3o em Linha por FIA<br \/>\nJ.M.P.J. Garrido, R.A.S. Lapa, J.L.F.C. Lima, C.D. Matos<br \/>\nLivro de Actas do 3\u00ba Encontro de Qu\u00edmica de Alimentos, 276-278 (1997)<\/p>\n<p style=\"text-align: justify;\"><a name=\"1996\"><\/a><b>1996<\/b><br \/>\nLavoisier em Portugal nos anos da Revolu\u00e7\u00e3o Francesa<br \/>\nA.M. Amorim da Costa<br \/>\nSemin\u00e1rio sobre Lavoisier. Centro de Estudos de Hist\u00f3ria e Filosofia da Ci\u00eancia, Universidade de \u00c9vora, 119-137 (1996)<\/p>\n<p style=\"text-align: justify;\"><a name=\"1995\"><\/a><b>1995<\/b><br \/>\nEstrat\u00e9gias Metacognitivas na Forma\u00e7\u00e3o Inicial de Professores: um Estudo de Caso<br \/>\nI. Rebelo, M.A. Pedrosa, J. Veiga<br \/>\nEscola Superior de Educa\u00e7\u00e3o de Portalegre (Ed.). Educa\u00e7\u00e3o em Ci\u00eancias da Natureza \u2013 Actas do V Encontro Nacional de Docentes, 79-92 (1995)<\/p>\n<p style=\"text-align: justify;\"><a name=\"1994\"><\/a><b>1994<\/b><br \/>\nConformational Studies of meta-Substituted Styrene Compounds Included in Cyclodextrins<br \/>\nP.J.A. Ribeiro-Claro, A.M. Amado, A.M. Moreira da Silva, J.J.C. Teixeira-Dias<br \/>\nN.T. Yu e X.Y. Li (Eds). XIV International Conference on Raman Spectroscopy. John Wiley &amp; Sons Ltd, Chichester, 954-955 (1994)<\/p>\n<p style=\"text-align: justify;\">Structural Study of Some Even Chain Length Lead(II) \u03b1,\u03c9-Dicarboxylates<br \/>\nL.A.E. Batista de Carvalho, H.D. Burrows, A.M. Amorim da Costa, J.J.C. Teixeira-Dias<br \/>\nN.T. Yu e X.Y. Li (Eds). XIV International Conference on Raman Spectroscopy. John Wiley &amp; Sons Ltd, Chichester, 704-705 (1994)<\/p>\n<p style=\"text-align: justify;\">H-Bond Effects in Formamide\/\u03b3-cyclodextrin Solutions as Studied by Raman Spectroscopy<br \/>\nA.M. Amorim da Costa<br \/>\nN.T. Yu e X.Y. Li (Eds). XIV International Conference on Raman Spectroscopy. John Wiley &amp; Sons Ltd, Chichester, 325-327 (1994)<\/p>\n<p style=\"text-align: justify;\"><a name=\"1991\"><\/a><b>1991<\/b><br \/>\nConformational Study of Myosin by Raman Spectroscopy and Molecular Mechanics Calculations<br \/>\nP.J.A. Ribeiro-Claro, J.J.C. Teixeira-Dias, E.M.V. Pires, L.A.E. Batista de Carvalho, M. Aureliano, A.M. Amado<br \/>\nSpectroscopy Biological Molecules, Special Publications \u2013 Royal Society of Chemistry 31-32 (1991)<\/p>\n<p style=\"text-align: justify;\">Estrat\u00e9gias de Resolu\u00e7\u00e3o de Problemas e Situa\u00e7\u00e3o de Exame Oral<br \/>\nM.A. Pedrosa<br \/>\nMaria Elisa Pestana, Mariana P. Pereira (Eds.). Actas do Col\u00f3quio Qu\u00edmica, encruzilhada de disciplinas &#8211; Ensino Superior de Qu\u00edmica em L\u00ednguas Internacionais de Origem Latina, Sociedade Portuguesa de Qu\u00edmica\u00a0<b>1<\/b>\u00a0(1991)<\/p>\n<p>A Vibrational Raman Spectroscopic Study of Myosin and Myosin-Vanadate Interactions<br \/>\nJ.J.C. Teixeira-Dias, E.M.V. Pires, P.J.A. Ribeiro-Claro, L.A.E. Batista de Carvalho, M. Aureliano, A.M. Amado<br \/>\n&#8220;Cellular Regulation by Protein Phosphorylation&#8221;, Livro de Comunica\u00e7\u00f5es, NATO ASI S\u00e9ries, Springer-Verlag, Heidelberg, 29-33 (1991)<\/p>\n<p style=\"text-align: justify;\"><a name=\"1990\"><\/a><b>1990<\/b><br \/>\nScientific Instruments and Apparatus<br \/>\nA.M. Amorim da Costa<br \/>\nProccedings Conference on Physical Sciences in the XVIII.th Century. Museu de F\u00edsica, Universidade de Coimbra, Coimbra, 175-184 (1990)<\/p>\n<p style=\"text-align: justify;\"><a name=\"1989\"><\/a><b>1989<\/b><br \/>\nCompara\u00e7\u00e3o de Resultados de Avalia\u00e7\u00e3o Oral e Escrita em Qu\u00edmica com Estudantes Universit\u00e1rios Portugueses do 4\u00ba ano &#8211; Concep\u00e7\u00f5es Err\u00f3neas Reveladas pelo Teste<br \/>\nM.A. Pedrosa<br \/>\nMariana P. Pereira (Ed.), Actas do Simp\u00f3sio Forma\u00e7\u00e3o de Professores de Qu\u00edmica\/Ci\u00eancias &#8211; Desafios para um Mundo em Mudan\u00e7a, SPQ (1989)<\/p>\n<p style=\"text-align: justify;\"><a name=\"1988\"><\/a><b>1988<\/b><br \/>\nTemperature-Dependent Intensities of Raman Bands of n-Propylamine-N-d<sub>2<\/sub><br \/>\nL.A.E. Batista de Carvalho, A.M. Amorim da Costa, M.L. Duarte, J.J.C. Teixeira-Dias<br \/>\nR.J.H. Clark e D.A. Long (Eds.). XI International Conference on Raman Spectroscopy. John Wiley &amp; Sons Ltd, Chichester, 897-898 (1988)<\/p>\n<p style=\"text-align: justify;\">Hydrophobic Interactions and Raman Isotropic Broadening in 1,4-Dioxane Water Mixtures<br \/>\nA.M. Amorim da Costa, H.I. Seguro Nogueira<br \/>\nR.J.H. Clark e D.A. Long (Eds.). XI International Conference on Raman Spectroscopy. John Wiley &amp; Sons Ltd, Chichester, 813-814 (1988)<\/p>\n<p style=\"text-align: justify;\"><a name=\"1987\"><\/a><b>1987<\/b><br \/>\nVibrational Dephasing in Liquid 1,4-Dioxane<br \/>\nM.F.R.M. Ferreira Marques, A.M. Amorim da Costa<br \/>\nJournal of the Chemistry Society, Faraday Transactions 2\u00a0<b>83<\/b>, 647-653 (1987)<\/p>\n<p style=\"text-align: justify;\">Reorientational Relaxation in Liquid 1,4-Dioxane as Studied by Raman Spectroscopy<br \/>\nM.F.R.M. Ferreira Marques, A.M. Amorim da Costa<br \/>\nJournal of Raman Spectroscopy\u00a0<b>18<\/b>, 457-460 (1987)<\/p>\n<p style=\"text-align: justify;\"><a name=\"1986\"><\/a><b>1986<\/b><br \/>\nConformational Order in Lead (II) Carboxylates from Skeletal Optical and Longitudinal Acoustic Raman Modes<br \/>\nA.M. Amorim da Costa<br \/>\nW. L. Peticolas and B. Hudson (Eds.). X International Conference on Raman Spectroscopy. Eugene, Oregon, U.S.A., 11.53-11.54 (1986)<\/p>\n<p style=\"text-align: justify;\"><a name=\"1982\"><\/a><b>1982<\/b><br \/>\nConformation Dependent Features on Raman Spectra of Perfluorodecanoic Acid and its Lithium, Sodium and Ammonium Salts<br \/>\nA.M. Amorim da Costa, E.B.H. Santos<br \/>\nJ. Lascombe and P. V. Huong (Ed.). Raman Spectroscopy: Linear and non-linear. John Wiley &amp; Sons, Chichester, 655-656 (1982)<\/p>\n<p style=\"text-align: justify;\"><a name=\"1980\"><\/a><b>1980<\/b><br \/>\nC-H Raman Stretching Modes of CTAB in Water and Chloroform Solutions<br \/>\nA.M. Amorim da Costa, C.F.G.C. Geraldes, J.J.C. Teixeira-Dias<br \/>\nVII International Conference on Raman Spectroscopy, Ottawa, 262-263 (1980)<\/p>\n<p style=\"text-align: justify;\"><a name=\"1975\"><\/a><b>1975<\/b><br \/>\nLight Scattering Studies of Molecular Motion in dl-Camphene<br \/>\nM.J. Bird, A.M. Amorim da Costa, G.J. Hills<br \/>\nM. Balkanski (Ed.). Third International Conference on Light Scattering in Solids. Flammarion, Paris, 727-731 (1975)<\/p>\n","protected":false},"excerpt":{"rendered":"<p>2019 | 2007 | 2005 | 2004 | 2003 | 2002 | 2001 | 2000 | 1999 | 1998 | 1997 | 1996 | 1995 | 1994 | 1991 | 1990 | 1989 | 1988 | 1987 | 1986 | 1982 | 1980 | 1975 2019 Determination of preferred conformations of mefenamic acid in DMSO [&hellip;]<\/p>\n","protected":false},"author":1,"featured_media":0,"parent":0,"menu_order":0,"comment_status":"closed","ping_status":"closed","template":"","meta":{"footnotes":""},"class_list":["post-836","page","type-page","status-publish","hentry"],"_links":{"self":[{"href":"https:\/\/qfm.uc.pt\/index.html\/wp-json\/wp\/v2\/pages\/836","targetHints":{"allow":["GET"]}}],"collection":[{"href":"https:\/\/qfm.uc.pt\/index.html\/wp-json\/wp\/v2\/pages"}],"about":[{"href":"https:\/\/qfm.uc.pt\/index.html\/wp-json\/wp\/v2\/types\/page"}],"author":[{"embeddable":true,"href":"https:\/\/qfm.uc.pt\/index.html\/wp-json\/wp\/v2\/users\/1"}],"replies":[{"embeddable":true,"href":"https:\/\/qfm.uc.pt\/index.html\/wp-json\/wp\/v2\/comments?post=836"}],"version-history":[{"count":1,"href":"https:\/\/qfm.uc.pt\/index.html\/wp-json\/wp\/v2\/pages\/836\/revisions"}],"predecessor-version":[{"id":4368,"href":"https:\/\/qfm.uc.pt\/index.html\/wp-json\/wp\/v2\/pages\/836\/revisions\/4368"}],"wp:attachment":[{"href":"https:\/\/qfm.uc.pt\/index.html\/wp-json\/wp\/v2\/media?parent=836"}],"curies":[{"name":"wp","href":"https:\/\/api.w.org\/{rel}","templated":true}]}}