{"id":844,"date":"2017-08-31T11:30:35","date_gmt":"2017-08-31T11:30:35","guid":{"rendered":"http:\/\/qfm.uc.pt\/?page_id=844"},"modified":"2017-08-31T11:30:35","modified_gmt":"2017-08-31T11:30:35","slug":"books","status":"publish","type":"page","link":"https:\/\/qfm.uc.pt\/index.html\/language\/en\/books\/","title":{"rendered":"Books"},"content":{"rendered":"<p>Crian\u00e7as com Necessidades Educativas Especiais \u2013 Ideias sobre Conceitos de Ci\u00eancias<br \/>\nM. L. Veiga, H. Dias, A. Lopes, N. Silva<br \/>\nPl\u00e1tano Edi\u00e7\u00f5es T\u00e9cnicas, Lisboa, 2004<\/p>\n<p>Alquimia, Um discurso Religioso<br \/>\nA.M. Amorim da Costa<br \/>\nVega (Ed.), Colec\u00e7\u00e3o Janus, Lisboa, 1999<\/p>\n<p>\u00c1gua &#8230; Que Subst\u00e2ncia t\u00e3o Especial!. (Water\u2026What a Special Substance!)<br \/>\nM.A. Pedrosa, M.H Dias, J.M. Lopes, M.P Santos<br \/>\nUniversidade de Aveiro (Ed.), Setembro, 1997<\/p>\n<p>Casos de Acaso em Ci\u00eancia<br \/>\nVictor M.S. Gil, A. Amorim da Costa e M. Helena Caldeira<br \/>\nEditores Gradiva, Junior, Lisboa, 1996<\/p>\n<p>Problemas da Filosofia Qu\u00edmica Contempor\u00e2nea<br \/>\nA.M. Amorim da Costa<br \/>\nCoimbra Editora, 1988<\/p>\n<p>Introdu\u00e7\u00e3o \u00e0 Hist\u00f3ria e Filosofia das Ci\u00eancias<br \/>\nA.M. Amorim da Costa<br \/>\nPublica\u00e7\u00f5es Europa-Am\u00e9rica, Colec\u00e7\u00e3o Saber, n.o 189, Lisboa, 1\u00aa edi\u00e7\u00e3o (1986), 2\u00aa edi\u00e7\u00e3o (2002)<\/p>\n<p>Os Prim\u00f3rdios da Ci\u00eancia Qu\u00edmica em Portugal<br \/>\nA.M. Amorim da Costa<br \/>\nInstituto de Cultura e L\u00edngua Portuguesa, Colec\u00e7\u00e3o Biblioteca Breve, Lisboa, n\u00ba 92, 1984<\/p>\n<hr \/>\n<h2>Book Chapters<\/h2>\n<p><a href=\"#2022\">2022<\/a> | <a href=\"#2021\">2021<\/a> | <a href=\"#2020\">2020<\/a> | <a href=\"#2019\">2019<\/a> | <a href=\"#2017\">2017<\/a> | <a href=\"#2009\">2009<\/a> | <a href=\"#2008\">2008<\/a> | <a href=\"#2007\">2007<\/a> | <a href=\"#2005\">2005<\/a> | <a href=\"#2004\">2004<\/a> | <a href=\"#2002\">2002<\/a> | <a href=\"#2001\">2001<\/a> | <a href=\"#2000\">2000<\/a> | <a href=\"#1998\">1998<\/a> | <a href=\"#1997\">1997<\/a> | <a href=\"#1996\">1996<\/a> | <a href=\"#1995\">1995<\/a> | <a href=\"#1993\">1993<\/a> | <a href=\"#1992\">1992<\/a> | <a href=\"#1991\">1991<\/a> | <a href=\"#1988\">1988<\/a> | <a href=\"#1986\">1986<\/a> | <a href=\"#1980\">1980<\/a><\/p>\n<p><a name=\"2022\"><\/a><b>2022<\/b><br \/>\nDrying of aromatic plants: processes and effect on final quality<br \/>\nA. Moreira da Silva, M.J. Barroca, S.G. Floren\u00e7a, E. Bartkiene, D. Castel\u00e3o, R.P.F. Guin\u00e9<br \/>\nIn Taylor JC (Ed.), Advances in Chemistry Research (volume 76). Chapter 3, pp.75-108, Nova Science Publishers, Inc., New York (2022)<\/p>\n<p><a name=\"2021\"><\/a><b>2021<\/b><br \/>\nEffect of processing operations on the properties of blueberries<br \/>\nR. Guin\u00e9, P. Correia, S.G. Floren\u00e7a, M.J. Barroca<br \/>\nIn Williams LM (Ed.), Blueberries: nutrition, consumption and health. Chapter 4, pp. 199-228, Nova Science Publishers, Inc., New York (2021)<\/p>\n<p><a name=\"2020\"><\/a><b>2020<\/b><br \/>\nApplication of artificial neural networks (ANNS) modelling in drying technology of food products: a comprehensive survey<br \/>\nR. Guin\u00e9, I. Golpour, M.J. Barroca, M. Kaveh<br \/>\nIn Skaar S (Ed.), A Comprehensive Guide to Neural Network Modeling. Chapter 1, pp. 1-56, Nova Science Publishers, Inc., USA (2020)<\/p>\n<p>From folklore to the nutraceutical world: the Corema album potential<br \/>\nM.J. Barroca, A. Moreira da Silva<br \/>\nIn Galanakis C (Ed.), Gastronomy and Food Science. Chapter 7, pp 119-134, Elsevier (2020)<\/p>\n<p>Propriedades antioxidante e anticancer\u00edgena da planta hal\u00f3fita Salicornia ramosissima J. Woods.<br \/>\nJ.R. Dias, A. Moreira da Silva, M. J. Barroca<br \/>\nIn: Henriques M, Pereira C, Gon\u00e7alves S (Eds.), Investiga\u00e7\u00e3o Aplicada no Ensino Superior Polit\u00e9cnico. Colet\u00e2nea de estudos. Cap\u00edtulo 4, pp. 81-100, CINEP\/IPC (2020)<\/p>\n<p>O Projeto SoSValor &#8211; Solu\u00e7\u00f5es Sustent\u00e1veis para a valoriza\u00e7\u00e3o de produtos naturais e res\u00edduos industriais de origem vegetal<br \/>\nM. Henriques, A. R. Borges, A. Moreira da Silva, A. Veloso, C. Galhano, C. Pintado, F. Delgado, F. Ferreira, I. Seabra, I. Rodrigues, J. Noronha, L. Castro, L. Paulo, M. Goul\u00e3o, M.J. Barroca, M.J. Moreira, M.N. Pinheiro, S. Santos, S. Dias<br \/>\nIn: Henriques M, Pereira C, Gon\u00e7alves S (Eds.), Investiga\u00e7\u00e3o Aplicada no Ensino Superior Polit\u00e9cnico. Colet\u00e2nea de estudos. Cap\u00edtulo 3, pp. 57-80, CINEP\/IPC (2020)<\/p>\n<p><a name=\"2019\"><\/a><b>2019<\/b><br \/>\nDried coriander: processing and properties<br \/>\nR.P.F. Guin\u00e9, S.G. Floren\u00e7a, M.J. Barroca<br \/>\nIn: Semwal DK (Ed.), Coriander &#8211; Dietary Sources, Properties and Health Benefits. Chapter 2, pp. 37-62, Nova Science Publishers, Inc., USA (2019)<\/p>\n<p><a name=\"2017\"><\/a><b>2017<\/b><br \/>\nDrying kinetics in solar drying<br \/>\nR.P.F. Guin\u00e9, M.J. Barroca<br \/>\nIn: Prakash O, Kumar A (Eds.), Solar Drying Technology: Concept, Design, Testing, Modeling, Economics, and the Environment, Chapter 10, pp. 317-355, Springer, Singapura (2017)<\/p>\n<p><a href=\"https:\/\/www.researchgate.net\/publication\/320622285_IDENTIFYING_IRON-RICH_RAW_MATERIAL_SOURCES_WITH_A_MULTITECHNIQUE_APPROACH_SOME_ANALYTICAL_PROBLEMS_DETECTED_IN_THE_CASE_STUDY_OF_A_PREHISTORIC_MINE-CAVE_FROM_SOUTHERN_ITALY\">Identifying Iron-Rich Raw Material Sources with a Multi-Technique Approach: some Analytical Problems Detected in the Case Study of a Prehistoric Mine-cave From Southern Italy<\/a><br \/>\nL.A. Dimuccio, A.M. Amado, L.A.E. Batista de Carvalho, F. Larocca, N. Rodrigues<br \/>\nT. Pereira, X. Terradas, N. Bicho (Eds.), In \u201cThe Exploitation of Raw materials in Prehistory: sourcing, processing and distribution\u201d , Cambridge Scholars Publishing, cap. 5, 62-76 (2017)<\/p>\n<p><a href=\"https:\/\/estudogeral.uc.pt\/bitstream\/10316\/45071\/1\/BioqBemEstar_UA_16.pdf\">Metabol\u00f3mica e Complexos Met\u00e1licos: Aliados no Combate ao Cancro?<\/a><br \/>\nA.S. Martins, M.P.M. Marques, A.M. Gil<br \/>\nM.A. Coimbra (Ed.), In \u201cBioqu\u00edmica e Bem-Estar\u201d, Universidade de Aveiro \u2013 Edi\u00e7\u00f5es Afrontamento, 77-88 (2017)<\/p>\n<p><a name=\"2009\"><\/a><b>2009<\/b><br \/>\nRaman Microspectroscopy: Applications in Life Sciences<br \/>\nM.P.M. Marques, L.A.E. Batista de Carvalho<br \/>\nC. Diniz (Ed.), In \u201cImage Analysis in Life Sciences\u201d, Research Signpost, 55-97 (2009)<\/p>\n<p><a name=\"2008\"><\/a><b>2008<\/b><br \/>\nMolecular PhysicoChemistry \u2013 A Tool for the Rational Development of New Antioxidants<br \/>\nR. Calheiros, A. Gaspar, M.P.M. Marques, F. Borges<br \/>\nG.P. Anastasi, A. Saija, M.I. Gonz\u00e1lez Roncero, M. Torres Aguilar, H.H. Newsome, R. Skunda (Eds.), In \u201cNew Strides in Biotechnology\u201d, CIMS Conference Proceedings, 79-86 (2008)<\/p>\n<p><a name=\"2007\"><\/a><b>2007<\/b><br \/>\nVibrational Spectroscopy Studies on Biologically Relevant Molecules. From Anticancer Agents to Drugs of Abuse<br \/>\nM.P.M. Marques, F. Borges, A.M. Amorim da Costa, L.A.E. Batista de Carvalho<br \/>\nK. Kneip, R. Aroca, H. Kneipp, E. Wentrup-Byrne (Eds.),\u00a0 In &#8220;New Approaches in Biomedical Spectroscopy&#8221; , ACS Symposium, s\u00e9rie 963, cap.21 (2007)<\/p>\n<p><a name=\"2005\"><\/a><b>2005<\/b><br \/>\nNo mundo dos Fluidos: o Gas, o Blas e o magnal da Qu\u00edmica de J. B. Van-Helmont (1579-1644)<br \/>\nA.M. Amorim da Costa<br \/>\nM.S. Machado, A.M. Amorim da Costa, A.M.C. Ara\u00fajo de Brito, A. Macedo,\u00a0<i>A Palavra Perdida<\/i>, Apenas Livros, Lda, Colec\u00e7\u00e3o L\u00e1pis de Carv\u00e3o, Lisboa, n\u00ba 1, 1126 (2005)<\/p>\n<p><a name=\"2004\"><\/a><b>2004<\/b><br \/>\nEnvironmental Education and Citizenship &#8211; Challenges for Scientific Communities and Science Teachers<br \/>\nM.A. Pedrosa<br \/>\nUlisses Azeitiero, Fernando Gon\u00e7alves, Walter Leal Filho, Fernando Morgado, M\u00e1rio Pereira (Eds.).\u00a0<i>World Trends in Environmental Education.<\/i>\u00a0Frankfurt am Main, Peter Lang, 175-194 (2004)<\/p>\n<p><a name=\"2002\"><\/a><b>2002<\/b><br \/>\nA G\u00e9nese das Subst\u00e2ncias Minerais e o Essencialismo em Ci\u00eancia<br \/>\nA.M. Amorim da Costa<br \/>\nHugin (Ed.).\u00a0<i>Discursos e Pr\u00e1ticas Alqu\u00edmicas II<\/i>. Lisboa, 119-134 (2002)<\/p>\n<p>Chemical Science and Education in the University of Coimbra (Portugal) from the Thirties to the Fifties of the Twentieth Century<br \/>\nA. M. Amorim da Costa<br \/>\nPublications Brepols, M. Bougard (Ed.).\u00a0<i>Alchemy, Chemistry and Pharmacy<\/i>. Turnhout, Belgium, 169-176 (2002)<\/p>\n<p>Linguagens de Ci\u00eancias e dos Cidad\u00e3os \u2013 Desafios a Professores de Ci\u00eancias<br \/>\nM.A. Pedrosa<br \/>\nENCIGA (Ed.). XV Congreso de ENCIGA (Associaci\u00f3n dos Ensinantes de Ciencias de Galicia), 155-163 (2002)<\/p>\n<p>Exposi\u00e7\u00f5es Escolares e Comunica\u00e7\u00e3o P\u00fablica de Ciencias<br \/>\nM.H. Henriques, M. A. Pedrosa<br \/>\n<i>La Ciencia ante el Publico &#8211; Cultura humanista y desarrollo cient\u00edfico-tecnol\u00f3gico.<\/i>\u00a0Secci\u00f3n III, Lenguaje, Comunicaci\u00f3n y Divulgaci\u00f3n de la Ciencia y la Tecnologia, Instituto Universitario de Estudios de la Ciencia y la Tecnolog\u00eda, Salamanca, (edi\u00e7\u00e3o em CD-ROM \u2013 ISBN: 84-688-2676-6), 295-308 (2003)<\/p>\n<p><a name=\"2001\"><\/a><b>2001<\/b><\/p>\n<p>As Ci\u00eancias Naturais na Reforma Pombalina da Universidade &#8211; \u00abEstudo de Rapazes, n\u00e3o Ostenta\u00e7\u00e3o de Pr\u00edncipes<br \/>\nA.M. Amorim da Costa<br \/>\nImprensa da Universidade de Coimbra.\u00a0<i>O Marqu\u00eas de Pombal e a Universidade<\/i>. Coimbra, 165-190 (2000); C\u00e2mara Municipal de Oeiras (Ed.). Actas do Col\u00f3quio\u00a0<i>O S\u00e9culo XVIII e o Marqu\u00eas de Pombal<\/i>. Oeiras, 305-322 (2001)<\/p>\n<p>La Integraci\u00f3n de CTS en el Sistema Educativo Portugues<br \/>\nM.A. Pedrosa, I.P. Martins<br \/>\nP. Membiela (Ed.).\u00a0<i>La Ense\u00f1anza de las Ciencias desde la Perspectiva Ciencia-Tecnolog\u00eda-Sociedad: Formaci\u00f3n Cient\u00edfica para la Ciudadan\u00eda<\/i>. Madrid, Narcea S. A. de ediciones, 107-119 (2001)<\/p>\n<p>Educar em Escolas Abertas ao Mundo \u2013 Que cultura e que Condi\u00e7\u00f5es de Exerc\u00edcio da Cidadania<br \/>\nM.A. Pedrosa, A. Mateus<br \/>\nMinist\u00e9rio da Educa\u00e7\u00e3o (Ed)<i>. (Re)Pensar o Ensino das Ci\u00eancias \u2013 Ensino Experimental das Ci\u00eancias<\/i>. Departamento do Ensino Secund\u00e1rio, Lisboa, 141-154 (2001)<\/p>\n<p>Mudan\u00e7as de Pr\u00e1ticas de Estrutura Molecular versus Educa\u00e7\u00e3o, Hist\u00f3ria &amp; Filosofia\/Ci\u00eancias \u2013 Uma Reflex\u00e3o Epistemol\u00f3gica<br \/>\nM.A. Pedrosa<br \/>\nMinist\u00e9rio da Educa\u00e7\u00e3o (Ed)<i>. (Re)Pensar o Ensino das Ci\u00eancias \u2013 Ensino Experimental das Ci\u00eancias<\/i>. Departamento do Ensino Secund\u00e1rio, Lisboa, 34-50 (2001)<\/p>\n<p>Ensino das Ci\u00eancias e Trabalhos Pr\u00e1ticos \u2013 (Re)Conceptualizar\u2026<br \/>\nM.A. Pedrosa<br \/>\nMinist\u00e9rio da Educa\u00e7\u00e3o (Ed)<i>. (Re)Pensar o Ensino das Ci\u00eancias \u2013 Ensino Experimental das Ci\u00eancias.<\/i>Departamento do Ensino Secund\u00e1rio, Lisboa, 19- 33 (2001)<\/p>\n<p><a name=\"2000\"><\/a><b>2000<\/b><br \/>\nConformational Studies on Biogenic Polyamines<br \/>\nM.P.M. Marques, L.A.E. Batista de Carvalho, J. Tomkinson<br \/>\nThe Rutherford Appleton Laboratory, ISIS Facility Annual Report (1999-2000)<\/p>\n<p>Theoretical Approach to the Conformational Preferences of Putrescine<br \/>\nM.P.M. Marques, L.A.E. Batista de Carvalho<br \/>\nD.M.L. Morgan, A. White, F. S\u00e1nchez-Jim\u00e9nez and S. Bardocz (Eds.).\u00a0<i>COST 917: Biogenically Active Amines in Food<\/i>. European Commission, Luxembourg, vol. IV, 122-129 (2000)<\/p>\n<p>Trabalho Pr\u00e1tico e Experimental no Estrutura Molecular versus Educa\u00e7\u00e3o, Hist\u00f3ria &amp; Filosofia\/Ci\u00eancias: Pontos de vista dos professores-formandos antes do Programa<br \/>\nM.A. Pedrosa, L. Dourado<br \/>\nMinist\u00e9rio da Educa\u00e7\u00e3o (Ed)<i>. Concep\u00e7\u00e3o e Concretiza\u00e7\u00e3o das Ac\u00e7\u00f5es de Forma\u00e7\u00e3o I \u2013 Ensino Experimental das Ci\u00eancias<\/i>. Departamento do Ensino Secund\u00e1rio, Lisboa, 57-83, (2000)<\/p>\n<p>Perspectivas Subjacentes ao \u201cPrograma de Forma\u00e7\u00e3o no Ensino Experimental das Ci\u00eancias<br \/>\nM.A. Pedrosa, A. Mateus<br \/>\nMinist\u00e9rio da Educa\u00e7\u00e3o (Ed).\u00a0<i>Concep\u00e7\u00e3o e Concretiza\u00e7\u00e3o das Ac\u00e7\u00f5es de Forma\u00e7\u00e3o I \u2013 Ensino Experimental das Ci\u00eancias<\/i>. Departamento do Ensino Secund\u00e1rio, Lisboa, 35-48 (2000)<\/p>\n<p>Planifica\u00e7\u00e3o de Actividades Pr\u00e1ticas de Ci\u00eancias e Estrutura\u00e7\u00e3o Conceptual<br \/>\nM.A. Pedrosa<br \/>\nMinist\u00e9rio da Educa\u00e7\u00e3o (Ed)<i>. Materiais Did\u00e1cticos I \u2013 Ensino Experimental das Ci\u00eancias<\/i>. Departamento do Ensino Secund\u00e1rio, Lisboa, 19-42 (2000)<\/p>\n<p><a name=\"1998\"><\/a><b>1998<\/b><br \/>\nChemistry and the Scientific development of the Country &#8211; The XIXth Century in Portugal<br \/>\nA.M. Amorim da Costa<br \/>\nD. Knight &amp; H. Kragh (Ed.).\u00a0<i>The Making of Chemistry &#8211; The Social History of Chemistry in Europe 1789-1914<\/i>. Cambridge University Press, Cambridge, vol. 15, 265-287 (1998)<\/p>\n<p>O Laborat\u00f3rio Chimico da Universidade de Coimbra no s\u00e9culo Dezanove<br \/>\nA.M. Amorim da Costa<br \/>\nLivraria Escolar, Ana L Janeira, M. Estela Guedes e R. Gon\u00e7alves (Eds.).\u00a0<i>Div\u00f3rcio entre Cabe\u00e7a e M\u00e3os? Laborat\u00f3rios de Qu\u00edmica em Portugal (1772-1955).<\/i>\u00a0Lisboa, 109-118 (1998)<\/p>\n<p><a name=\"1997\"><\/a><b>1997<\/b><br \/>\nCompara\u00e7\u00e3o das Classifica\u00e7\u00f5es da Aprendizagem de Ci\u00eancias da Natureza e Matem\u00e1tica Atribu\u00eddas em Provas Escritas com as Atribu\u00eddas em Provas Orais<br \/>\nM.A. Pedrosa, J. Veiga, E. Pestana, M. Pereira<br \/>\nInstituto de Inova\u00e7\u00e3o Educacional (Ed.). Ensino das Ci\u00eancias, Minist\u00e9rio da Educa\u00e7\u00e3o, 181-198 (1997)<\/p>\n<p>A Comunica\u00e7\u00e3o n\u00e3o Verbal Influenciar\u00e1 as Classifica\u00e7\u00f5es da Aprendizagem de Ci\u00eancias da Natureza e Matem\u00e1tica Atribu\u00eddas em Provas Orais?<br \/>\nM.A. Pedrosa, J.Veiga, E. Pestana, M. Pereira<br \/>\nInstituto de Inova\u00e7\u00e3o Educacional (Ed.). Ensino das Ci\u00eancias. Minist\u00e9rio da Educa\u00e7\u00e3o, 165-179 (1997)<\/p>\n<p><a name=\"1996\"><\/a><b>1996<\/b><br \/>\nO Mundo Epistemol\u00f3gico de Ropicapneufma (1532) de Jo\u00e3o de Barros<br \/>\nA.M. Amorim da Costa<br \/>\nAna Maria Alfonso Godfarb e Carlos A. Maia (Ed.).\u00a0<i>Hist\u00f3ria da Ci\u00eancia: o Mapa do Conhecimento.<\/i>\u00a0EDUSP, 217-235 (1996)<\/p>\n<p><a name=\"1995\"><\/a><b>1995<\/b><br \/>\nLavoisier \u00b4s Chemical Nomenclature in Portugal<br \/>\nA.M. Amorim da Costa<br \/>\n<i>Lavoisier in European Context<\/i>. Watson Publications Int., New York, 155-171 (1995)<\/p>\n<p><a name=\"1993\"><\/a><b>1993<\/b><br \/>\nO Professor Domingos Vandelli e o Desenvolvimento da Cer\u00e2mica Coimbr\u00e3 nos Finais do S\u00e9culo XVIII<br \/>\nA.M. Amorim da Costa<br \/>\nActas Col\u00f3quio\u00a0<i>Universidade e a Arte<\/i>. Faculdade de Letras da Universidade de Coimbra, Coimbra, 277-294 (1993)<\/p>\n<p><a name=\"1992\"><\/a><b>1992<\/b><br \/>\nAlquimia em Portugal &#8211; o Rei Alphonso<br \/>\nA.M. Amorim da Costa<br \/>\nSociedade Portuguesa de Qu\u00edmica (Ed.).\u00a0<i>Qu\u00edmica e Sociedade<\/i>. Lisboa, vol. 2,154-184 (1992)<\/p>\n<p>Introduccion de la Quimica de Lavoisier en Portugal<br \/>\nA.M. Amorim da Costa<br \/>\nPatricia Aceves Pastrana (Ed.).<i>\u00a0La Quimica en Europa y America (Siglos XVIII y XIX): Estudios de Historia Social de las Ciencias Quimicas y Biologicas<\/i>. Universidade Aut\u00f3noma Metropolitana, Mexico, 41-67 (1992)<\/p>\n<p><a name=\"1991\"><\/a><b>1991<\/b><br \/>\nDa Natureza do Fogo e do Calor na Obra de Vicente Seabra (1764-1804)<br \/>\nA. M. Amorim da Costa<br \/>\n<i>Universidade(s), Hist\u00f3ria, Mem\u00f3ria, Perspectivasas<\/i>. Faculdade de Letras da Universidade de Coimbra, Coimbra, vol. 3, 137-151 (1991)<\/p>\n<p><a name=\"1988\"><\/a><b>1988<\/b><br \/>\nChemical Practice and Theory in Portugal in the Eighteenth Century<br \/>\nA. M. Amorim da Costa<br \/>\nWilliam R. Shea (Ed.).\u00a0<i>Revolutions in Science-Their Meaning and Relevance<\/i>. Science &amp; Hist. Publications, U.S. A., 239-265 (1988)<\/p>\n<p>Do Mist\u00e9rio e Significado do Cosmos na T\u00e1bua de Esmeralda<br \/>\nA.M. Amorim da Costa<br \/>\n<i>Problemas da Filosofia Qu\u00edmica Contempor\u00e2neaea<\/i>, Coimbra Editora, 41-80 (1988)<\/p>\n<p><a name=\"1986\"><\/a><b>1986<\/b><br \/>\nA Universidade de Coimbra na Vanguarda da Qu\u00edmica do Oxig\u00e9nio<\/p>\n<p><i>Hist\u00f3ria e Desenvolvimento da Ci\u00eancia em Portugal<\/i>. Publica\u00e7\u00f5es II Centen\u00e1rio da Academia de Ci\u00eancias de Lisboa, Lisboa, vol. I, 403-416 (1986)<\/p>\n<p>Thom\u00e9 Rodrigues Sobral ( 1759 &#8211; 1829 ) &#8211; A Qu\u00edmica ao servi\u00e7o da Comunidade<br \/>\nA.M. Amorim da Costa<br \/>\n<i>Hist\u00f3ria e Desenvolvimento da Ci\u00eancia em Portugal<\/i>. Publica\u00e7\u00f5es II Centen\u00e1rio da Academia de Ci\u00eancias de Lisboa, Lisboa, vol.I, 373-401 (1986)<\/p>\n<p>Domingos Vandelli ( 1730-1816 ) e a Cer\u00e2mica Portuguesa<br \/>\nA.M. Amorim da Costa<br \/>\n<i>Hist\u00f3ria e Desenvolvimento da Ci\u00eancia em Portugal<\/i>. Publica\u00e7\u00f5es II Centen\u00e1rio da Academia de Ci\u00eancias de Lisboa, Lisboa, vol. I, 353-371 (1986)<\/p>\n<p><a name=\"1980\"><\/a><b>1980<\/b><br \/>\nO Estado L\u00edquido<br \/>\nA.M. Amorim da Costa<br \/>\nSociedade Portuguesa de Qu\u00edmica (Ed.).\u00a0<i>Cadernos de Educa\u00e7\u00e3o em Qu\u00edmica<\/i>. Zona Centro, Coimbra,\u00a0<b>2<\/b>, 78 (1980)<\/p>\n","protected":false},"excerpt":{"rendered":"<p>Crian\u00e7as com Necessidades Educativas Especiais \u2013 Ideias sobre Conceitos de Ci\u00eancias M. L. Veiga, H. Dias, A. Lopes, N. Silva Pl\u00e1tano Edi\u00e7\u00f5es T\u00e9cnicas, Lisboa, 2004 Alquimia, Um discurso Religioso A.M. Amorim da Costa Vega (Ed.), Colec\u00e7\u00e3o Janus, Lisboa, 1999 \u00c1gua &#8230; Que Subst\u00e2ncia t\u00e3o Especial!. (Water\u2026What a Special Substance!) M.A. Pedrosa, M.H Dias, J.M. Lopes, [&hellip;]<\/p>\n","protected":false},"author":1,"featured_media":0,"parent":0,"menu_order":0,"comment_status":"closed","ping_status":"closed","template":"","meta":{"footnotes":""},"class_list":["post-844","page","type-page","status-publish","hentry"],"_links":{"self":[{"href":"https:\/\/qfm.uc.pt\/index.html\/wp-json\/wp\/v2\/pages\/844","targetHints":{"allow":["GET"]}}],"collection":[{"href":"https:\/\/qfm.uc.pt\/index.html\/wp-json\/wp\/v2\/pages"}],"about":[{"href":"https:\/\/qfm.uc.pt\/index.html\/wp-json\/wp\/v2\/types\/page"}],"author":[{"embeddable":true,"href":"https:\/\/qfm.uc.pt\/index.html\/wp-json\/wp\/v2\/users\/1"}],"replies":[{"embeddable":true,"href":"https:\/\/qfm.uc.pt\/index.html\/wp-json\/wp\/v2\/comments?post=844"}],"version-history":[{"count":0,"href":"https:\/\/qfm.uc.pt\/index.html\/wp-json\/wp\/v2\/pages\/844\/revisions"}],"wp:attachment":[{"href":"https:\/\/qfm.uc.pt\/index.html\/wp-json\/wp\/v2\/media?parent=844"}],"curies":[{"name":"wp","href":"https:\/\/api.w.org\/{rel}","templated":true}]}}